{"id":11478,"date":"2018-04-27T17:04:18","date_gmt":"2018-04-27T17:04:18","guid":{"rendered":"http:\/\/race01.wp\/resources\/informacion-requerida-por-paragrafo-4-del-articulo-364-5-del-estatuto-tributario\/"},"modified":"2023-05-17T12:03:27","modified_gmt":"2023-05-17T12:03:27","slug":"informacion-requerida-por-paragrafo-4-del-articulo-364-5-del-estatuto-tributario","status":"publish","type":"page","link":"https:\/\/raceandequality.org\/es\/informacion-requerida-por-paragrafo-4-del-articulo-364-5-del-estatuto-tributario\/","title":{"rendered":"Informaci\u00f3n requerida por par\u00e1grafo 4 del art\u00edculo 364-5 del Estatuto Tributario"},"content":{"rendered":"<div class=\"wpb-content-wrapper\">[vc_row][vc_column][vc_column_text]\r\n<div style=\"text-align: center;\">\r\n\r\n<strong>Corporaci\u00f3n Instituto Internacional sobre Raza, Igualdad y Derechos Humanos<\/strong>\r\n\r\n<strong>NIT 901070413-6<\/strong>\r\n\r\n&nbsp;\r\n\r\n<\/div>\r\n<div><\/div>\r\n<p style=\"text-align: left;\">De conformidad con el par\u00e1grafo 4 del art\u00edculo 364-5 del Estatuto Tributario, dejamos a disposici\u00f3n del p\u00fablico la informaci\u00f3n presentada en solicitud de la Corporaci\u00f3n Instituto Internacional sobre Raza, Igualdad y Derechos Humanos, para continuar en R\u00e9gimen Tributario Especial- RTE, para Entidades Sin \u00c1nimo de Lucro \u2013 ESAL, en Colombia.<\/p>\r\n<strong>Informaci\u00f3n Publica 2021 &#8211; 202<\/strong>\r\n\r\n\r\n\r\n<a href=\"https:\/\/raceandequality.org\/755\">Anuncio Publicaci\u00f3n Informaci\u00f3n 2021-2022<\/a>\r\n\r\n<a href=\"https:\/\/raceandequality.org\/756\">Acta de Constituci\u00f3n<\/a>\r\n\r\n<a href=\"https:\/\/raceandequality.org\/757\">Estatutos<\/a>\r\n\r\n<a href=\"https:\/\/raceandequality.org\/758\">Certificado de Existencia y Representaci\u00f3n Legal<\/a>\r\n\r\n<a href=\"https:\/\/raceandequality.org\/759\">Registro \u00danico Tributario (RUT)<\/a>\r\n\r\n<a href=\"https:\/\/raceandequality.org\/760\">Acta de Asamblea 2022<\/a>\r\n\r\n<a href=\"https:\/\/raceandequality.org\/761\">Informe de Gesti\u00f3n 2021<\/a>\r\n\r\n<a href=\"https:\/\/raceandequality.org\/762\">Estados Financieros 2021<\/a>\r\n\r\n<a href=\"https:\/\/raceandequality.org\/763\">Declaraci\u00f3n Renta 2021<\/a>\r\n\r\n<a href=\"https:\/\/raceandequality.org\/764\">Certificado Representante Legal Cumplimiento<\/a>\r\n\r\n<a href=\"https:\/\/raceandequality.org\/765\">Certificaci\u00f3n Ausencia de Delitos<\/a>\r\n\r\n<a href=\"https:\/\/raceandequality.org\/766\">Plan de Trabajo 2022-2023<\/a>\r\n\r\n<!-- \/wp:post-content -->[\/vc_column_text][\/vc_column][\/vc_row]<!-- \/wp:freeform --><\/div>","protected":false},"excerpt":{"rendered":"<p>[vc_row][vc_column][vc_column_text] Corporaci\u00f3n Instituto Internacional sobre Raza, Igualdad y Derechos Humanos NIT 901070413-6 &nbsp; De conformidad con el par\u00e1grafo 4 del art\u00edculo 364-5 del Estatuto Tributario, dejamos a disposici\u00f3n del p\u00fablico [&hellip;]<\/p>\n","protected":false},"author":15,"featured_media":11479,"parent":0,"menu_order":0,"comment_status":"open","ping_status":"open","template":"","meta":{"_acf_changed":false,"_uf_show_specific_survey":0,"_uf_disable_surveys":false,"footnotes":""},"class_list":["post-11478","page","type-page","status-publish","has-post-thumbnail","hentry"],"acf":[],"aioseo_notices":[],"_links":{"self":[{"href":"https:\/\/raceandequality.org\/es\/wp-json\/wp\/v2\/pages\/11478","targetHints":{"allow":["GET"]}}],"collection":[{"href":"https:\/\/raceandequality.org\/es\/wp-json\/wp\/v2\/pages"}],"about":[{"href":"https:\/\/raceandequality.org\/es\/wp-json\/wp\/v2\/types\/page"}],"author":[{"embeddable":true,"href":"https:\/\/raceandequality.org\/es\/wp-json\/wp\/v2\/users\/15"}],"replies":[{"embeddable":true,"href":"https:\/\/raceandequality.org\/es\/wp-json\/wp\/v2\/comments?post=11478"}],"version-history":[{"count":0,"href":"https:\/\/raceandequality.org\/es\/wp-json\/wp\/v2\/pages\/11478\/revisions"}],"wp:featuredmedia":[{"embeddable":true,"href":"https:\/\/raceandequality.org\/es\/wp-json\/wp\/v2\/media\/11479"}],"wp:attachment":[{"href":"https:\/\/raceandequality.org\/es\/wp-json\/wp\/v2\/media?parent=11478"}],"curies":[{"name":"wp","href":"https:\/\/api.w.org\/{rel}","templated":true}]}}