{"id":14898,"date":"2022-05-10T19:56:31","date_gmt":"2022-05-10T19:56:31","guid":{"rendered":"http:\/\/race01.wp\/afrodescendientes\/"},"modified":"2023-08-15T15:44:45","modified_gmt":"2023-08-15T15:44:45","slug":"afrodescendientes","status":"publish","type":"page","link":"https:\/\/raceandequality.org\/es\/afrodescendientes\/","title":{"rendered":"Afrodescendientes"},"content":{"rendered":"<div class=\"wpb-content-wrapper\"><p>[vc_row full_width=\u00bbstretch_row\u00bb enable_elevation_custom_background_color=\u00bbyes\u00bb el_class=\u00bbtext-only-block padding-vertical\u00bb][vc_column offset=\u00bbvc_col-lg-10 vc_col-md-11&#8243;][vc_column_text]La Comisi\u00f3n Econ\u00f3mica de las Naciones Unidas para Am\u00e9rica Latina y el Caribe (CEPAL) -utilizando datos de los Censos 2020 de toda Am\u00e9rica Latina- estima que alrededor de 134 millones de personas se autoidentif\u00edcan como afrodescendientes. Esto representa, aproximadamente, el 20,9% de la poblaci\u00f3n total de la regi\u00f3n distribuida por todo el pa\u00eds y, en algunos pa\u00edses, viven en tierras rurales ancestrales. Actualmente, la mayor\u00eda de los afrodescendientes viven predominantemente en zonas urbanas, casi el 70% en algunos pa\u00edses.<\/p>\n<p>La poblaci\u00f3n afrodescendiente en Am\u00e9rica Latina sigue enfrent\u00e1ndose al racismo estructural y a la discriminaci\u00f3n racial, lo que se traduce en una mayor incidencia de la pobreza y la pobreza extrema, un acceso desigual a una educaci\u00f3n de calidad, desempleo y violencia basada en el perfil racial, entre otras circunstancias. Adem\u00e1s, debemos entender que factores como la edad, el lugar de residencia, la discapacidad, el estatus migratorio, la orientaci\u00f3n sexual, el sexo y la identidad de g\u00e9nero -entre otros- son factores que causan una vulnerabilidad a\u00fan mayor dentro de la misma poblaci\u00f3n afrodescendiente.<\/p>\n<p>[\/vc_column_text][\/vc_column][\/vc_row][vc_row full_width=\u00bbstretch_row\u00bb equal_height=\u00bbyes\u00bb content_placement=\u00bbmiddle\u00bb enable_elevation_custom_background_color=\u00bbyes\u00bb elevation_background_color_type=\u00bbbg-color06-color\u00bb el_class=\u00bbtext-only-block padding-vertical\u00bb][vc_column width=\u00bb1\/2&#8243;][vc_column_text]<\/p>\n<h3>Nuestro trabajo con las poblaciones afrodescendientes<\/h3>\n<p>Raza e Igualdad ha centrado su trabajo en los siguientes ejes:<\/p>\n<ul>\n<li data-gc-list-depth=\"1\" data-gc-list-style=\"bullet\">Promover la necesaria incorporaci\u00f3n de la variable \u00e9tnico\/racial (pregunta de autoreconocimiento afrodescendiente) en los censos nacionales de poblaci\u00f3n de los pa\u00edses latinoamericanos. Esto representa un elemento clave para conocer la calidad de vida de la poblaci\u00f3n afrodescendiente y poder generar soluciones adecuadas a estas realidades. Aunque algunos Estados ya han iniciado esta tarea, todav\u00eda existen muchas carencias a la hora de incorporar, analizar y hacer uso de esta variable.<\/li>\n<li data-gc-list-depth=\"1\" data-gc-list-style=\"bullet\">Promover la participaci\u00f3n efectiva de las organizaciones y activistas de la sociedad civil afrodescendiente ante la Organizaci\u00f3n de los Estados Americanos (OEA). Lo hacemos a trav\u00e9s de la promoci\u00f3n de inscripciones en la OEA, promoviendo la participaci\u00f3n en la Cumbre de las Am\u00e9ricas y en las Asambleas Generales de la OEA, estando en permanente comunicaci\u00f3n con la Relator\u00eda sobre los Derechos de las Personas Afrodescendientes y contra la Discriminaci\u00f3n Racial de la CIDH, y promoviendo la ratificaci\u00f3n e implementaci\u00f3n efectiva de la Convenci\u00f3n Interamericana contra el Racismo, la Discriminaci\u00f3n Racial y Formas Conexas de Intolerancia (CIRDI). Asimismo, apoyando la labor de la Coalici\u00f3n Afrodescendiente de las Am\u00e9ricas, la cual hace parte de las 31 coaliciones reconocidas a participar ante las Asambleas Generales de la OEA.<\/li>\n<li>Incidir ante el Sistema Universal de Protecci\u00f3n de los Derechos Humanos (SUDH) por medio de la participaci\u00f3n efectiva de nuestras contrapartes mediante la documentaci\u00f3n y testimonio de estes ante los diferentes comit\u00e9s y relator\u00edas que promueven la lucha contra el racismo, la discriminaci\u00f3n racial y xenofobia, incluyendo su participaci\u00f3n ante los recientes mecanismos creados como el Foro Permanente sobre Personas Afrodescendientes (PFPAD por sus siglas en ingles) y el Mecanismo de Expertos para Promover la Justicia e Igualdad Racial en la Aplicaci\u00f3n de la Ley (EMLER por sus siglas en ingl\u00e9s).<\/li>\n<li>Resaltar la importancia de los diferentes acuerdos realizados entre diferentes Estados para avanzar en equidad racial, inclusi\u00f3n y derechos humanos en la regi\u00f3n, tales como el Plan de Acci\u00f3n Conjunto entre Estados Unidos y Brasil para Eliminar la Discriminaci\u00f3n Racial, \u00c9tnica y Promover la Igualdad (JAPER por sus siglas en ingles), el Plan de Acci\u00f3n entre Estados Unidos y Colombia sobre Igualdad Racial y \u00c9tnica (CAPREE por sus siglas en ingles) y la Declaraci\u00f3n que establece la Alianza de Am\u00e9rica del Norte para la Igualdad y la Justicia Racial entre M\u00e9xico, Estados Unidos y Canad\u00e1, siendo espacios igualmente claves para fortalecer el trabajo de nuestras contrapartes.<\/li>\n<\/ul>\n<p>[\/vc_column_text][\/vc_column][vc_column width=\u00bb1\/2&#8243;][vc_single_image image=\u00bb16883&#8243; img_size=\u00bbfull\u00bb][\/vc_column][\/vc_row]<\/p>\n<\/div>","protected":false},"excerpt":{"rendered":"<p>[vc_row full_width=\u00bbstretch_row\u00bb enable_elevation_custom_background_color=\u00bbyes\u00bb el_class=\u00bbtext-only-block padding-vertical\u00bb][vc_column offset=\u00bbvc_col-lg-10 vc_col-md-11&#8243;][vc_column_text]La Comisi\u00f3n Econ\u00f3mica de las Naciones Unidas para Am\u00e9rica Latina y el Caribe (CEPAL) -utilizando datos de los Censos 2020 de toda Am\u00e9rica Latina- [&hellip;]<\/p>\n","protected":false},"author":2,"featured_media":0,"parent":0,"menu_order":0,"comment_status":"closed","ping_status":"closed","template":"page-templates\/no_padding.php","meta":{"_acf_changed":false,"_uf_show_specific_survey":0,"_uf_disable_surveys":false,"footnotes":""},"class_list":["post-14898","page","type-page","status-publish","hentry"],"acf":[],"aioseo_notices":[],"_links":{"self":[{"href":"https:\/\/raceandequality.org\/es\/wp-json\/wp\/v2\/pages\/14898","targetHints":{"allow":["GET"]}}],"collection":[{"href":"https:\/\/raceandequality.org\/es\/wp-json\/wp\/v2\/pages"}],"about":[{"href":"https:\/\/raceandequality.org\/es\/wp-json\/wp\/v2\/types\/page"}],"author":[{"embeddable":true,"href":"https:\/\/raceandequality.org\/es\/wp-json\/wp\/v2\/users\/2"}],"replies":[{"embeddable":true,"href":"https:\/\/raceandequality.org\/es\/wp-json\/wp\/v2\/comments?post=14898"}],"version-history":[{"count":0,"href":"https:\/\/raceandequality.org\/es\/wp-json\/wp\/v2\/pages\/14898\/revisions"}],"wp:attachment":[{"href":"https:\/\/raceandequality.org\/es\/wp-json\/wp\/v2\/media?parent=14898"}],"curies":[{"name":"wp","href":"https:\/\/api.w.org\/{rel}","templated":true}]}}