{"id":14906,"date":"2022-05-10T19:54:11","date_gmt":"2022-05-10T19:54:11","guid":{"rendered":"http:\/\/race01.wp\/desarrollo-de-capacidades\/"},"modified":"2023-08-15T14:33:26","modified_gmt":"2023-08-15T14:33:26","slug":"desarrollo-de-capacidades","status":"publish","type":"page","link":"https:\/\/raceandequality.org\/es\/desarrollo-de-capacidades\/","title":{"rendered":"Desarrollo de capacidades"},"content":{"rendered":"<div class=\"wpb-content-wrapper\"><p>[vc_row full_width=\u00bbstretch_row\u00bb enable_elevation_custom_background_color=\u00bbyes\u00bb el_class=\u00bbtext-only-block padding-vertical\u00bb][vc_column width=\u00bb1\/2&#8243;][vc_single_image image=\u00bb16937&#8243; img_size=\u00bbfull\u00bb][\/vc_column][vc_column width=\u00bb1\/2&#8243;][vc_column_text]Como organizaci\u00f3n de capacitaci\u00f3n en derechos humanos, reconocemos los diversos niveles de capacidad jur\u00eddica y conocimientos de defensa de nuestras organizaciones contrapartes. As\u00ed pues, el primer objetivo de los responsables del Programa Legal de Raza e Igualdad es reforzar esa capacidad para que la sociedad civil pueda utilizar con mayor eficacia las protecciones jur\u00eddicas de que dispone a trav\u00e9s de los mecanismos de protecci\u00f3n de los derechos humanos de las Naciones Unidas y de la Organizaci\u00f3n de Estados Americanos. A trav\u00e9s de la formaci\u00f3n especializada impartida a los defensores de los derechos humanos y a los defensores jur\u00eddicos, Raza e Igualdad ofrece apoyo t\u00e9cnico para que nuestras contrapartes puedan desarrollar sus capacidades de defensa jur\u00eddica, lo que les convierte en defensores m\u00e1s fuertes para s\u00ed mismos y para sus integrantes.<\/p>\n<p>Tambi\u00e9n animamos a las personas defensoras de los derechos humanos a trabajar en redes regionales para documentar y denunciar patrones similares de discriminaci\u00f3n y violaci\u00f3n de los derechos humanos que est\u00e1n afectando negativamente a la regi\u00f3n de Am\u00e9rica Latina y el Caribe. Este trabajo es especialmente importante ya que apoyamos a nuestras contrapartes en sus esfuerzos de defensa legal ante los sistemas de protecci\u00f3n internacionales y regionales, especialmente en la preparaci\u00f3n de informes sobre derechos humanos.[\/vc_column_text][\/vc_column][\/vc_row]<\/p>\n<\/div>","protected":false},"excerpt":{"rendered":"<p>Impartir formaci\u00f3n sobre importantes mecanismos de protecci\u00f3n de los derechos humanos. Prestar asistencia t\u00e9cnica en la elaboraci\u00f3n de informes sobre derechos humanos a las principales partes interesadas regionales e internacionales.<\/p>\n","protected":false},"author":2,"featured_media":5667,"parent":0,"menu_order":0,"comment_status":"closed","ping_status":"closed","template":"page-templates\/no_padding.php","meta":{"_acf_changed":false,"_uf_show_specific_survey":0,"_uf_disable_surveys":false,"footnotes":""},"class_list":["post-14906","page","type-page","status-publish","has-post-thumbnail","hentry"],"acf":[],"aioseo_notices":[],"_links":{"self":[{"href":"https:\/\/raceandequality.org\/es\/wp-json\/wp\/v2\/pages\/14906","targetHints":{"allow":["GET"]}}],"collection":[{"href":"https:\/\/raceandequality.org\/es\/wp-json\/wp\/v2\/pages"}],"about":[{"href":"https:\/\/raceandequality.org\/es\/wp-json\/wp\/v2\/types\/page"}],"author":[{"embeddable":true,"href":"https:\/\/raceandequality.org\/es\/wp-json\/wp\/v2\/users\/2"}],"replies":[{"embeddable":true,"href":"https:\/\/raceandequality.org\/es\/wp-json\/wp\/v2\/comments?post=14906"}],"version-history":[{"count":0,"href":"https:\/\/raceandequality.org\/es\/wp-json\/wp\/v2\/pages\/14906\/revisions"}],"wp:featuredmedia":[{"embeddable":true,"href":"https:\/\/raceandequality.org\/es\/wp-json\/wp\/v2\/media\/5667"}],"wp:attachment":[{"href":"https:\/\/raceandequality.org\/es\/wp-json\/wp\/v2\/media?parent=14906"}],"curies":[{"name":"wp","href":"https:\/\/api.w.org\/{rel}","templated":true}]}}