{"id":14957,"date":"2022-05-10T19:54:32","date_gmt":"2022-05-10T19:54:32","guid":{"rendered":"https:\/\/racenadequapro.wpengine.com\/documentacion-de-derechos-humanos\/"},"modified":"2023-07-28T19:06:11","modified_gmt":"2023-07-28T19:06:11","slug":"documentacion","status":"publish","type":"page","link":"https:\/\/raceandequality.org\/es\/documentacion\/","title":{"rendered":"Documentaci\u00f3n"},"content":{"rendered":"<div class=\"wpb-content-wrapper\"><p>[vc_row full_width=\u00bbstretch_row\u00bb enable_elevation_custom_background_color=\u00bbyes\u00bb el_class=\u00bbtext-only-block padding-vertical\u00bb][vc_column width=\u00bb1\/2&#8243;][vc_column_text]Raza e Igualdad se compromete a ayudar a las organizaciones de la sociedad civil (OSC) en Am\u00e9rica Latina en sus esfuerzos por documentar, condenar y dar visibilidad nacional e internacional a las violaciones de derechos humanos, con el fin de lograr un cambio sostenible. Es por eso que ponemos gran \u00e9nfasis en proporcionar asistencia t\u00e9cnica a las OSC y apoyar los esfuerzos para producir documentaci\u00f3n clave de derechos humanos, como documentos de pol\u00edticas, informes alternativos (sombra), aportes para presentar a los ex\u00e1menes peri\u00f3dicos de los pa\u00edses de los \u00f3rganos de derechos humanos y otros an\u00e1lisis relevantes tanto a nivel regional como internacional.<\/p>\n<p>Tambi\u00e9n producimos rutinariamente an\u00e1lisis clave sobre situaciones de derechos humanos en toda la regi\u00f3n, utilizando un enfoque interseccional de las realidades \u00fanicas de la poblaci\u00f3n. Visite nuestra <a href=\"https:\/\/raceandequality.org\/es\/publicaciones\/\">p\u00e1gina de Publicaciones<\/a> para obtener nuestra documentaci\u00f3n m\u00e1s reciente.[\/vc_column_text][\/vc_column][vc_column width=\u00bb1\/2&#8243;][vc_single_image image=\u00bb16947&#8243; img_size=\u00bbfull\u00bb][\/vc_column][\/vc_row]<\/p>\n<\/div>","protected":false},"excerpt":{"rendered":"<p>Convertirse en un centro de informaci\u00f3n y participar en debates clave sobre cuestiones de derechos humanos que afectan a las comunidades marginadas en Am\u00e9rica Latina.<\/p>\n","protected":false},"author":2,"featured_media":5669,"parent":0,"menu_order":0,"comment_status":"closed","ping_status":"closed","template":"page-templates\/no_padding.php","meta":{"_acf_changed":false,"_uf_show_specific_survey":0,"_uf_disable_surveys":false,"footnotes":""},"class_list":["post-14957","page","type-page","status-publish","has-post-thumbnail","hentry"],"acf":[],"aioseo_notices":[],"_links":{"self":[{"href":"https:\/\/raceandequality.org\/es\/wp-json\/wp\/v2\/pages\/14957","targetHints":{"allow":["GET"]}}],"collection":[{"href":"https:\/\/raceandequality.org\/es\/wp-json\/wp\/v2\/pages"}],"about":[{"href":"https:\/\/raceandequality.org\/es\/wp-json\/wp\/v2\/types\/page"}],"author":[{"embeddable":true,"href":"https:\/\/raceandequality.org\/es\/wp-json\/wp\/v2\/users\/2"}],"replies":[{"embeddable":true,"href":"https:\/\/raceandequality.org\/es\/wp-json\/wp\/v2\/comments?post=14957"}],"version-history":[{"count":0,"href":"https:\/\/raceandequality.org\/es\/wp-json\/wp\/v2\/pages\/14957\/revisions"}],"wp:featuredmedia":[{"embeddable":true,"href":"https:\/\/raceandequality.org\/es\/wp-json\/wp\/v2\/media\/5669"}],"wp:attachment":[{"href":"https:\/\/raceandequality.org\/es\/wp-json\/wp\/v2\/media?parent=14957"}],"curies":[{"name":"wp","href":"https:\/\/api.w.org\/{rel}","templated":true}]}}