{"id":14962,"date":"2022-05-10T19:53:50","date_gmt":"2022-05-10T19:53:50","guid":{"rendered":"https:\/\/racenadequapro.wpengine.com\/abogacia-legal\/"},"modified":"2023-08-15T16:34:01","modified_gmt":"2023-08-15T16:34:01","slug":"incidencia","status":"publish","type":"page","link":"https:\/\/raceandequality.org\/es\/incidencia\/","title":{"rendered":"Incidencia"},"content":{"rendered":"<div class=\"wpb-content-wrapper\"><p>[vc_row full_width=\u00bbstretch_row\u00bb equal_height=\u00bbyes\u00bb content_placement=\u00bbmiddle\u00bb enable_elevation_custom_background_color=\u00bbyes\u00bb el_class=\u00bbtext-only-block padding-vertical\u00bb][vc_column width=\u00bb1\/2&#8243;][vc_column_text]<strong>Programa Legal<\/strong><\/p>\n<p>El acceso a la justicia es una piedra angular de la labor de derechos humanos en el Instituto Internacional sobre Raza, Igualdad y Derechos Humanos y de la protecci\u00f3n de los derechos humanos en todas partes. En Raza e Igualdad, apoyar a nuestras contrapartes de la sociedad civil para garantizar el acceso a la justicia frente a las violaciones de derechos humanos es un enfoque multifac\u00e9tico.<\/p>\n<p><span style=\"font-weight: 400;\">En nuestro equipo contamos con un grupo <\/span><span style=\"font-weight: 400;\">de personas abogadas especializadas<\/span><span style=\"font-weight: 400;\"> e<\/span>n derechos humanos y con vasta experiencia en litigio ante mecanismos de protecci\u00f3n de Derechos Humanos a nivel regional y universal.[\/vc_column_text][\/vc_column][vc_column width=\u00bb1\/2&#8243;][vc_single_image image=\u00bb14382&#8243; img_size=\u00bblarge\u00bb][\/vc_column][\/vc_row][vc_row full_width=\u00bbstretch_row\u00bb enable_elevation_custom_background_color=\u00bbyes\u00bb elevation_background_color_type=\u00bbbg-color05-color\u00bb el_class=\u00bbtext-only-block padding-vertical\u00bb][vc_column offset=\u00bbvc_col-lg-10 vc_col-md-11&#8243;][vc_column_text]<strong>Respuesta legal de emergencia<\/strong><\/p>\n<p>Cuando las contrapartes de Raza e Igualdad se enfrentan a situaciones de seguridad urgentes en las que se violan sus derechos fundamentales, nuestro equipo legal interviene. Si nuestras contrapartes no pueden preparar documentaci\u00f3n para presentar por su cuenta a los mecanismos internacionales de protecci\u00f3n de los derechos humanos, tomamos la iniciativa para garantizar la presentaci\u00f3n oportuna de solicitudes de \u00f3rdenes de protecci\u00f3n e intervenci\u00f3n de la ONU o la OEA. De esta manera, Raza e Igualdad apoya a nuestros socios en la denuncia de las injusticias que se est\u00e1n perpetrando contra ellos, y <span style=\"font-weight: 400;\">eleva<\/span> la alerta a la comunidad internacional sobre lo que est\u00e1 sucediendo.<\/p>\n<p><strong>Litigio estrat\u00e9gico<\/strong><\/p>\n<p>En coordinaci\u00f3n con nuestras contrapartes de la sociedad civil y como parte del objetivo de Raza e Igualdad de apoyar su trabajo para efectuar cambios a largo plazo, sostenibles y estructurales que resultar\u00e1n en una mayor protecci\u00f3n de los derechos humanos, participamos en litigio estrat\u00e9gico. Los casos son cuidadosamente seleccionados y documentados para ser presentados como peticiones ante la Comisi\u00f3n Interamericana de Derechos Humanos, la Subdivisi\u00f3n de Procedimientos Especiales de las Naciones Unidas, o los \u00d3rganos de Tratados de las Naciones Unidas.[\/vc_column_text][\/vc_column][\/vc_row]<\/p>\n<\/div>","protected":false},"excerpt":{"rendered":"<p>Garantizar el acceso de los socios a la justicia a trav\u00e9s de un enfoque triple: creaci\u00f3n de capacidad, respuesta legal de emergencia y litigio estrat\u00e9gico.<\/p>\n","protected":false},"author":2,"featured_media":5665,"parent":0,"menu_order":0,"comment_status":"closed","ping_status":"closed","template":"page-templates\/no_padding.php","meta":{"_acf_changed":false,"_uf_show_specific_survey":0,"_uf_disable_surveys":false,"footnotes":""},"class_list":["post-14962","page","type-page","status-publish","has-post-thumbnail","hentry"],"acf":[],"aioseo_notices":[],"_links":{"self":[{"href":"https:\/\/raceandequality.org\/es\/wp-json\/wp\/v2\/pages\/14962","targetHints":{"allow":["GET"]}}],"collection":[{"href":"https:\/\/raceandequality.org\/es\/wp-json\/wp\/v2\/pages"}],"about":[{"href":"https:\/\/raceandequality.org\/es\/wp-json\/wp\/v2\/types\/page"}],"author":[{"embeddable":true,"href":"https:\/\/raceandequality.org\/es\/wp-json\/wp\/v2\/users\/2"}],"replies":[{"embeddable":true,"href":"https:\/\/raceandequality.org\/es\/wp-json\/wp\/v2\/comments?post=14962"}],"version-history":[{"count":0,"href":"https:\/\/raceandequality.org\/es\/wp-json\/wp\/v2\/pages\/14962\/revisions"}],"wp:featuredmedia":[{"embeddable":true,"href":"https:\/\/raceandequality.org\/es\/wp-json\/wp\/v2\/media\/5665"}],"wp:attachment":[{"href":"https:\/\/raceandequality.org\/es\/wp-json\/wp\/v2\/media?parent=14962"}],"curies":[{"name":"wp","href":"https:\/\/api.w.org\/{rel}","templated":true}]}}