{"id":14963,"date":"2022-05-10T19:56:47","date_gmt":"2022-05-10T19:56:47","guid":{"rendered":"https:\/\/racenadequapro.wpengine.com\/lgbti\/"},"modified":"2023-08-15T16:47:15","modified_gmt":"2023-08-15T16:47:15","slug":"lgbti","status":"publish","type":"page","link":"https:\/\/raceandequality.org\/es\/lgbti\/","title":{"rendered":"LGBTI+"},"content":{"rendered":"<div class=\"wpb-content-wrapper\"><p>[vc_row full_width=\u00bbstretch_row\u00bb enable_elevation_custom_background_color=\u00bbyes\u00bb el_class=\u00bbtext-only-block padding-vertical\u00bb][vc_column offset=\u00bbvc_col-lg-10 vc_col-md-11&#8243;][vc_column_text]<\/p>\n<p class=\"p1\">Las personas LGBTI+ en Am\u00e9rica Latina enfrentan m\u00faltiples obst\u00e1culos para acceder a sus derechos humanos, a menudo vinculados con la violencia y la discriminaci\u00f3n basadas en su orientaci\u00f3n sexual, identidad o expresi\u00f3n de g\u00e9nero. Estas barreras crean desigualdad entre la poblaci\u00f3n y perpet\u00faan el estigma y los prejuicios contra las personas LGBTI+. Todos los d\u00edas, las personas lesbianas, gays, bisexuales, trans (transexuales, travestis, transfemeninas, transmasculinidades, trans no binaries, entre otros) e intersexuales enfrentan obst\u00e1culos limitados para ejercer sus derechos fundamentales y sufriendo ataques que ponen en riesgo sus vidas e integridad. A pesar de los importantes avances de algunos pa\u00edses en el reconocimiento de los derechos de las personas LGBTI+, como el reconocimiento de la identidad de g\u00e9nero en los documentos oficiales o la igualdad matrimonial, la regi\u00f3n contin\u00faa rezagada en la protecci\u00f3n de esta poblaci\u00f3n. Como tal, las personas con orientaci\u00f3n sexual, identidad de g\u00e9nero, expresi\u00f3n de g\u00e9nero y caracteres sexuales no normativos enfrentan contextos de riesgo peligroso en pa\u00edses como Brasil, que tiene el mayor n\u00famero de homicidios contra personas trans en el mundo.<\/p>\n<p class=\"p1\">Para el trabajo con personas LGBTI+, es crucial implementar un enfoque interseccional que reconozca las muchas diferencias y experiencias de vida dentro de la poblaci\u00f3n. Factores como g\u00e9nero, raza y\/o etnia, clase social, disparidades, etc. son esenciales para comprender las complejidades de la sexualidad y la identidad de g\u00e9nero.<\/p>\n<p>[\/vc_column_text][\/vc_column][\/vc_row][vc_row full_width=\u00bbstretch_row\u00bb enable_elevation_custom_background_color=\u00bbyes\u00bb elevation_background_color_type=\u00bbbg-color06-color\u00bb el_class=\u00bbtext-only-block padding-vertical\u00bb][vc_column width=\u00bb1\/2&#8243;][vc_column_text]<\/p>\n<h3 class=\"p1\"><b>Nuestro trabajo con personas LGBTI+<\/b><\/h3>\n<p class=\"p1\">Raza e Igualdad ha centrado su trabajo en los siguientes ejes:<\/p>\n<ul class=\"ul1\">\n<li class=\"li1\">Promover la participaci\u00f3n efectiva de organizaciones y activistas de la sociedad civil LGBTI+ ante la Organizaci\u00f3n de los Estados Americanos (OEA). Lo hacemos promoviendo inscripciones dentro de la OEA, promoviendo la participaci\u00f3n en la Cumbre de las Am\u00e9ricas y las Asambleas Generales de la OEA, estando en permanente comunicaci\u00f3n con la Comisi\u00f3n Interamericana de Derechos Humanos (CIDH) y sus Relator\u00edas Especiales.<\/li>\n<li class=\"li1\">Promover investigaciones y documentaci\u00f3n que destaquen las realidades vividas por las personas LGBTI+, en particular las personas afro-LGBTI+, trans y no binarias.<\/li>\n<li class=\"li1\">Promover la participaci\u00f3n efectiva de las organizaciones de la sociedad civil LGBTI+ ante la Organizaci\u00f3n de las Naciones Unidas (ONU). Hacemos esto a trav\u00e9s de talleres de desarrollo de capacidades, promoviendo la participaci\u00f3n durante los procesos de revisi\u00f3n de los pa\u00edses de la ONU y estando en comunicaci\u00f3n permanente con los Procedimientos Especiales y Comit\u00e9s de la ONU.<\/li>\n<\/ul>\n<p>[\/vc_column_text][\/vc_column][vc_column width=\u00bb1\/2&#8243;][vc_single_image image=\u00bb16890&#8243; img_size=\u00bbfull\u00bb alignment=\u00bbcenter\u00bb][\/vc_column][\/vc_row]<\/p>\n<\/div>","protected":false},"excerpt":{"rendered":"<p>[vc_row full_width=\u00bbstretch_row\u00bb enable_elevation_custom_background_color=\u00bbyes\u00bb el_class=\u00bbtext-only-block padding-vertical\u00bb][vc_column offset=\u00bbvc_col-lg-10 vc_col-md-11&#8243;][vc_column_text] Las personas LGBTI+ en Am\u00e9rica Latina enfrentan m\u00faltiples obst\u00e1culos para acceder a sus derechos humanos, a menudo vinculados con la violencia y la [&hellip;]<\/p>\n","protected":false},"author":2,"featured_media":0,"parent":0,"menu_order":0,"comment_status":"closed","ping_status":"closed","template":"page-templates\/no_padding.php","meta":{"_acf_changed":false,"_uf_show_specific_survey":0,"_uf_disable_surveys":false,"footnotes":""},"class_list":["post-14963","page","type-page","status-publish","hentry"],"acf":[],"aioseo_notices":[],"_links":{"self":[{"href":"https:\/\/raceandequality.org\/es\/wp-json\/wp\/v2\/pages\/14963","targetHints":{"allow":["GET"]}}],"collection":[{"href":"https:\/\/raceandequality.org\/es\/wp-json\/wp\/v2\/pages"}],"about":[{"href":"https:\/\/raceandequality.org\/es\/wp-json\/wp\/v2\/types\/page"}],"author":[{"embeddable":true,"href":"https:\/\/raceandequality.org\/es\/wp-json\/wp\/v2\/users\/2"}],"replies":[{"embeddable":true,"href":"https:\/\/raceandequality.org\/es\/wp-json\/wp\/v2\/comments?post=14963"}],"version-history":[{"count":0,"href":"https:\/\/raceandequality.org\/es\/wp-json\/wp\/v2\/pages\/14963\/revisions"}],"wp:attachment":[{"href":"https:\/\/raceandequality.org\/es\/wp-json\/wp\/v2\/media?parent=14963"}],"curies":[{"name":"wp","href":"https:\/\/api.w.org\/{rel}","templated":true}]}}