{"id":14966,"date":"2022-05-10T19:51:56","date_gmt":"2022-05-10T19:51:56","guid":{"rendered":"https:\/\/racenadequapro.wpengine.com\/mision-y-vision\/"},"modified":"2023-08-08T16:42:09","modified_gmt":"2023-08-08T16:42:09","slug":"mision-y-vision","status":"publish","type":"page","link":"https:\/\/raceandequality.org\/es\/mision-y-vision\/","title":{"rendered":"Misi\u00f3n y Visi\u00f3n"},"content":{"rendered":"<div class=\"wpb-content-wrapper\"><p>[vc_row full_width=\u00bbstretch_row\u00bb content_placement=\u00bbmiddle\u00bb enable_elevation_custom_background_color=\u00bbyes\u00bb elevation_background_color_type=\u00bbbg-color06-color\u00bb el_class=\u00bbtext-only-block padding-vertical\u00bb][vc_column width=\u00bb1\/2&#8243;][vc_column_text]<\/p>\n<h3>MISI\u00d3N<\/h3>\n<p>El Instituto sobre Raza, Igualdad y Derechos Humanos contribuye a la promoci\u00f3n y defensa de los derechos humanos a trav\u00e9s de capacitaci\u00f3n, asistencia t\u00e9cnica, incidencia y litigio estrat\u00e9gico a nivel regional e internacional.[\/vc_column_text][\/vc_column][vc_column width=\u00bb1\/2&#8243;][vc_single_image image=\u00bb6815&#8243; img_size=\u00bbfull\u00bb][\/vc_column][\/vc_row][vc_row full_width=\u00bbstretch_row\u00bb content_placement=\u00bbmiddle\u00bb enable_elevation_custom_background_color=\u00bbyes\u00bb el_class=\u00bbtext-only-block padding-vertical\u00bb][vc_column width=\u00bb1\/2&#8243;][vc_single_image image=\u00bb6795&#8243; img_size=\u00bbfull\u00bb][\/vc_column][vc_column width=\u00bb1\/2&#8243;][vc_column_text]<\/p>\n<h3>VISI\u00d3N<\/h3>\n<p>Nuestra visi\u00f3n es una sociedad de igualdad construida sobre la Declaraci\u00f3n Universal de los Derechos Humanos, en la que los derechos humanos sean respetados sin ning\u00fan tipo de discriminaci\u00f3n.[\/vc_column_text][\/vc_column][\/vc_row]<\/p>\n<\/div>","protected":false},"excerpt":{"rendered":"<p>[vc_row full_width=\u00bbstretch_row\u00bb content_placement=\u00bbmiddle\u00bb enable_elevation_custom_background_color=\u00bbyes\u00bb elevation_background_color_type=\u00bbbg-color06-color\u00bb el_class=\u00bbtext-only-block padding-vertical\u00bb][vc_column width=\u00bb1\/2&#8243;][vc_column_text] MISI\u00d3N El Instituto sobre Raza, Igualdad y Derechos Humanos contribuye a la promoci\u00f3n y defensa de los derechos humanos a trav\u00e9s de [&hellip;]<\/p>\n","protected":false},"author":2,"featured_media":0,"parent":0,"menu_order":0,"comment_status":"closed","ping_status":"closed","template":"","meta":{"_acf_changed":false,"_uf_show_specific_survey":0,"_uf_disable_surveys":false,"footnotes":""},"class_list":["post-14966","page","type-page","status-publish","hentry"],"acf":[],"aioseo_notices":[],"_links":{"self":[{"href":"https:\/\/raceandequality.org\/es\/wp-json\/wp\/v2\/pages\/14966","targetHints":{"allow":["GET"]}}],"collection":[{"href":"https:\/\/raceandequality.org\/es\/wp-json\/wp\/v2\/pages"}],"about":[{"href":"https:\/\/raceandequality.org\/es\/wp-json\/wp\/v2\/types\/page"}],"author":[{"embeddable":true,"href":"https:\/\/raceandequality.org\/es\/wp-json\/wp\/v2\/users\/2"}],"replies":[{"embeddable":true,"href":"https:\/\/raceandequality.org\/es\/wp-json\/wp\/v2\/comments?post=14966"}],"version-history":[{"count":0,"href":"https:\/\/raceandequality.org\/es\/wp-json\/wp\/v2\/pages\/14966\/revisions"}],"wp:attachment":[{"href":"https:\/\/raceandequality.org\/es\/wp-json\/wp\/v2\/media?parent=14966"}],"curies":[{"name":"wp","href":"https:\/\/api.w.org\/{rel}","templated":true}]}}