{"id":14968,"date":"2022-05-10T19:52:10","date_gmt":"2022-05-10T19:52:10","guid":{"rendered":"https:\/\/racenadequapro.wpengine.com\/nuestro-enfoque\/"},"modified":"2023-08-14T18:55:54","modified_gmt":"2023-08-14T18:55:54","slug":"nuestro-enfoque","status":"publish","type":"page","link":"https:\/\/raceandequality.org\/es\/nuestro-enfoque\/","title":{"rendered":"Nuestro Enfoque"},"content":{"rendered":"<div class=\"wpb-content-wrapper\"><p>[vc_row full_width=\u00bbstretch_row\u00bb enable_elevation_custom_background_color=\u00bbyes\u00bb elevation_background_color_type=\u00bbbg-color05-color\u00bb el_class=\u00bbtext-list-block padding-vertical\u00bb][vc_column width=\u00bb1\/2&#8243; offset=\u00bbvc_col-lg-5 vc_col-md-6&#8243;][vc_column_text]La cultura de los derechos humanos est\u00e1 formada por individuos cuyos derechos est\u00e1n amenazados, violados o inexistentes. Creemos que el cambio social comienza a nivel local y se fortalece a trav\u00e9s de alianzas entre personas y organizaciones que comparten las mismas necesidades, valores y experiencias. Nuestro trabajo se gu\u00eda por los principios de igualdad y diversidad y el objetivo de realizar cambios estructurales sostenibles a largo plazo.[\/vc_column_text][vc_single_image image=\u00bb7279&#8243; img_size=\u00bbfull\u00bb][\/vc_column][vc_column width=\u00bb1\/2&#8243; offset=\u00bbvc_col-lg-offset-1&#8243;][vc_column_text]<\/p>\n<ul>\n<li data-gc-list-depth=\"1\" data-gc-list-style=\"unordered\"><strong>Buscar justicia<\/strong> para las v\u00edctimas de abusos contra los derechos humanos.<\/li>\n<li data-gc-list-depth=\"1\" data-gc-list-style=\"unordered\"><strong>Trabajar para promover la igualdad racial, \u00e9tnica y de g\u00e9nero<\/strong>, y para promover los derechos de las personas que enfrentan discriminaci\u00f3n basada en la orientaci\u00f3n sexual o la identidad de g\u00e9nero.<\/li>\n<li data-gc-list-depth=\"1\" data-gc-list-style=\"unordered\"><strong>Ayudar a empoderar<\/strong> a individuos y comunidades para lograr cambios estructurales.<\/li>\n<li data-gc-list-depth=\"1\" data-gc-list-style=\"unordered\"><strong>Fortalecer la capacidad de nuestros socios para monitorear y documentar los abusos de los derechos humanos<\/strong> y hacer recomendaciones a nivel nacional, regional e internacional.<\/li>\n<\/ul>\n<p>En nuestro equipo contamos con un grupo de abogados especializados en derechos humanos internacionales y con vasta experiencia en litigios ante mecanismos de protecci\u00f3n de derechos humanos a nivel regional y universal. Conozca m\u00e1s sobre nuestro <a title=\"Abogac\u00eda\" href=\"https:\/\/raceandequality.org\/es\/abogacia\/\">Programa Legal<\/a>.[\/vc_column_text][\/vc_column][\/vc_row]<\/p>\n<\/div>","protected":false},"excerpt":{"rendered":"<p>[vc_row full_width=\u00bbstretch_row\u00bb enable_elevation_custom_background_color=\u00bbyes\u00bb elevation_background_color_type=\u00bbbg-color05-color\u00bb el_class=\u00bbtext-list-block padding-vertical\u00bb][vc_column width=\u00bb1\/2&#8243; offset=\u00bbvc_col-lg-5 vc_col-md-6&#8243;][vc_column_text]La cultura de los derechos humanos est\u00e1 formada por individuos cuyos derechos est\u00e1n amenazados, violados o inexistentes. Creemos que el cambio social [&hellip;]<\/p>\n","protected":false},"author":2,"featured_media":0,"parent":0,"menu_order":0,"comment_status":"closed","ping_status":"closed","template":"page-templates\/no_padding.php","meta":{"_acf_changed":false,"_uf_show_specific_survey":0,"_uf_disable_surveys":false,"footnotes":""},"class_list":["post-14968","page","type-page","status-publish","hentry"],"acf":[],"aioseo_notices":[],"_links":{"self":[{"href":"https:\/\/raceandequality.org\/es\/wp-json\/wp\/v2\/pages\/14968","targetHints":{"allow":["GET"]}}],"collection":[{"href":"https:\/\/raceandequality.org\/es\/wp-json\/wp\/v2\/pages"}],"about":[{"href":"https:\/\/raceandequality.org\/es\/wp-json\/wp\/v2\/types\/page"}],"author":[{"embeddable":true,"href":"https:\/\/raceandequality.org\/es\/wp-json\/wp\/v2\/users\/2"}],"replies":[{"embeddable":true,"href":"https:\/\/raceandequality.org\/es\/wp-json\/wp\/v2\/comments?post=14968"}],"version-history":[{"count":0,"href":"https:\/\/raceandequality.org\/es\/wp-json\/wp\/v2\/pages\/14968\/revisions"}],"wp:attachment":[{"href":"https:\/\/raceandequality.org\/es\/wp-json\/wp\/v2\/media?parent=14968"}],"curies":[{"name":"wp","href":"https:\/\/api.w.org\/{rel}","templated":true}]}}