{"id":14975,"date":"2022-05-10T19:52:40","date_gmt":"2022-05-10T19:52:40","guid":{"rendered":"https:\/\/racenadequapro.wpengine.com\/nuestro-impacto\/"},"modified":"2023-08-08T16:43:22","modified_gmt":"2023-08-08T16:43:22","slug":"nuestro-impacto","status":"publish","type":"page","link":"https:\/\/raceandequality.org\/es\/nuestro-impacto\/","title":{"rendered":"Nuestro Impacto"},"content":{"rendered":"<div class=\"wpb-content-wrapper\"><p>[vc_row full_width=\u00bbstretch_row\u00bb content_placement=\u00bbmiddle\u00bb enable_elevation_custom_background_color=\u00bbyes\u00bb elevation_background_color_type=\u00bbbg-color06-color\u00bb el_class=\u00bbtext-only-block padding-vertical\u00bb][vc_column width=\u00bb1\/2&#8243;][vc_single_image image=\u00bb16928&#8243; img_size=\u00bbfull\u00bb][\/vc_column][vc_column width=\u00bb1\/2&#8243;][vc_column_text]Creemos que el impacto sostenible a largo plazo se logra a trav\u00e9s de la colaboraci\u00f3n entre la sociedad civil, los estados y los mecanismos regionales \/ internacionales. A trav\u00e9s de nuestras asociaciones, hemos podido asegurar colectivamente resoluciones importantes que llaman la atenci\u00f3n sobre la protecci\u00f3n de las personas y las comunidades en riesgo.[\/vc_column_text][\/vc_column][\/vc_row][vc_row full_width=\u00bbstretch_row\u00bb content_placement=\u00bbmiddle\u00bb enable_elevation_custom_background_color=\u00bbyes\u00bb el_class=\u00bbtext-only-block padding-vertical\u00bb][vc_column width=\u00bb1\/2&#8243;][vc_column_text]A lo largo de los a\u00f1os, tambi\u00e9n hemos liderado la conversaci\u00f3n en las Am\u00e9ricas sobre la importancia de la Convenci\u00f3n Interamericana contra el Racismo, la Discriminaci\u00f3n Racial y Formas Conexas de Intolerancia, aprobada por la Asamblea General de la Organizaci\u00f3n de los Estados Americanos (OEA) en Antigua, Guatemala en 2013. Como parte de nuestra programaci\u00f3n regional y en el marco de la <a href=\"https:\/\/www.un.org\/en\/observances\/decade-people-african-descent\" target=\"_blank\" rel=\"noopener noreferrer\" data-gc-link=\"https:\/\/www.un.org\/en\/observances\/decade-people-african-descent\">Decenio Internacional para los Afrodescendientes (2015-2024)<\/a>, actualmente estamos desarrollando la capacidad de las organizaciones afrolatinas e ind\u00edgenas para trabajar con sus gobiernos y sus delegados gubernamentales en la OEA para abogar por la firma y ratificaci\u00f3n de la Convenci\u00f3n por parte de los Estados. Actualmente, seis Estados miembros de la OEA han firmado y ratificado la Convenci\u00f3n: Antigua y Barbuda, Brasil, Costa Rica, Ecuador, M\u00e9xico y Uruguay.[\/vc_column_text][\/vc_column][vc_column width=\u00bb1\/2&#8243;][vc_single_image image=\u00bb16932&#8243; img_size=\u00bbfull\u00bb][\/vc_column][\/vc_row]<\/p>\n<\/div>","protected":false},"excerpt":{"rendered":"<p>[vc_row full_width=\u00bbstretch_row\u00bb content_placement=\u00bbmiddle\u00bb enable_elevation_custom_background_color=\u00bbyes\u00bb elevation_background_color_type=\u00bbbg-color06-color\u00bb el_class=\u00bbtext-only-block padding-vertical\u00bb][vc_column width=\u00bb1\/2&#8243;][vc_single_image image=\u00bb16928&#8243; img_size=\u00bbfull\u00bb][\/vc_column][vc_column width=\u00bb1\/2&#8243;][vc_column_text]Creemos que el impacto sostenible a largo plazo se logra a trav\u00e9s de la colaboraci\u00f3n entre la sociedad civil, los [&hellip;]<\/p>\n","protected":false},"author":2,"featured_media":0,"parent":0,"menu_order":0,"comment_status":"closed","ping_status":"closed","template":"","meta":{"_acf_changed":false,"_uf_show_specific_survey":0,"_uf_disable_surveys":false,"footnotes":""},"class_list":["post-14975","page","type-page","status-publish","hentry"],"acf":[],"aioseo_notices":[],"_links":{"self":[{"href":"https:\/\/raceandequality.org\/es\/wp-json\/wp\/v2\/pages\/14975","targetHints":{"allow":["GET"]}}],"collection":[{"href":"https:\/\/raceandequality.org\/es\/wp-json\/wp\/v2\/pages"}],"about":[{"href":"https:\/\/raceandequality.org\/es\/wp-json\/wp\/v2\/types\/page"}],"author":[{"embeddable":true,"href":"https:\/\/raceandequality.org\/es\/wp-json\/wp\/v2\/users\/2"}],"replies":[{"embeddable":true,"href":"https:\/\/raceandequality.org\/es\/wp-json\/wp\/v2\/comments?post=14975"}],"version-history":[{"count":0,"href":"https:\/\/raceandequality.org\/es\/wp-json\/wp\/v2\/pages\/14975\/revisions"}],"wp:attachment":[{"href":"https:\/\/raceandequality.org\/es\/wp-json\/wp\/v2\/media?parent=14975"}],"curies":[{"name":"wp","href":"https:\/\/api.w.org\/{rel}","templated":true}]}}