{"id":14984,"date":"2022-05-10T19:56:09","date_gmt":"2022-05-10T19:56:09","guid":{"rendered":"https:\/\/racenadequapro.wpengine.com\/por-quien-luchamos\/"},"modified":"2023-05-30T02:29:27","modified_gmt":"2023-05-30T02:29:27","slug":"por-quien-luchamos","status":"publish","type":"page","link":"https:\/\/raceandequality.org\/es\/por-quien-luchamos\/","title":{"rendered":"Por qui\u00e9n luchamos"},"content":{"rendered":"<div class=\"wpb-content-wrapper\"><p>[vc_row full_width=\u00bbstretch_row\u00bb enable_elevation_custom_background_color=\u00bbyes\u00bb el_class=\u00bbtext-only-block padding-vertical\u00bb][vc_column offset=\u00bbvc_col-lg-10 vc_col-md-11&#8243;][vc_column_text]Trabajamos codo a codo con activistas en Am\u00e9rica Latina para mejorar su capacidad de promover y proteger los derechos humanos de las personas marginadas y vulnerables que sufren discriminaci\u00f3n basada en su origen nacional o \u00e9tnico, su orientaci\u00f3n sexual o identidad de g\u00e9nero.[\/vc_column_text][\/vc_column][\/vc_row]<\/p>\n<\/div>","protected":false},"excerpt":{"rendered":"<p>[vc_row full_width=\u00bbstretch_row\u00bb enable_elevation_custom_background_color=\u00bbyes\u00bb el_class=\u00bbtext-only-block padding-vertical\u00bb][vc_column offset=\u00bbvc_col-lg-10 vc_col-md-11&#8243;][vc_column_text]Trabajamos codo a codo con activistas en Am\u00e9rica Latina para mejorar su capacidad de promover y proteger los derechos humanos de las personas marginadas [&hellip;]<\/p>\n","protected":false},"author":2,"featured_media":0,"parent":0,"menu_order":0,"comment_status":"closed","ping_status":"closed","template":"page-templates\/no_padding.php","meta":{"_acf_changed":false,"_uf_show_specific_survey":0,"_uf_disable_surveys":false,"footnotes":""},"class_list":["post-14984","page","type-page","status-publish","hentry"],"acf":[],"aioseo_notices":[],"_links":{"self":[{"href":"https:\/\/raceandequality.org\/es\/wp-json\/wp\/v2\/pages\/14984","targetHints":{"allow":["GET"]}}],"collection":[{"href":"https:\/\/raceandequality.org\/es\/wp-json\/wp\/v2\/pages"}],"about":[{"href":"https:\/\/raceandequality.org\/es\/wp-json\/wp\/v2\/types\/page"}],"author":[{"embeddable":true,"href":"https:\/\/raceandequality.org\/es\/wp-json\/wp\/v2\/users\/2"}],"replies":[{"embeddable":true,"href":"https:\/\/raceandequality.org\/es\/wp-json\/wp\/v2\/comments?post=14984"}],"version-history":[{"count":0,"href":"https:\/\/raceandequality.org\/es\/wp-json\/wp\/v2\/pages\/14984\/revisions"}],"wp:attachment":[{"href":"https:\/\/raceandequality.org\/es\/wp-json\/wp\/v2\/media?parent=14984"}],"curies":[{"name":"wp","href":"https:\/\/api.w.org\/{rel}","templated":true}]}}