{"id":14986,"date":"2022-05-10T19:56:58","date_gmt":"2022-05-10T19:56:58","guid":{"rendered":"https:\/\/racenadequapro.wpengine.com\/mujeres\/"},"modified":"2023-08-15T15:48:40","modified_gmt":"2023-08-15T15:48:40","slug":"mujeres","status":"publish","type":"page","link":"https:\/\/raceandequality.org\/es\/mujeres\/","title":{"rendered":"Mujeres"},"content":{"rendered":"<div class=\"wpb-content-wrapper\"><p>[vc_row full_width=\u00bbstretch_row\u00bb enable_elevation_custom_background_color=\u00bbyes\u00bb el_class=\u00bbtext-only-block padding-vertical\u00bb][vc_column offset=\u00bbvc_col-lg-10 vc_col-md-11&#8243;][vc_column_text]La discriminaci\u00f3n hist\u00f3rica y estructural de g\u00e9nero contra las mujeres -que se encuentra arraigada en las sociedades de los pa\u00edses que conforman nuestra regi\u00f3n-, genera que las mujeres, ni\u00f1as y adolescentes a\u00fan deban enfrentar un contexto de violencia y discriminaci\u00f3n en su contra. Aunque no se puede negar que los Estados de la regi\u00f3n han venido trabajando en esfuerzos concretos para proteger los derechos de las mujeres, estos no son suficientes. En efecto, la Comisi\u00f3n Interamericana de Derechos Humanos (CIDH) reconoci\u00f3 la existencia de un contexto de \u00abviolencia, discriminaci\u00f3n estructural y end\u00e9mica\u00bb que impide a las mujeres y ni\u00f1as el pleno respeto de sus derechos humanos. Concretamente, las mujeres sufren a diario hechos de violencia, ya sea de manera directa, como asesinatos, desapariciones, acoso y violencia sexual, -que se ve agravada por los obst\u00e1culos que se les presentan para acceder a la justicia-, as\u00ed como de manera indirecta. Asimismo, las mujeres encuentran obst\u00e1culos para el acceso a la educaci\u00f3n, el empleo, los servicios de salud reproductiva y sexual, entre otros.<\/p>\n<p>Lo anterior se ve agravado por la violencia interseccional que sufren determinados grupos, como el caso de las mujeres afrodescendientes que no solo sufren por la violencia de g\u00e9nero existente en el continente, sino tambi\u00e9n por su identidad y raza.[\/vc_column_text][\/vc_column][\/vc_row][vc_row full_width=\u00bbstretch_row\u00bb equal_height=\u00bbyes\u00bb content_placement=\u00bbmiddle\u00bb enable_elevation_custom_background_color=\u00bbyes\u00bb elevation_background_color_type=\u00bbbg-color06-color\u00bb el_class=\u00bbtext-only-block padding-vertical\u00bb][vc_column width=\u00bb1\/2&#8243;][vc_column_text]<\/p>\n<h3>Nuestro trabajo para las mujeres<\/h3>\n<p><span class=\"ContentPasted0\">Raza e Igualdad ha centrado su trabajo en los siguientes ejes:\u00a0<\/span><\/p>\n<ul type=\"disc\">\n<li><span class=\"ContentPasted0\">Promover la participaci\u00f3n efectiva de organizaciones y activistas de la sociedad civil de mujeres ante la Organizaci\u00f3n de los Estados Americanos (OEA). Para ello, brindamos asistencia y herramientas para que las mujeres puedan acceder a los mecanismos otorgados por la OEA, as\u00ed como la promoci\u00f3n de su participaci\u00f3n en los \u00e1mbitos en los que puedan alzar su voz y contar su realidad, ya sea en la Cumbre de las Am\u00e9ricas y las Asambleas Generales de la OEA. En particular, promovemos el trabajo ante la CIDH y sus Relator\u00edas Especiales.\u00a0<\/span><\/li>\n<li><span class=\"ContentPasted0\">Promover la participaci\u00f3n efectiva de las organizaciones de la sociedad civil conformadas por mujeres y\/o que trabajan por la protecci\u00f3n y el respeto de los derechos de las mujeres ante la Organizaci\u00f3n de las Naciones Unidas (ONU). Para ello, realizamos capacitaciones sobre el Sistema Universal de Derechos Humanos y promovemos su participaci\u00f3n en los Procedimientos Especiales y Comit\u00e9s de la ONU. Asimismo, las acompa\u00f1amos en los procesos de revisi\u00f3n por pa\u00eds para que logren visibilizar su realidad interactuando ante las Naciones Unidas.\u00a0\u00a0<\/span><\/li>\n<li><span class=\"ContentPasted0\">Informar la situaci\u00f3n de las mujeres en la regi\u00f3n a trav\u00e9s de sus testimonios.\u00a0\u00a0<\/span><\/li>\n<li><span class=\"ContentPasted0\">Promover investigaciones y documentaci\u00f3n que destaquen las realidades vividas por las mujeres en la regi\u00f3n.\u00a0\u00a0<\/span><\/li>\n<\/ul>\n<p>[\/vc_column_text][\/vc_column][vc_column width=\u00bb1\/2&#8243;][vc_single_image image=\u00bb15493&#8243; img_size=\u00bblarge\u00bb][\/vc_column][\/vc_row]<\/p>\n<\/div>","protected":false},"excerpt":{"rendered":"<p>[vc_row full_width=\u00bbstretch_row\u00bb enable_elevation_custom_background_color=\u00bbyes\u00bb el_class=\u00bbtext-only-block padding-vertical\u00bb][vc_column offset=\u00bbvc_col-lg-10 vc_col-md-11&#8243;][vc_column_text]La discriminaci\u00f3n hist\u00f3rica y estructural de g\u00e9nero contra las mujeres -que se encuentra arraigada en las sociedades de los pa\u00edses que conforman nuestra regi\u00f3n-, [&hellip;]<\/p>\n","protected":false},"author":2,"featured_media":0,"parent":0,"menu_order":0,"comment_status":"closed","ping_status":"closed","template":"page-templates\/no_padding.php","meta":{"_acf_changed":false,"_uf_show_specific_survey":0,"_uf_disable_surveys":false,"footnotes":""},"class_list":["post-14986","page","type-page","status-publish","hentry"],"acf":[],"aioseo_notices":[],"_links":{"self":[{"href":"https:\/\/raceandequality.org\/es\/wp-json\/wp\/v2\/pages\/14986","targetHints":{"allow":["GET"]}}],"collection":[{"href":"https:\/\/raceandequality.org\/es\/wp-json\/wp\/v2\/pages"}],"about":[{"href":"https:\/\/raceandequality.org\/es\/wp-json\/wp\/v2\/types\/page"}],"author":[{"embeddable":true,"href":"https:\/\/raceandequality.org\/es\/wp-json\/wp\/v2\/users\/2"}],"replies":[{"embeddable":true,"href":"https:\/\/raceandequality.org\/es\/wp-json\/wp\/v2\/comments?post=14986"}],"version-history":[{"count":0,"href":"https:\/\/raceandequality.org\/es\/wp-json\/wp\/v2\/pages\/14986\/revisions"}],"wp:attachment":[{"href":"https:\/\/raceandequality.org\/es\/wp-json\/wp\/v2\/media?parent=14986"}],"curies":[{"name":"wp","href":"https:\/\/api.w.org\/{rel}","templated":true}]}}