{"id":15006,"date":"2022-05-10T19:51:27","date_gmt":"2022-05-10T19:51:27","guid":{"rendered":"https:\/\/racenadequapro.wpengine.com\/quienes-somos\/"},"modified":"2023-07-28T16:42:27","modified_gmt":"2023-07-28T16:42:27","slug":"quienes-somos","status":"publish","type":"page","link":"https:\/\/raceandequality.org\/es\/quienes-somos\/","title":{"rendered":"Qui\u00e9nes somos"},"content":{"rendered":"<div class=\"wpb-content-wrapper\"><p>[vc_row equal_height=\u00bbyes\u00bb content_placement=\u00bbmiddle\u00bb el_class=\u00bbtext-photo-block\u00bb][vc_column width=\u00bb1\/2&#8243; el_class=\u00bbside-image\u00bb offset=\u00bbvc_col-lg-offset-0 vc_col-lg-6 vc_col-md-6&#8243;][vc_column_text]<\/p>\n<h3>Somos un equipo diverso de abogados, investigadores, periodistas y expertos en derechos humanos. Todos somos defensores de los derechos humanos.<\/h3>\n<p>El Instituto Internacional sobre Raza, Igualdad y Derechos Humanos es una organizaci\u00f3n no gubernamental internacional que trabaja con organizaciones socias y activistas en Am\u00e9rica Latina para promover y proteger los derechos humanos de las poblaciones en condiciones de marginaci\u00f3n, ya sea por su origen nacional o \u00e9tnico, su orientaci\u00f3n sexual o identidad de g\u00e9nero. Fortalecemos a las organizaciones de base para que se conviertan en actores pol\u00edticos y promuevan cambios estructurales en los pa\u00edses donde trabajamos. Nuestra metodolog\u00eda se basa en la capacitaci\u00f3n t\u00e9cnica, la documentaci\u00f3n de violaciones de derechos humanos y el trabajo de incidencia a nivel nacional e internacional para lograr cambios estructurales sostenibles.<\/p>\n<p>[\/vc_column_text]<\/p>\n<p>[vc_btn title=\u00bbMisi\u00f3n y Visi\u00f3n\u00bb style=\u00bb- btn-2 txt-color03 arrow-color05&#8243; shape=\u00bbsquare\u00bb color=\u00bbwhite\u00bb link=\u00bburl:https%3A%2F%2Fracenadequapro.wpengine.com%2Fes%2Fmision-y-vision%2F|title:Misi%C3%B3n%20y%20Visi%C3%B3n|\u00bb] [vc_btn title=\u00bbNuestro Enfoque\u00bb style=\u00bb- btn-2 txt-color03 arrow-color05&#8243; shape=\u00bbsquare\u00bb color=\u00bbwhite\u00bb link=\u00bburl:https%3A%2F%2Fracenadequapro.wpengine.com%2Fes%2Fnuestro-enfoque%2F|title:Nuestro%20Enfoque|\u00bb] [vc_btn title=\u00bbNuestros Socios\u00bb style=\u00bb- btn-2 txt-color03 arrow-color05&#8243; shape=\u00bbsquare\u00bb color=\u00bbwhite\u00bb link=\u00bburl:https%3A%2F%2Fracenadequapro.wpengine.com%2Fes%2Fnuestros-socios%2F|title:Nuestros%20Socios|\u00bb] [vc_btn title=\u00bbNuestro Equipo\u00bb style=\u00bb- btn-2 txt-color03 arrow-color05&#8243; shape=\u00bbsquare\u00bb color=\u00bbwhite\u00bb link=\u00bburl:https%3A%2F%2Fracenadequapro.wpengine.com%2Fes%2Fnuestro-equipo%2F|title:Nuestro%20Equipo|\u00bb] [vc_btn title=\u00bbNuestro impacto\u00bb style=\u00bb- btn-2 txt-color03 arrow-color05&#8243; shape=\u00bbsquare\u00bb color=\u00bbwhite\u00bb link=\u00bburl:https%3A%2F%2Fracenadequapro.wpengine.com%2Fes%2Fnuestro-impacto%2F|title:Nuestro%20impacto|\u00bb]<\/p>\n<p>[\/vc_column]<br \/>\n[vc_column width=\u00bb1\/2&#8243; offset=\u00bbvc_col-lg-offset-1 vc_col-lg-5 vc_col-md-6&#8243; el_class=\u00bbside-text\u00bb][vc_single_image image=\u00bb16926&#8243; img_size=\u00bblarge\u00bb][\/vc_column][\/vc_row]<\/p>\n<\/div>","protected":false},"excerpt":{"rendered":"<p>[vc_row equal_height=\u00bbyes\u00bb content_placement=\u00bbmiddle\u00bb el_class=\u00bbtext-photo-block\u00bb][vc_column width=\u00bb1\/2&#8243; el_class=\u00bbside-image\u00bb offset=\u00bbvc_col-lg-offset-0 vc_col-lg-6 vc_col-md-6&#8243;][vc_column_text] Somos un equipo diverso de abogados, investigadores, periodistas y expertos en derechos humanos. Todos somos defensores de los derechos humanos. El [&hellip;]<\/p>\n","protected":false},"author":2,"featured_media":0,"parent":0,"menu_order":0,"comment_status":"closed","ping_status":"closed","template":"","meta":{"_acf_changed":false,"_uf_show_specific_survey":0,"_uf_disable_surveys":false,"footnotes":""},"class_list":["post-15006","page","type-page","status-publish","hentry"],"acf":[],"aioseo_notices":[],"_links":{"self":[{"href":"https:\/\/raceandequality.org\/es\/wp-json\/wp\/v2\/pages\/15006","targetHints":{"allow":["GET"]}}],"collection":[{"href":"https:\/\/raceandequality.org\/es\/wp-json\/wp\/v2\/pages"}],"about":[{"href":"https:\/\/raceandequality.org\/es\/wp-json\/wp\/v2\/types\/page"}],"author":[{"embeddable":true,"href":"https:\/\/raceandequality.org\/es\/wp-json\/wp\/v2\/users\/2"}],"replies":[{"embeddable":true,"href":"https:\/\/raceandequality.org\/es\/wp-json\/wp\/v2\/comments?post=15006"}],"version-history":[{"count":0,"href":"https:\/\/raceandequality.org\/es\/wp-json\/wp\/v2\/pages\/15006\/revisions"}],"wp:attachment":[{"href":"https:\/\/raceandequality.org\/es\/wp-json\/wp\/v2\/media?parent=15006"}],"curies":[{"name":"wp","href":"https:\/\/api.w.org\/{rel}","templated":true}]}}