{"id":15008,"date":"2022-05-10T19:52:26","date_gmt":"2022-05-10T19:52:26","guid":{"rendered":"https:\/\/racenadequapro.wpengine.com\/nuestros-socios\/"},"modified":"2023-08-14T18:58:08","modified_gmt":"2023-08-14T18:58:08","slug":"nuestros-socios","status":"publish","type":"page","link":"https:\/\/raceandequality.org\/es\/nuestros-socios\/","title":{"rendered":"Nuestros Socios"},"content":{"rendered":"<div class=\"wpb-content-wrapper\"><p>[vc_row][vc_column][vc_tta_accordion active_section=\u00bb1&#8243; collapsible_all=\u00bbtrue\u00bb title=\u00bbColombia\u00bb][vc_tta_section title=\u00bbAFRODES\u00bb tab_id=\u00bb1652294534659-7afd7ccb-61cb\u00bb][vc_single_image image=\u00bb5619&#8243; img_size=\u00bbfull\u00bb onclick=\u00bbcustom_link\u00bb link=\u00bbhttp:\/\/www.afrodescolombia.org\/\u00bb][vc_icon icon_fontawesome=\u00bbfab fa-twitter\u00bb color=\u00bbcustom\u00bb size=\u00bbsm\u00bb custom_color=\u00bb#a52b46&#8243; link=\u00bburl:https%3A%2F%2Ftwitter.com%2FAfrodesColombia%3Fs%3D20|title:%40AfrodesColombia|target:_blank\u00bb][vc_column_text]La Asociaci\u00f3n Nacional de Afrocolombianos Desplazados, <strong>AFRODES<\/strong> &#8216;misi\u00f3n es establecerse como una organizaci\u00f3n que brinda orientaci\u00f3n, apoyo, asesor\u00eda, asistencia, capacitaciones y di\u00e1logo relacionado con la defensa de los derechos y la identidad cultural de la poblaci\u00f3n afrocolombiana en estado de desplazamiento forzado, con el objetivo de buscar una vida digna para sus miembros. AFRODES busca sensibilizar al pueblo colombiano sobre el desplazamiento de las comunidades negras y recomendar pol\u00edticas al Estado colombiano para gestionar y resolver este problema.[\/vc_column_text][\/vc_tta_section][vc_tta_section title=\u00bbC.N.O.A.\u00bb tab_id=\u00bb1652294534673-4b241c12-6dfb\u00bb][vc_single_image image=\u00bb5621&#8243; img_size=\u00bbfull\u00bb onclick=\u00bbcustom_link\u00bb link=\u00bbhttps:\/\/convergenciacnoa.org\/\u00bb][vc_icon icon_fontawesome=\u00bbfab fa-twitter\u00bb color=\u00bbcustom\u00bb size=\u00bbsm\u00bb custom_color=\u00bb#a52b46&#8243; link=\u00bburl:https%3A%2F%2Ftwitter.com%2Fcnoa_afro|target:_blank\u00bb][vc_column_text]La Conferencia Nacional de Organizaciones Afrocolombianas (<strong>C.N.O.A<\/strong>) es una organizaci\u00f3n paraguas nacional compuesta por m\u00e1s de 270 organizaciones afrodescendientes. CNOA trabaja a favor de los derechos humanos de las personas afrocolombianas y sus intereses colectivos. Ayuda a promover las iniciativas de las organizaciones afrocolombianas a trav\u00e9s del desarrollo de capacidades en incidencia pol\u00edtica y legislativa, fortalecimiento organizacional y comunicaci\u00f3n estrat\u00e9gica en todo el territorio.[\/vc_column_text][\/vc_tta_section][vc_tta_section title=\u00bbCaribe Afirmativo\u00bb tab_id=\u00bb1652294720809-d06e341e-d272&#8243;][vc_single_image image=\u00bb5623&#8243; img_size=\u00bbfull\u00bb onclick=\u00bbcustom_link\u00bb link=\u00bbhttps:\/\/caribeafirmativo.lgbt\/\u00bb][vc_icon icon_fontawesome=\u00bbfab fa-twitter\u00bb color=\u00bbcustom\u00bb size=\u00bbsm\u00bb link=\u00bburl:https%3A%2F%2Ftwitter.com%2FCaribeafirmativ|target:_blank\u00bb custom_color=\u00bb#a52b46&#8243;][vc_column_text]<strong>Caribe Afirmativo aboga<\/strong> por el establecimiento y posicionamiento de agendas de g\u00e9nero y diversidad sexual en la regi\u00f3n caribe\u00f1a de Colombia con el objetivo de obtener el reconocimiento de los derechos y el acceso a la justicia para las personas LGBTI en un entorno de posconflicto. Las \u00e1reas focales de Caribe Afirmativo son el fortalecimiento de la integraci\u00f3n social de la poblaci\u00f3n LGBTI y la capacitaci\u00f3n de l\u00edderes LGBTI en las agendas pol\u00edticas del entorno posconflicto; investigar los da\u00f1os causados por los actores armados; y la realizaci\u00f3n de planes de acci\u00f3n afirmativa para garantizar el acceso al sistema de reparaci\u00f3n integral establecido por la ley.[\/vc_column_text][\/vc_tta_section][vc_tta_section title=\u00bbGAAT\u00bb tab_id=\u00bb1652295564064-c5696ef2-1fbd\u00bb][vc_single_image image=\u00bb5625&#8243; img_size=\u00bbmedium\u00bb onclick=\u00bbcustom_link\u00bb link=\u00bbhttps:\/\/fundaciongaat.org\/\u00bb][vc_icon icon_fontawesome=\u00bbfab fa-twitter\u00bb color=\u00bbcustom\u00bb size=\u00bbsm\u00bb link=\u00bburl:https%3A%2F%2Ftwitter.com%2FFundacionGAAT|target:_blank\u00bb custom_color=\u00bb#a52b46&#8243;][vc_column_text]La Fundaci\u00f3n del Grupo de Apoyo y Acci\u00f3n Trans (<strong>GAAT<\/strong>) es una organizaci\u00f3n social de base comunitaria que trabaja para defender y hacer valer los derechos humanos y el ejercicio pleno de la ciudadan\u00eda de la poblaci\u00f3n trans y sus redes de apoyo en toda Colombia, en particular llevando a cabo actividades de incidencia pol\u00edtica y transformaciones sociales y culturales en Colombia en su ciudad capital de Bogot\u00e1. Su trabajo contribuye al desarrollo de sociedades que reconocen la diversidad de g\u00e9nero y garantizan el pleno alcance de los derechos de las personas trans.[\/vc_column_text][\/vc_tta_section][vc_tta_section title=\u00bbFundaci\u00f3n Afrocolombiana Arco Iris\u00bb tab_id=\u00bb1652295745114-ca2538d9-3773&#8243;][vc_single_image image=\u00bb5627&#8243; img_size=\u00bbmedium\u00bb onclick=\u00bbcustom_link\u00bb link=\u00bbhttp:\/\/fundarcoiris.com.co\/\u00bb][vc_icon icon_fontawesome=\u00bbfab fa-facebook\u00bb color=\u00bbcustom\u00bb size=\u00bbsm\u00bb link=\u00bburl:https%3A%2F%2Fwww.facebook.com%2FFundaci%25C3%25B3n-Afrocolombiana-Arco-Iris-1935189256514163%2F|target:_blank\u00bb custom_color=\u00bb#a52b46&#8243;][vc_column_text]La <strong>Fundaci\u00f3n Afrocolombiana Arco Iris<\/strong> trabaja para desarrollar, promover y proteger los derechos de la poblaci\u00f3n LGBT en el municipio de Tumaco y los municipios costeros del Departamento de Nari\u00f1o, Colombia. mediante la planificaci\u00f3n, organizaci\u00f3n e implementaci\u00f3n de proyectos de promoci\u00f3n de los derechos LGBT apoyados por la Alcald\u00eda y el Gobierno Departamental y dirigidos a la sociedad civil (espec\u00edficamente, en barrios perif\u00e9ricos y espacios de encuentro para personas LGBT) e instituciones de todos los sectores, la Fundaci\u00f3n busca promover la aceptaci\u00f3n de la diversidad, la igualdad y el respeto por la orientaci\u00f3n sexual y la identidad de g\u00e9nero de las lesbianas, Personas homosexuales, transg\u00e9nero, bisexuales e intersexuales.[\/vc_column_text][\/vc_tta_section][vc_tta_section title=\u00bbSomos Identidad\u00bb tab_id=\u00bb1652295916479-11e1a045-b8ec\u00bb][vc_single_image image=\u00bb5629&#8243; img_size=\u00bbfull\u00bb onclick=\u00bbcustom_link\u00bb link=\u00bbhttps:\/\/www.somosidentidad.org\/\u00bb][vc_icon icon_fontawesome=\u00bbfab fa-twitter\u00bb color=\u00bbcustom\u00bb size=\u00bbsm\u00bb link=\u00bburl:https%3A%2F%2Ftwitter.com%2FSOMOS_IDENTIDAD|target:_blank\u00bb custom_color=\u00bb#a52b46&#8243;][vc_column_text]La Fundaci\u00f3n Afrodescendiente para la Diversidad Social y Sexual (<strong>Somos Identidad<\/strong>) es una organizaci\u00f3n comunitaria con sede en la ciudad de Santiago de Cali, Colombia. A trav\u00e9s de sus tres \u00e1reas de trabajo \u2013 \u00e9tnica\/racial, g\u00e9nero\/generaci\u00f3n y diversidad sexual \u2013 Somos Identidad brinda apoyo, orientaci\u00f3n y acompa\u00f1amiento a personas afrodescendientes que desean convertirse en profesionales a trav\u00e9s de acciones afirmativas. Hasta la fecha, Somos Identidad cuenta con 165 estudiantes activos en varias universidades.[\/vc_column_text][\/vc_tta_section][\/vc_tta_accordion][\/vc_column][\/vc_row][vc_row][vc_column][vc_tta_accordion active_section=\u00bb1&#8243; collapsible_all=\u00bbtrue\u00bb title=\u00bbBrasil\u00bb][vc_tta_section title=\u00bbCriola\u00bb tab_id=\u00bb1652296067458-1e0142d1-687f\u00bb][vc_single_image image=\u00bb5631&#8243; img_size=\u00bbmedium\u00bb onclick=\u00bbcustom_link\u00bb link=\u00bbhttps:\/\/criola.org.br\/\u00bb][vc_icon icon_fontawesome=\u00bbfab fa-twitter\u00bb color=\u00bbcustom\u00bb size=\u00bbsm\u00bb link=\u00bburl:https%3A%2F%2Ftwitter.com%2FONGCriola|target:_blank\u00bb custom_color=\u00bb#a52b46&#8243;][vc_column_text]<strong>Criola<\/strong> es una organizaci\u00f3n de la sociedad civil con m\u00e1s de 25 a\u00f1os de experiencia defendiendo y promoviendo los derechos de las mujeres negras. Fundada en 1992, la organizaci\u00f3n trabaja para construir una sociedad en la que la justicia, la igualdad y la solidaridad sean valores fundamentales. Criola confronta el racismo, el sexismo, la lesbofobia y la transfobia y, al hacerlo, fomenta el desarrollo de acciones dirigidas a mejorar las condiciones de vida de la poblaci\u00f3n negra, particularmente de las mujeres negras. Durante casi tres d\u00e9cadas, Criola ha reafirmado que la acci\u00f3n transformadora de las mujeres negras es esencial para el bienestar de toda la sociedad brasile\u00f1a.[\/vc_column_text][\/vc_tta_section][vc_tta_section title=\u00bbRede Afro-LGBT\u00bb tab_id=\u00bb1652296067472-0fa89dcd-2680&#8243;][vc_single_image image=\u00bb5633&#8243; img_size=\u00bbmedium\u00bb][vc_icon icon_fontawesome=\u00bbfab fa-twitter\u00bb color=\u00bbcustom\u00bb size=\u00bbsm\u00bb link=\u00bburl:https%3A%2F%2Ftwitter.com%2FRedeAfroLGBT|target:_blank\u00bb custom_color=\u00bb#a52b46&#8243;][vc_column_text]La <strong>Red LGBT AFRO<\/strong> es un movimiento social regional cuyo objetivo es promover la ciudadan\u00eda y fortalecer la autoestima entre la comunidad negra LGBT (lesbianas, gays, bisexuales, transexuales e intersexuales) que lucha contra el racismo y todas las formas de homofobia, as\u00ed como otros medios de opresi\u00f3n y exclusi\u00f3n.[\/vc_column_text][\/vc_tta_section][vc_tta_section title=\u00bbGeledes\u00bb tab_id=\u00bb1652297024309-6b9d35d6-41d1&#8243;][vc_single_image image=\u00bb5637&#8243; img_size=\u00bbmedium\u00bb onclick=\u00bbcustom_link\u00bb link=\u00bbhttps:\/\/www.geledes.org.br\/\u00bb][vc_icon icon_fontawesome=\u00bbfab fa-twitter\u00bb color=\u00bbcustom\u00bb size=\u00bbsm\u00bb link=\u00bburl:https%3A%2F%2Ftwitter.com%2Fgeledes%2F|target:_blank\u00bb custom_color=\u00bb#a52b46&#8243;][vc_column_text]<strong>El Instituto Geled\u00e9s para Mujeres Negras<\/strong> fue creado el 30 de abril de 1988. Es una organizaci\u00f3n pol\u00edtica de mujeres negras cuya misi\u00f3n institucional es luchar contra el racismo y el sexismo. Geled\u00e9s busca consolidar las discusiones sobre los temas de las mujeres negras como aspectos fundamentales de la cuesti\u00f3n de g\u00e9nero m\u00e1s amplia en la sociedad brasile\u00f1a y promover el debate sobre la necesidad de adoptar pol\u00edticas p\u00fablicas inclusivas para la realizaci\u00f3n del principio de igualdad de oportunidades para todos.[\/vc_column_text][\/vc_tta_section][vc_tta_section title=\u00bbArticula\u00e7\u00e3o de Mulheres Negras Brasileiras\u00bb tab_id=\u00bb1652297131823-f2ae78cc-18f9&#8243;][vc_single_image image=\u00bb5639&#8243; img_size=\u00bbmedium\u00bb onclick=\u00bbcustom_link\u00bb link=\u00bbhttps:\/\/amnb.org.br\/\u00bb][vc_icon icon_fontawesome=\u00bbfab fa-facebook\u00bb color=\u00bbcustom\u00bb size=\u00bbsm\u00bb link=\u00bburl:https%3A%2F%2Fwww.facebook.com%2Famnboficial%2F|target:_blank\u00bb custom_color=\u00bb#a52b46&#8243;][vc_column_text]<strong>La Articulaci\u00f3n de Organizaciones de Mujeres Negras (AMNB)<\/strong> es una red de organizaciones de mujeres negras, que actualmente consta de 29 organizaciones que representan a todas las regiones de Brasil. La misi\u00f3n institucional de la AMNB es promover la acci\u00f3n pol\u00edtica coordinada de grupos no gubernamentales y organizaciones de mujeres negras brasile\u00f1as que enfrentan racismo, sexismo, opresi\u00f3n de clase, lesbofobia y todas las formas de discriminaci\u00f3n, con el fin de contribuir a la transformaci\u00f3n de las relaciones de poder existentes en Brasil.[\/vc_column_text][\/vc_tta_section][\/vc_tta_accordion][\/vc_column][\/vc_row][vc_row][vc_column][vc_tta_accordion active_section=\u00bb1&#8243; collapsible_all=\u00bbtrue\u00bb title=\u00bbRep\u00fablica Dominicana\u00bb][vc_tta_section title=\u00bbTRANSSA\u00bb tab_id=\u00bb1652297260759-12ae559a-f9ac\u00bb][vc_single_image image=\u00bb5641&#8243; img_size=\u00bbmedium\u00bb onclick=\u00bbcustom_link\u00bb link=\u00bbhttps:\/\/transsa.org\/\u00bb][vc_icon icon_fontawesome=\u00bbfab fa-twitter\u00bb color=\u00bbcustom\u00bb size=\u00bbsm\u00bb link=\u00bburl:https%3A%2F%2Ftwitter.com%2FTRANSSA_TransRD|target:_blank\u00bb custom_color=\u00bb#a52b46&#8243;][vc_column_text]<strong>TRANSSA (Trans Always Friends)<\/strong> es una organizaci\u00f3n comunitaria que promueve la defensa de los derechos humanos de la poblaci\u00f3n transg\u00e9nero, comenzando por reducir la discriminaci\u00f3n contra esta comunidad por parte de la poblaci\u00f3n en general. TRANSSA aboga por la igualdad para la comunidad transg\u00e9nero dominicana promoviendo el liderazgo y el respeto. Es un lugar donde las personas transg\u00e9nero pueden encontrar apoyo y presentar sus quejas y juntos buscar soluciones y tratar de lograr una mejor calidad de vida.[\/vc_column_text][\/vc_tta_section][vc_tta_section title=\u00bbMOSCTHA\u00bb tab_id=\u00bb1652297260779-8d90bcfc-4a40&#8243;][vc_single_image image=\u00bb5643&#8243; img_size=\u00bbmedium\u00bb onclick=\u00bbcustom_link\u00bb link=\u00bbhttp:\/\/www.mosctha.org\/\u00bb][vc_icon icon_fontawesome=\u00bbfab fa-facebook\u00bb color=\u00bbcustom\u00bb size=\u00bbsm\u00bb link=\u00bburl:https%3A%2F%2Fwww.facebook.com%2Fmosctha|target:_blank\u00bb custom_color=\u00bb#a52b46&#8243;][vc_column_text]El Movimiento Sociocultural para los Trabajadores Haitianos (<strong>MOSCTHA<\/strong>) fue fundado en 1985. Es una organizaci\u00f3n sin fines de lucro cuyo objetivo principal es implementar programas y proyectos integrales de desarrollo comunitario que contribuyan al mejoramiento de la calidad de vida y presionen por el respeto de los derechos humanos de los inmigrantes haitianos, sus familias y otras poblaciones empobrecidas. A trav\u00e9s de la gesti\u00f3n e implementaci\u00f3n de programas en la Rep\u00fablica Dominicana y Hait\u00ed, MOSCTHA ofrece a las comunidades herramientas, activos y recursos necesarios para un futuro pr\u00f3spero y sostenible.[\/vc_column_text][\/vc_tta_section][\/vc_tta_accordion][\/vc_column][\/vc_row][vc_row][vc_column][vc_tta_accordion active_section=\u00bb1&#8243; collapsible_all=\u00bbtrue\u00bb title=\u00bbPer\u00fa\u00bb][vc_tta_section title=\u00bbCEDEMUNEP\u00bb tab_id=\u00bb1652297670537-fb481572-c14d\u00bb][vc_single_image image=\u00bb5647&#8243; img_size=\u00bbmedium\u00bb onclick=\u00bbcustom_link\u00bb link=\u00bbhttps:\/\/cedemunep.blogspot.com\/\u00bb][vc_icon icon_fontawesome=\u00bbfab fa-facebook\u00bb color=\u00bbcustom\u00bb size=\u00bbsm\u00bb link=\u00bburl:https%3A%2F%2Fwww.facebook.com%2Fcentro.cedemunep|target:_blank\u00bb custom_color=\u00bb#a52b46&#8243;][vc_column_text]El Centro para el Desarrollo de la Mujer Negra Peruana (<strong>CEDEMUNEP<\/strong>) es una organizaci\u00f3n no gubernamental sin fines de lucro que busca mejorar las condiciones de vida de las mujeres afroperuanas; luchar contra la discriminaci\u00f3n, la exclusi\u00f3n y la marginaci\u00f3n; y promover el respeto y cumplimiento de sus derechos humanos, as\u00ed como los de sus hermanas de otros grupos \u00e9tnicos.[\/vc_column_text][\/vc_tta_section][vc_tta_section title=\u00bbAshanti Per\u00fa\u00bb tab_id=\u00bb1652297670555-9bc0896c-301c\u00bb][vc_single_image image=\u00bb5649&#8243; img_size=\u00bbmedium\u00bb onclick=\u00bbcustom_link\u00bb link=\u00bbhttps:\/\/ashantiperu.org\/\u00bb][vc_icon icon_fontawesome=\u00bbfab fa-twitter\u00bb color=\u00bbblack\u00bb size=\u00bbsm\u00bb link=\u00bburl:https%3A%2F%2Ftwitter.com%2Fashantiperu|target:_blank\u00bb][vc_column_text]<strong>Ashanti Per\u00fa<\/strong> es una organizaci\u00f3n de j\u00f3venes afrodescendientes que ha contribuido desde 2004 a la creaci\u00f3n de una sociedad democr\u00e1tica y justa a trav\u00e9s del reconocimiento de los derechos humanos, la participaci\u00f3n ciudadana y la formaci\u00f3n de j\u00f3venes afroperuanos como l\u00edderes sociales y pol\u00edticos con identidad. Ashanti Per\u00fa trabaja para garantizar la participaci\u00f3n activa de los j\u00f3venes afroperuanos en las esferas de toma de decisiones pol\u00edticas promoviendo la visibilidad y la inclusi\u00f3n social de los afroperuanos y otros grupos vulnerables. Como tal, se especializa en formar l\u00edderes sociales y pol\u00edticos mediante el fortalecimiento de su capacidad y conocimiento. Trabaja con una red nacional de j\u00f3venes, mujeres y hombres afroperuanos en iniciativas de incidencia pol\u00edtica, investigaci\u00f3n y formaci\u00f3n de la identidad, el liderazgo, los derechos humanos y la igualdad de g\u00e9nero afroperuanos, as\u00ed como en la promoci\u00f3n del di\u00e1logo y la gobernabilidad democr\u00e1tica.[\/vc_column_text][\/vc_tta_section][\/vc_tta_accordion][\/vc_column][\/vc_row][vc_row][vc_column][vc_tta_accordion active_section=\u00bb1&#8243; collapsible_all=\u00bbtrue\u00bb title=\u00bbRegional\u00bb][vc_tta_section title=\u00bbRed de Mujeres Afrolatinas, Afrocaribe\u00f1as y de la Di\u00e1spora\u00bb tab_id=\u00bb1652297928239-9f508dda-685f\u00bb][vc_single_image image=\u00bb5651&#8243; img_size=\u00bbmedium\u00bb onclick=\u00bbcustom_link\u00bb link=\u00bbhttp:\/\/www.mujeresafro.org\/\u00bb][vc_icon icon_fontawesome=\u00bbfab fa-twitter\u00bb color=\u00bbcustom\u00bb size=\u00bbsm\u00bb link=\u00bburl:https%3A%2F%2Ftwitter.com%2FCumbreAfro|target:_blank\u00bb custom_color=\u00bb#a52b46&#8243;][vc_column_text]La <strong>Red de Mujeres Afrolatinas, Afrocaribe\u00f1as y de la Di\u00e1spora<\/strong> es un espacio de coordinaci\u00f3n y empoderamiento de las mujeres afrodescendientes para la construcci\u00f3n y reconocimiento de sociedades democr\u00e1ticas, equitativas, justas, multiculturales y libres de racismo, discriminaci\u00f3n racial, sexismo y exclusi\u00f3n, as\u00ed como la promoci\u00f3n de principios interculturales.[\/vc_column_text][\/vc_tta_section][vc_tta_section title=\u00bbRed Afro-LGBTI de Am\u00e9rica Latina y el Caribe\u00bb tab_id=\u00bb1652297928258-b729aa2a-d901&#8243;][vc_single_image image=\u00bb5653&#8243; img_size=\u00bbmedium\u00bb][vc_column_text]La <strong>Red Afro-LGBTI de Am\u00e9rica Latina y el Caribe<\/strong> aumenta la visibilidad de las violaciones de los derechos humanos de las comunidades afroLGBTI; crea conciencia para permitir la comprensi\u00f3n de la relaci\u00f3n entre estas violaciones y la intersecci\u00f3n de la diversidad sexual \/ racial; aboga a nivel nacional e internacional en favor de la adopci\u00f3n de pol\u00edticas p\u00fablicas; luchar por el derecho a la justicia; y contribuye a la eliminaci\u00f3n de la discriminaci\u00f3n racial, la transfobia y la homofobia dentro de los movimientos afrodescendientes y LGBTI. Adem\u00e1s, la Red trabaja para fortalecer la coordinaci\u00f3n y los v\u00ednculos entre los procesos organizativos que abogan por el pleno disfrute de los derechos humanos de los grupos afro-LGBTI, con la perspectiva de desarrollar acciones de incidencia pol\u00edtica nacionales e internacionales para que los Estados regionales adopten pol\u00edticas p\u00fablicas que garanticen sus derechos.[\/vc_column_text][\/vc_tta_section][\/vc_tta_accordion][\/vc_column][\/vc_row][vc_row][vc_column][vc_tta_accordion active_section=\u00bb1&#8243; collapsible_all=\u00bbtrue\u00bb title=\u00bbAm\u00e9rica Central\u00bb][vc_tta_section title=\u00bbONECA\u00bb tab_id=\u00bb1652298151898-65b8884c-5537&#8243;][vc_single_image image=\u00bb5645&#8243; img_size=\u00bbmedium\u00bb][vc_column_text]<strong>ONECA<\/strong> se form\u00f3 en Dangriga, Belice el 25 de agosto de 1995 como una organizaci\u00f3n transfronteriza capaz de aumentar la visibilidad y fortalecer la vida social, pol\u00edtica, econ\u00f3mica, cultural, ambiental y organizativa de las comunidades afrodescendientes centroamericanas y de los afrodescendientes centroamericanos que viven en los Estados Unidos. ONECA trabaja para promover el desarrollo integral de los pueblos y comunidades afrodescendientes centroamericanos desde una perspectiva de derechos humanos, buscando en todas sus acciones la unidad en la diversidad, igualdad y equidad de g\u00e9nero, etnia y raza entre los seres humanos y combatir frontalmente el racismo y la discriminaci\u00f3n.[\/vc_column_text][\/vc_tta_section][\/vc_tta_accordion][\/vc_column][\/vc_row]<\/p>\n<\/div>","protected":false},"excerpt":{"rendered":"<p>[vc_row][vc_column][vc_tta_accordion active_section=\u00bb1&#8243; collapsible_all=\u00bbtrue\u00bb title=\u00bbColombia\u00bb][vc_tta_section title=\u00bbAFRODES\u00bb tab_id=\u00bb1652294534659-7afd7ccb-61cb\u00bb][vc_single_image image=\u00bb5619&#8243; img_size=\u00bbfull\u00bb onclick=\u00bbcustom_link\u00bb link=\u00bbhttp:\/\/www.afrodescolombia.org\/\u00bb][vc_icon icon_fontawesome=\u00bbfab fa-twitter\u00bb color=\u00bbcustom\u00bb size=\u00bbsm\u00bb custom_color=\u00bb#a52b46&#8243; link=\u00bburl:https%3A%2F%2Ftwitter.com%2FAfrodesColombia%3Fs%3D20|title:%40AfrodesColombia|target:_blank\u00bb][vc_column_text]La Asociaci\u00f3n Nacional de Afrocolombianos Desplazados, AFRODES &#8216;misi\u00f3n es establecerse como una organizaci\u00f3n que brinda [&hellip;]<\/p>\n","protected":false},"author":2,"featured_media":0,"parent":0,"menu_order":0,"comment_status":"closed","ping_status":"closed","template":"","meta":{"_acf_changed":false,"_uf_show_specific_survey":0,"_uf_disable_surveys":false,"footnotes":""},"class_list":["post-15008","page","type-page","status-publish","hentry"],"acf":[],"aioseo_notices":[],"_links":{"self":[{"href":"https:\/\/raceandequality.org\/es\/wp-json\/wp\/v2\/pages\/15008","targetHints":{"allow":["GET"]}}],"collection":[{"href":"https:\/\/raceandequality.org\/es\/wp-json\/wp\/v2\/pages"}],"about":[{"href":"https:\/\/raceandequality.org\/es\/wp-json\/wp\/v2\/types\/page"}],"author":[{"embeddable":true,"href":"https:\/\/raceandequality.org\/es\/wp-json\/wp\/v2\/users\/2"}],"replies":[{"embeddable":true,"href":"https:\/\/raceandequality.org\/es\/wp-json\/wp\/v2\/comments?post=15008"}],"version-history":[{"count":0,"href":"https:\/\/raceandequality.org\/es\/wp-json\/wp\/v2\/pages\/15008\/revisions"}],"wp:attachment":[{"href":"https:\/\/raceandequality.org\/es\/wp-json\/wp\/v2\/media?parent=15008"}],"curies":[{"name":"wp","href":"https:\/\/api.w.org\/{rel}","templated":true}]}}