{"id":16724,"date":"2023-07-26T18:13:04","date_gmt":"2023-07-26T18:13:04","guid":{"rendered":"https:\/\/racenadequapro.wpengine.com\/?page_id=16724"},"modified":"2023-08-15T15:51:51","modified_gmt":"2023-08-15T15:51:51","slug":"pueblos-indigenas","status":"publish","type":"page","link":"https:\/\/raceandequality.org\/es\/pueblos-indigenas\/","title":{"rendered":"Pueblos Ind\u00edgenas"},"content":{"rendered":"<div class=\"wpb-content-wrapper\"><p>[vc_row full_width=\u00bbstretch_row\u00bb enable_elevation_custom_background_color=\u00bbyes\u00bb el_class=\u00bbtext-only-block padding-vertical\u00bb][vc_column offset=\u00bbvc_col-lg-10 vc_col-md-11&#8243;][vc_column_text]De acuerdo con datos de la Organizaci\u00f3n Internacional del Trabajo (OIT), en Am\u00e9rica Latina existen alrededor de 55 millones de personas ind\u00edgenas, equivalentes al 8,5% de la poblaci\u00f3n a nivel regional, siendo M\u00e9xico, Guatemala, Per\u00fa y Bolivia los pa\u00edses donde se encuentra el 80% de dicha poblaci\u00f3n.<\/p>\n<p>Las personas ind\u00edgenas han sido hist\u00f3ricamente marginadas y discriminadas en la regi\u00f3n, lo que ha desembocado en una grave violaci\u00f3n de sus derechos humanos. \u00a0La discriminaci\u00f3n estructural que enfrenta la poblaci\u00f3n ind\u00edgena se manifiesta en altos niveles de pobreza y escaso acceso a servicios b\u00e1sicos, incluyendo educaci\u00f3n, agua y vivienda, lo cual se suma al irrespeto e invasi\u00f3n de sus territorios en condiciones de extrema violencia y, en muchos casos, en la impunidad.[\/vc_column_text][\/vc_column][\/vc_row][vc_row full_width=\u00bbstretch_row\u00bb equal_height=\u00bbyes\u00bb content_placement=\u00bbmiddle\u00bb enable_elevation_custom_background_color=\u00bbyes\u00bb elevation_background_color_type=\u00bbbg-color06-color\u00bb el_class=\u00bbtext-only-block padding-vertical\u00bb][vc_column width=\u00bb1\/2&#8243;][vc_column_text]<\/p>\n<h3>Nuestro trabajo con pueblos ind\u00edgenas<\/h3>\n<p>Raza e Igualdad enfoca su trabajo en los siguientes ejes:<\/p>\n<ul>\n<li>Promover la incorporaci\u00f3n de la variable \u00e9tnico\/racial en los censos nacionales de poblaci\u00f3n en los pa\u00edses de Am\u00e9rica Latina. Esto representa un elemento esencial para conocer la calidad de vida de los pueblos ind\u00edgenas.<\/li>\n<li>Promover la efectiva participaci\u00f3n de los pueblos ind\u00edgenas en las actividades de la Organizaci\u00f3n de los Estados Americanos (OEA) y sus distintos \u00f3rganos, incluyendo la Asamblea General de la OEA, la Cumbre de las Am\u00e9ricas y la Comisi\u00f3n Interamericana de Derechos Humanos (CIDH), especialmente la Relator\u00eda sobre los Derechos de los Pueblos Ind\u00edgenas.<\/li>\n<li>Buscar la efectiva ratificaci\u00f3n e implementaci\u00f3n de la Convenci\u00f3n Interamericana contra el Racismo, la Discriminaci\u00f3n Racial y Formas Conexas de Intolerancia (CIRDI)<\/li>\n<li>En la Organizaci\u00f3n de las Naciones Unidas (ONU), buscamos incidir en los Procedimientos Especiales, entre ellos el Foro Permanente Para las Cuestiones Ind\u00edgenas de la ONU y en el Mecanismo de Expertos sobre los Derechos de los Pueblos Ind\u00edgenas, as\u00ed como en los \u00f3rganos de Tratados como el Comit\u00e9 para la Eliminaci\u00f3n de la Discriminaci\u00f3n Racial (CERD).<\/li>\n<\/ul>\n<p>[\/vc_column_text][\/vc_column][vc_column width=\u00bb1\/2&#8243;][vc_single_image image=\u00bb16899&#8243; img_size=\u00bblarge\u00bb][\/vc_column][\/vc_row]<\/p>\n<\/div>","protected":false},"excerpt":{"rendered":"<p>[vc_row full_width=\u00bbstretch_row\u00bb enable_elevation_custom_background_color=\u00bbyes\u00bb el_class=\u00bbtext-only-block padding-vertical\u00bb][vc_column offset=\u00bbvc_col-lg-10 vc_col-md-11&#8243;][vc_column_text]De acuerdo con datos de la Organizaci\u00f3n Internacional del Trabajo (OIT), en Am\u00e9rica Latina existen alrededor de 55 millones de personas ind\u00edgenas, equivalentes al [&hellip;]<\/p>\n","protected":false},"author":15,"featured_media":0,"parent":0,"menu_order":0,"comment_status":"closed","ping_status":"closed","template":"page-templates\/no_padding.php","meta":{"_acf_changed":false,"_uf_show_specific_survey":0,"_uf_disable_surveys":false,"footnotes":""},"class_list":["post-16724","page","type-page","status-publish","hentry"],"acf":[],"aioseo_notices":[],"_links":{"self":[{"href":"https:\/\/raceandequality.org\/es\/wp-json\/wp\/v2\/pages\/16724","targetHints":{"allow":["GET"]}}],"collection":[{"href":"https:\/\/raceandequality.org\/es\/wp-json\/wp\/v2\/pages"}],"about":[{"href":"https:\/\/raceandequality.org\/es\/wp-json\/wp\/v2\/types\/page"}],"author":[{"embeddable":true,"href":"https:\/\/raceandequality.org\/es\/wp-json\/wp\/v2\/users\/15"}],"replies":[{"embeddable":true,"href":"https:\/\/raceandequality.org\/es\/wp-json\/wp\/v2\/comments?post=16724"}],"version-history":[{"count":0,"href":"https:\/\/raceandequality.org\/es\/wp-json\/wp\/v2\/pages\/16724\/revisions"}],"wp:attachment":[{"href":"https:\/\/raceandequality.org\/es\/wp-json\/wp\/v2\/media?parent=16724"}],"curies":[{"name":"wp","href":"https:\/\/api.w.org\/{rel}","templated":true}]}}