{"id":19465,"date":"2024-12-09T22:09:44","date_gmt":"2024-12-09T22:09:44","guid":{"rendered":"https:\/\/raceandequality.org\/?page_id=19465"},"modified":"2024-12-09T22:09:44","modified_gmt":"2024-12-09T22:09:44","slug":"la-escalada-de-la-violencia-policial-en-sao-paulo-y-ahora-quien-protege-a-los-ciudadanos","status":"publish","type":"page","link":"https:\/\/raceandequality.org\/es\/la-escalada-de-la-violencia-policial-en-sao-paulo-y-ahora-quien-protege-a-los-ciudadanos\/","title":{"rendered":"La Escalada de la Violencia Policial en S\u00e3o Paulo: \u00bfy ahora, qui\u00e9n protege a los ciudadanos?"},"content":{"rendered":"<p>&nbsp;<\/p>\n<p><b><span data-contrast=\"auto\">Brasil, 5 de diciembre de 2024 &#8211;<\/span><\/b><span data-contrast=\"auto\"> Brasil avanza a grandes pasos en la direcci\u00f3n contraria al respeto de los derechos humanos, sobre todo al observar el racismo estructural y sist\u00e9mico, resultado de pol\u00edticas continuas que evidencian violaciones y el menosprecio por la vida de las personas negras. La violencia como pol\u00edtica de seguridad p\u00fablica se manifiesta principalmente en las periferias de los grandes centros urbanos y, solo en 2024, las cifras de pr\u00e1cticas abusivas de violencia policial contin\u00faan aumentando exponencialmente. Ante este escenario, el Instituto sobre Raza, Igualdad y Derechos Humanos (Raza e Igualdad) insta a una acci\u00f3n objetiva y directa por parte del Estado brasile\u00f1o frente a la gesti\u00f3n de la seguridad p\u00fablica en S\u00e3o Paulo. Es imprescindible una pol\u00edtica de seguridad basada en derechos que responsabilice al autoritarismo y la negligencia de la corporaci\u00f3n militar.<\/span><span data-ccp-props=\"{&quot;335551550&quot;:6,&quot;335551620&quot;:6}\">\u00a0<\/span><\/p>\n<p>&nbsp;<\/p>\n<p><b><span data-contrast=\"auto\">El Estado de S\u00e3o Paulo, seg\u00fan datos del Ministerio P\u00fablico Estatal, experiment\u00f3 un aumento del 46% en las muertes cometidas por polic\u00edas. Solo entre enero y noviembre de 2024, se registraron 673 muertes a manos de la polic\u00eda paulista, con un promedio de dos v\u00edctimas mortales por d\u00eda.<\/span><\/b><span data-ccp-props=\"{&quot;335551550&quot;:6,&quot;335551620&quot;:6}\">\u00a0<\/span><\/p>\n<p>&nbsp;<\/p>\n<p><span data-contrast=\"auto\">Los acontecimientos recientes evidencian una falta de control y gesti\u00f3n de la pol\u00edtica de seguridad p\u00fablica en el Estado de S\u00e3o Paulo. Diversos casos fueron presenciados por ciudadanos e incluso registrados a trav\u00e9s de c\u00e1maras corporales de los polic\u00edas, mostrando una violencia exacerbada, incluso cuando el sospechoso ya estaba sometido. Las acciones brutales de la Polic\u00eda Militar van desde disparos en la cabeza, ejecuciones por la espalda con 11 disparos, ejecuciones a quemarropa, la muerte de un ni\u00f1o en un supuesto tiroteo, agresiones f\u00edsicas, una persona abordada por 13 polic\u00edas, hasta un oficial arrojando el cuerpo de una v\u00edctima desde un puente en la zona sur de S\u00e3o Paulo, entre otros. Estos casos plantean la siguiente pregunta: \u00bfexiste alg\u00fan tipo de control efectivo sobre la polic\u00eda militar o esta polic\u00eda tiene carta blanca del gobierno estatal para cometer violaciones?<\/span><span data-ccp-props=\"{&quot;335551550&quot;:6,&quot;335551620&quot;:6}\">\u00a0<\/span><\/p>\n<p><span data-contrast=\"auto\">Adem\u00e1s, destacamos que la creaci\u00f3n de una Defensor\u00eda Paralela por parte del Secretario de Seguridad P\u00fablica, Guilherme Derrite, es otra se\u00f1al de que las fuerzas policiales del Estado de S\u00e3o Paulo continuar\u00e1n su escalada de violencia e impunidad, considerando que ya existe una Defensor\u00eda de la Polic\u00eda Civil, que denuncia diariamente la pol\u00edtica de seguridad p\u00fablica del estado. La creaci\u00f3n de una defensor\u00eda paralela, sin autonom\u00eda alguna, refuerza, seg\u00fan la Orden de Abogados de Brasil (OAB \u2013 SP), otro paso hacia el debilitamiento de los mecanismos de control y transparencia de la actividad policial en el estado.<\/span><span data-ccp-props=\"{&quot;335551550&quot;:6,&quot;335551620&quot;:6}\">\u00a0<\/span><\/p>\n<p>&nbsp;<\/p>\n<blockquote><p><i><span data-contrast=\"auto\">\u201cEs evidente que la pol\u00edtica de seguridad p\u00fablica en el Estado de S\u00e3o Paulo sigue un camino contrario a los diversos informes de las Naciones Unidas que indican la necesidad de aplicar procedimientos de monitoreo, de contar con una corregidur\u00eda efectiva y no corporativista, destacando adem\u00e1s que los procesos deben ser \u00e1giles para restablecer cierta credibilidad en la Polic\u00eda Militar y en el gobierno estatal paulista\u201d,<\/span><\/i><span data-contrast=\"auto\"> se\u00f1ala Rodnei Jeric\u00f3, Director de Raza e Igualdad en Brasil.<\/span><span data-ccp-props=\"{&quot;335551550&quot;:6,&quot;335551620&quot;:6}\">\u00a0<\/span><\/p>\n<p>&nbsp;<\/p><\/blockquote>\n<p><span data-contrast=\"auto\">Tras su visita a Brasil en agosto de 2024, la Relatora Especial de la ONU sobre formas contempor\u00e1neas de racismo, discriminaci\u00f3n racial, xenofobia e intolerancia relacionada, Ashiwini K.P., public\u00f3 un informe sobre la cuesti\u00f3n racial en el pa\u00eds, destacando la gravedad y complejidad de la violencia de las fuerzas de seguridad p\u00fablica. El documento insta al Estado a tomar medidas m\u00e1s efectivas frente al sistema penitenciario y, aunque reconoce que el uso de c\u00e1maras policiales es un paso importante hacia una pol\u00edtica de seguridad antirracista, se\u00f1ala que hay informes de que estas c\u00e1maras no se utilizan y que se est\u00e1n aplicando medidas de perfilamiento racial sin base cient\u00edfica. Adem\u00e1s, la Relatora destac\u00f3 que son especialmente las madres afrodescendientes quienes pierden a sus hijos debido a la brutalidad policial, y que, adem\u00e1s de ser v\u00edctimas, estas tambi\u00e9n son criminalizadas.<\/span><span data-ccp-props=\"{&quot;335551550&quot;:6,&quot;335551620&quot;:6}\">\u00a0<\/span><\/p>\n<p><span data-contrast=\"auto\">En octubre de 2024, el Mecanismo Internacional de Expertos Independientes para el Avance de la Igualdad y la Justicia Racial en la Aplicaci\u00f3n de la Ley (EMLER) public\u00f3 un informe que destaca el racismo sist\u00e9mico arraigado en la polic\u00eda y en el sistema de justicia penal, donde el prejuicio racial, el perfilamiento racial y los estereotipos raciales influyen en la acci\u00f3n y la inacci\u00f3n del Estado. El uso excesivo de la fuerza por parte de las fuerzas de seguridad, que lleva a miles de muertes cada a\u00f1o, y el encarcelamiento excesivo, que afecta desproporcionadamente a las personas negras, son una consecuencia del racismo sist\u00e9mico que, combinado con las actuales pol\u00edticas de \u201cguerra contra el crimen\u201d, resulta en un proceso de limpieza social para eliminar sectores de la sociedad considerados indeseables, peligrosos y criminales. Esta es una cuesti\u00f3n sist\u00e9mica generalizada que exige una respuesta sist\u00e9mica y exhaustiva.<\/span><span data-ccp-props=\"{&quot;335551550&quot;:6,&quot;335551620&quot;:6}\">\u00a0<\/span><\/p>\n<p><span data-contrast=\"auto\">Entre las diversas recomendaciones emitidas por el EMLER, es importante destacar en la lucha contra la violencia policial con perfilamiento racial los siguientes puntos:<\/span><span data-ccp-props=\"{&quot;335551550&quot;:6,&quot;335551620&quot;:6}\">\u00a0<\/span><\/p>\n<p>&nbsp;<\/p>\n<ol>\n<li><span data-contrast=\"auto\">Establecer por ley un organismo nacional de control civil de las fuerzas policiales.<\/span><span data-ccp-props=\"{&quot;335551550&quot;:6,&quot;335551620&quot;:6}\">\u00a0<\/span><\/li>\n<li><span data-contrast=\"auto\">Establecer el uso obligatorio de c\u00e1maras corporales por parte de los polic\u00edas a nivel nacional.<\/span><span data-ccp-props=\"{&quot;335551550&quot;:6,&quot;335551620&quot;:6}\">\u00a0<\/span><\/li>\n<li><span data-contrast=\"auto\">Adoptar un enfoque basado en los derechos humanos para la vigilancia policial.<\/span><span data-ccp-props=\"{&quot;335551550&quot;:6,&quot;335551620&quot;:6}\">\u00a0<\/span><\/li>\n<li><span data-contrast=\"auto\">Terminar con las actuales pol\u00edticas de \u00abguerra contra las drogas\u00bb y \u00abguerra contra el crimen\u00bb y adoptar un enfoque basado en los derechos humanos para estas cuestiones.<\/span><span data-ccp-props=\"{&quot;335551550&quot;:6,&quot;335551620&quot;:6}\">\u00a0<\/span><\/li>\n<li><span data-contrast=\"auto\">Adoptar una legislaci\u00f3n nacional sobre el uso de la fuerza que cumpla con las normas internacionales de derechos humanos, particularmente con los principios de legalidad, precauci\u00f3n, necesidad, proporcionalidad, responsabilidad y no discriminaci\u00f3n, as\u00ed como con la obligaci\u00f3n de proteger y respetar el derecho a la vida.<\/span><span data-ccp-props=\"{&quot;335551550&quot;:6,&quot;335551620&quot;:6}\">\u00a0<\/span><\/li>\n<li><span data-contrast=\"auto\">Garantizar que el perfilamiento racial sea claramente definido y prohibido por ley, e investigar todas las denuncias de perfilamiento racial y procesar los casos en consecuencia.<\/span><span data-ccp-props=\"{&quot;335551550&quot;:6,&quot;335551620&quot;:6}\">\u00a0<\/span><\/li>\n<li><span data-contrast=\"auto\">Garantizar la adecuada rendici\u00f3n de cuentas en todos los casos de uso excesivo de la fuerza y otras violaciones de derechos humanos por parte de agentes de la ley, incluyendo la responsabilidad de superiores y comandantes de operaciones, as\u00ed como la responsabilidad de las agencias policiales como instituciones, y no solo de los oficiales directamente involucrados.<\/span><span data-ccp-props=\"{&quot;335551550&quot;:6,&quot;335551620&quot;:6}\">\u00a0<\/span><\/li>\n<li><span data-contrast=\"auto\">Garantizar el derecho de las v\u00edctimas a reparaciones, particularmente a trav\u00e9s del establecimiento por ley de un mecanismo independiente especializado centrado en las v\u00edctimas, con presupuesto suficiente, dise\u00f1ado espec\u00edficamente para apoyar a individuos y comunidades afectadas.<\/span><span data-ccp-props=\"{&quot;335551550&quot;:6,&quot;335551620&quot;:6}\">\u00a0<\/span><\/li>\n<\/ol>\n","protected":false},"excerpt":{"rendered":"<p>&nbsp; Brasil, 5 de diciembre de 2024 &#8211; Brasil avanza a grandes pasos en la direcci\u00f3n contraria al respeto de los derechos humanos, sobre todo al observar el racismo estructural [&hellip;]<\/p>\n","protected":false},"author":19,"featured_media":19457,"parent":0,"menu_order":0,"comment_status":"closed","ping_status":"closed","template":"","meta":{"_acf_changed":false,"_uf_show_specific_survey":0,"_uf_disable_surveys":false,"footnotes":""},"class_list":["post-19465","page","type-page","status-publish","has-post-thumbnail","hentry"],"acf":[],"aioseo_notices":[],"_links":{"self":[{"href":"https:\/\/raceandequality.org\/es\/wp-json\/wp\/v2\/pages\/19465","targetHints":{"allow":["GET"]}}],"collection":[{"href":"https:\/\/raceandequality.org\/es\/wp-json\/wp\/v2\/pages"}],"about":[{"href":"https:\/\/raceandequality.org\/es\/wp-json\/wp\/v2\/types\/page"}],"author":[{"embeddable":true,"href":"https:\/\/raceandequality.org\/es\/wp-json\/wp\/v2\/users\/19"}],"replies":[{"embeddable":true,"href":"https:\/\/raceandequality.org\/es\/wp-json\/wp\/v2\/comments?post=19465"}],"version-history":[{"count":0,"href":"https:\/\/raceandequality.org\/es\/wp-json\/wp\/v2\/pages\/19465\/revisions"}],"wp:featuredmedia":[{"embeddable":true,"href":"https:\/\/raceandequality.org\/es\/wp-json\/wp\/v2\/media\/19457"}],"wp:attachment":[{"href":"https:\/\/raceandequality.org\/es\/wp-json\/wp\/v2\/media?parent=19465"}],"curies":[{"name":"wp","href":"https:\/\/api.w.org\/{rel}","templated":true}]}}