{"id":14902,"date":"2022-05-10T19:56:31","date_gmt":"2022-05-10T19:56:31","guid":{"rendered":"http:\/\/race01.wp\/afro-descendentes\/"},"modified":"2023-08-09T18:07:35","modified_gmt":"2023-08-09T18:07:35","slug":"afrodescendentes","status":"publish","type":"page","link":"https:\/\/raceandequality.org\/pt-br\/afrodescendentes\/","title":{"rendered":"Afrodescendentes"},"content":{"rendered":"<div class=\"wpb-content-wrapper\"><p>[vc_row full_width=&#8221;stretch_row&#8221; enable_elevation_custom_background_color=&#8221;yes&#8221; el_class=&#8221;text-only-block padding-vertical&#8221;][vc_column offset=&#8221;vc_col-lg-10 vc_col-md-11&#8243;][vc_column_text]A Comiss\u00e3o Econ\u00f3mica das Na\u00e7\u00f5es Unidas para a Am\u00e9rica Latina e Caribe (CEPAL) &#8211; utilizando dados dos Censos de 2020 em toda a Am\u00e9rica Latina &#8211; estima que cerca de 134 milh\u00f5es de pessoas se identificam como afrodescendentes. Isto representa cerca de 20,9% da popula\u00e7\u00e3o total da regi\u00e3o. Embora a popula\u00e7\u00e3o esteja geralmente distribu\u00edda por todo o pa\u00eds e, em alguns pa\u00edses, viva em terras rurais ancestrais, a maioria dos afrodescendentes vive, atualmente, predominantemente em zonas urbanas &#8211; quase 70% em alguns pa\u00edses.<\/p>\n<p>A popula\u00e7\u00e3o afrodescendente na Am\u00e9rica Latina continua a enfrentar o racismo estrutural e a discrimina\u00e7\u00e3o racial, o que leva a uma maior incid\u00eancia de pobreza e pobreza extrema, acesso desigual \u00e0 qualidade da educa\u00e7\u00e3o, desemprego e viol\u00eancia baseada no perfilamento racial, entre outras circunst\u00e2ncias. Al\u00e9m disso, temos de levar em considera\u00e7\u00e3o fatores como a idade, o local de resid\u00eancia, o tipo de defici\u00eancia, o estatuto de imigrante, a orienta\u00e7\u00e3o sexual, o g\u00eanero e a identidade de g\u00eanero &#8211; entre outros &#8211; pois s\u00e3o fatores que causam uma vulnerabilidade ainda maior na mesma popula\u00e7\u00e3o afrodescendente.[\/vc_column_text][\/vc_column][\/vc_row][vc_row full_width=&#8221;stretch_row&#8221; equal_height=&#8221;yes&#8221; content_placement=&#8221;middle&#8221; enable_elevation_custom_background_color=&#8221;yes&#8221; elevation_background_color_type=&#8221;bg-color06-color&#8221; el_class=&#8221;text-only-block padding-vertical&#8221;][vc_column width=&#8221;1\/2&#8243;][vc_column_text]<\/p>\n<h3>O nosso trabalho com as popula\u00e7\u00f5es afrodescendentes<\/h3>\n<p>Ra\u00e7a e Igualdade concentra o seu trabalho nos seguintes objetivos<\/p>\n<ul>\n<li data-gc-list-depth=\"1\" data-gc-list-style=\"bullet\">Promover a necess\u00e1ria incorpora\u00e7\u00e3o da vari\u00e1vel \u00e9tnico-racial (pergunta de auto-reconhecimento afrodescendente) no Censo Nacional da Popula\u00e7\u00e3o dos Pa\u00edses da Am\u00e9rica Latina. Este \u00e9 um elemento chave para conhecer a qualidade de vida da popula\u00e7\u00e3o afrodescendente e para poder gerar solu\u00e7\u00f5es adequadas a estas realidades. Embora alguns Estados j\u00e1 tenham iniciado esta tarefa, ainda existem muitas lacunas na incorpora\u00e7\u00e3o, an\u00e1lise e utiliza\u00e7\u00e3o desta vari\u00e1vel.<\/li>\n<li data-gc-list-depth=\"1\" data-gc-list-style=\"bullet\">Promover a participa\u00e7\u00e3o efetiva das organiza\u00e7\u00f5es e de ativistas da sociedade civil afrodescendente junto da Organiza\u00e7\u00e3o dos Estados Americanos (OEA). Atuamos atrav\u00e9s da promo\u00e7\u00e3o de registros na OEA, promo\u00e7\u00e3o da participa\u00e7\u00e3o na C\u00fapula das Am\u00e9ricas e nas Assembleias Gerais da OEA, da comunica\u00e7\u00e3o permanente com a Relatoria da CIDH sobre os Direitos dos Afrodescendentes e contra a Discrimina\u00e7\u00e3o Racial e na promo\u00e7\u00e3o da ratifica\u00e7\u00e3o e aplica\u00e7\u00e3o efectiva da Conven\u00e7\u00e3o Interamericana contra o Racismo, a Discrimina\u00e7\u00e3o Racial e as Formas Correlatas de Intoler\u00e2ncia (CIRDI). Da mesma forma, apoiar o trabalho da Coaliz\u00e3o Afrodescendente das Am\u00e9ricas, que \u00e9 uma das 31 Coaliz\u00f5es reconhecidas para participar das Assembleias Gerais da OEA.<\/li>\n<li data-gc-list-depth=\"1\" data-gc-list-style=\"bullet\">Advogar perante o Sistema Universal de Prote\u00e7\u00e3o dos Direitos Humanos (UHRS) por meio da participa\u00e7\u00e3o efetiva de nossos parceiros, documentando e testemunhando perante os diferentes comit\u00eas e relatorias que promovem a luta contra o racismo, a discrimina\u00e7\u00e3o racial e a xenofobia, incluindo sua participa\u00e7\u00e3o nos mecanismos criados recentemente, como o F\u00f3rum Permanente sobre Povos Afrodescendentes (PFPAD) e o Mecanismo de Especialistas para Promover a Justi\u00e7a e a Igualdade Racial na Aplica\u00e7\u00e3o da Lei (EMLER).<\/li>\n<li data-gc-list-depth=\"1\" data-gc-list-style=\"bullet\">Destacar a import\u00e2ncia dos v\u00e1rios acordos firmados entre diferentes Estados para promover a igualdade racial, a inclus\u00e3o e os direitos humanos na regi\u00e3o, como o Plano de A\u00e7\u00e3o Conjunta EUA-Brasil para Eliminar a Discrimina\u00e7\u00e3o Racial e \u00c9tnica e Promover a Igualdade (JAPER), o Plano de A\u00e7\u00e3o EUA-Col\u00f4mbia sobre Igualdade Racial e \u00c9tnica (CAPREE) e a Declara\u00e7\u00e3o que estabelece a Parceria Norte-Americana para Igualdade Racial e Justi\u00e7a entre M\u00e9xico, Estados Unidos e Canad\u00e1, que tamb\u00e9m s\u00e3o espa\u00e7os fundamentais para fortalecer o trabalho de nossos parceiros.<\/li>\n<\/ul>\n<p>[\/vc_column_text][\/vc_column][vc_column width=&#8221;1\/2&#8243;][vc_single_image image=&#8221;16882&#8243; img_size=&#8221;full&#8221;][\/vc_column][\/vc_row]<\/p>\n<\/div>","protected":false},"excerpt":{"rendered":"<p>[vc_row full_width=&#8221;stretch_row&#8221; enable_elevation_custom_background_color=&#8221;yes&#8221; el_class=&#8221;text-only-block padding-vertical&#8221;][vc_column offset=&#8221;vc_col-lg-10 vc_col-md-11&#8243;][vc_column_text]A Comiss\u00e3o Econ\u00f3mica das Na\u00e7\u00f5es Unidas para a Am\u00e9rica Latina e Caribe (CEPAL) &#8211; utilizando dados dos Censos de 2020 em toda a Am\u00e9rica [&hellip;]<\/p>\n","protected":false},"author":2,"featured_media":0,"parent":0,"menu_order":0,"comment_status":"closed","ping_status":"closed","template":"page-templates\/no_padding.php","meta":{"_acf_changed":false,"_uf_show_specific_survey":0,"_uf_disable_surveys":false,"footnotes":""},"class_list":["post-14902","page","type-page","status-publish","hentry"],"acf":[],"aioseo_notices":[],"_links":{"self":[{"href":"https:\/\/raceandequality.org\/pt-br\/wp-json\/wp\/v2\/pages\/14902","targetHints":{"allow":["GET"]}}],"collection":[{"href":"https:\/\/raceandequality.org\/pt-br\/wp-json\/wp\/v2\/pages"}],"about":[{"href":"https:\/\/raceandequality.org\/pt-br\/wp-json\/wp\/v2\/types\/page"}],"author":[{"embeddable":true,"href":"https:\/\/raceandequality.org\/pt-br\/wp-json\/wp\/v2\/users\/2"}],"replies":[{"embeddable":true,"href":"https:\/\/raceandequality.org\/pt-br\/wp-json\/wp\/v2\/comments?post=14902"}],"version-history":[{"count":0,"href":"https:\/\/raceandequality.org\/pt-br\/wp-json\/wp\/v2\/pages\/14902\/revisions"}],"wp:attachment":[{"href":"https:\/\/raceandequality.org\/pt-br\/wp-json\/wp\/v2\/media?parent=14902"}],"curies":[{"name":"wp","href":"https:\/\/api.w.org\/{rel}","templated":true}]}}