{"id":14910,"date":"2022-05-10T19:54:11","date_gmt":"2022-05-10T19:54:11","guid":{"rendered":"http:\/\/race01.wp\/reforco-das-capacidades\/"},"modified":"2023-08-04T16:13:13","modified_gmt":"2023-08-04T16:13:13","slug":"desenvolvimento-de-capacidades","status":"publish","type":"page","link":"https:\/\/raceandequality.org\/pt-br\/desenvolvimento-de-capacidades\/","title":{"rendered":"Desenvolvimento de Capacidades"},"content":{"rendered":"<div class=\"wpb-content-wrapper\"><p>[vc_row full_width=&#8221;stretch_row&#8221; enable_elevation_custom_background_color=&#8221;yes&#8221; el_class=&#8221;text-only-block padding-vertical&#8221;][vc_column width=&#8221;1\/2&#8243;][vc_single_image image=&#8221;16939&#8243; img_size=&#8221;full&#8221;][\/vc_column][vc_column width=&#8221;1\/2&#8243;][vc_column_text]Enquanto organiza\u00e7\u00e3o que realiza desenvolvimento de capacidades, em mat\u00e9ria de direitos humanos, reconhecemos a diversidade de n\u00edveis de capacidade jur\u00eddica e de conhecimentos em advocacy das nossas organiza\u00e7\u00f5es parceiras. Assim, o primeiro objetivo dos respons\u00e1veis pelo Programa Jur\u00eddico da Ra\u00e7a e Igualdade \u00e9 refor\u00e7ar essa capacidade, para que a sociedade civil possa utilizar mais eficazmente as prote\u00e7\u00f5es legais dispon\u00edveis atrav\u00e9s dos mecanismos de prote\u00e7\u00e3o dos direitos humanos nas Na\u00e7\u00f5es Unidas e na Organiza\u00e7\u00e3o dos Estados Americanos. Atrav\u00e9s de forma\u00e7\u00e3o especializada direcionada a defensores dos direitos humanos e advogados, a Ra\u00e7a e Igualdade oferece apoio t\u00e9cnico para que os nossos parceiros possam desenvolver as suas compet\u00eancias de advocacy, tornando-os defensores mais fortes para si pr\u00f3prios e para os seus constituintes.<\/p>\n<p>Igualmente, incentivamos os defensores dos direitos humanos a trabalharem em redes regionais para documentar e denunciar padr\u00f5es semelhantes de discrimina\u00e7\u00e3o e viola\u00e7\u00e3o dos direitos humanos com impacto negativo na regi\u00e3o da Am\u00e9rica Latina e do Caribe. Este trabalho \u00e9 particularmente importante na medida em que apoiamos os nossos parceiros nos seus esfor\u00e7os de advocacy junto dos sistemas de prote\u00e7\u00e3o internacionais e regionais, especialmente na prepara\u00e7\u00e3o de relat\u00f3rios sobre direitos humanos.[\/vc_column_text][\/vc_column][\/vc_row]<\/p>\n<\/div>","protected":false},"excerpt":{"rendered":"<p>Fornecer forma\u00e7\u00e3o sobre mecanismos importantes de protec\u00e7\u00e3o dos direitos humanos. Prestar assist\u00eancia t\u00e9cnica na elabora\u00e7\u00e3o de relat\u00f3rios sobre os direitos humanos \u00e0s principais partes interessadas a n\u00edvel regional e internacional.<\/p>\n","protected":false},"author":2,"featured_media":5666,"parent":0,"menu_order":0,"comment_status":"closed","ping_status":"closed","template":"page-templates\/no_padding.php","meta":{"_acf_changed":false,"_uf_show_specific_survey":0,"_uf_disable_surveys":false,"footnotes":""},"class_list":["post-14910","page","type-page","status-publish","has-post-thumbnail","hentry"],"acf":[],"aioseo_notices":[],"_links":{"self":[{"href":"https:\/\/raceandequality.org\/pt-br\/wp-json\/wp\/v2\/pages\/14910","targetHints":{"allow":["GET"]}}],"collection":[{"href":"https:\/\/raceandequality.org\/pt-br\/wp-json\/wp\/v2\/pages"}],"about":[{"href":"https:\/\/raceandequality.org\/pt-br\/wp-json\/wp\/v2\/types\/page"}],"author":[{"embeddable":true,"href":"https:\/\/raceandequality.org\/pt-br\/wp-json\/wp\/v2\/users\/2"}],"replies":[{"embeddable":true,"href":"https:\/\/raceandequality.org\/pt-br\/wp-json\/wp\/v2\/comments?post=14910"}],"version-history":[{"count":0,"href":"https:\/\/raceandequality.org\/pt-br\/wp-json\/wp\/v2\/pages\/14910\/revisions"}],"wp:featuredmedia":[{"embeddable":true,"href":"https:\/\/raceandequality.org\/pt-br\/wp-json\/wp\/v2\/media\/5666"}],"wp:attachment":[{"href":"https:\/\/raceandequality.org\/pt-br\/wp-json\/wp\/v2\/media?parent=14910"}],"curies":[{"name":"wp","href":"https:\/\/api.w.org\/{rel}","templated":true}]}}