{"id":14953,"date":"2022-05-10T19:51:05","date_gmt":"2022-05-10T19:51:05","guid":{"rendered":"https:\/\/racenadequapro.wpengine.com\/doar\/"},"modified":"2023-06-08T03:43:06","modified_gmt":"2023-06-08T03:43:06","slug":"doar","status":"publish","type":"page","link":"https:\/\/raceandequality.org\/pt-br\/doar\/","title":{"rendered":"Doar"},"content":{"rendered":"<div class=\"wpb-content-wrapper\"><p>[vc_row css=&#8221;.vc_custom_1653106303410{padding-top: 50px !important;padding-bottom: 50px !important;}&#8221;][vc_column]<script type=\"text\/javascript\">\n\/* <![CDATA[ *\/\nvar gform;gform||(document.addEventListener(\"gform_main_scripts_loaded\",function(){gform.scriptsLoaded=!0}),document.addEventListener(\"gform\/theme\/scripts_loaded\",function(){gform.themeScriptsLoaded=!0}),window.addEventListener(\"DOMContentLoaded\",function(){gform.domLoaded=!0}),gform={domLoaded:!1,scriptsLoaded:!1,themeScriptsLoaded:!1,isFormEditor:()=>\"function\"==typeof InitializeEditor,callIfLoaded:function(o){return!(!gform.domLoaded||!gform.scriptsLoaded||!gform.themeScriptsLoaded&&!gform.isFormEditor()||(gform.isFormEditor()&&console.warn(\"The use of gform.initializeOnLoaded() is deprecated in the form editor context and will be removed in Gravity Forms 3.1.\"),o(),0))},initializeOnLoaded:function(o){gform.callIfLoaded(o)||(document.addEventListener(\"gform_main_scripts_loaded\",()=>{gform.scriptsLoaded=!0,gform.callIfLoaded(o)}),document.addEventListener(\"gform\/theme\/scripts_loaded\",()=>{gform.themeScriptsLoaded=!0,gform.callIfLoaded(o)}),window.addEventListener(\"DOMContentLoaded\",()=>{gform.domLoaded=!0,gform.callIfLoaded(o)}))},hooks:{action:{},filter:{}},addAction:function(o,r,e,t){gform.addHook(\"action\",o,r,e,t)},addFilter:function(o,r,e,t){gform.addHook(\"filter\",o,r,e,t)},doAction:function(o){gform.doHook(\"action\",o,arguments)},applyFilters:function(o){return gform.doHook(\"filter\",o,arguments)},removeAction:function(o,r){gform.removeHook(\"action\",o,r)},removeFilter:function(o,r,e){gform.removeHook(\"filter\",o,r,e)},addHook:function(o,r,e,t,n){null==gform.hooks[o][r]&&(gform.hooks[o][r]=[]);var d=gform.hooks[o][r];null==n&&(n=r+\"_\"+d.length),gform.hooks[o][r].push({tag:n,callable:e,priority:t=null==t?10:t})},doHook:function(r,o,e){var t;if(e=Array.prototype.slice.call(e,1),null!=gform.hooks[r][o]&&((o=gform.hooks[r][o]).sort(function(o,r){return o.priority-r.priority}),o.forEach(function(o){\"function\"!=typeof(t=o.callable)&&(t=window[t]),\"action\"==r?t.apply(null,e):e[0]=t.apply(null,e)})),\"filter\"==r)return e[0]},removeHook:function(o,r,t,n){var e;null!=gform.hooks[o][r]&&(e=(e=gform.hooks[o][r]).filter(function(o,r,e){return!!(null!=n&&n!=o.tag||null!=t&&t!=o.priority)}),gform.hooks[o][r]=e)}});\n\/* ]]> *\/\n<\/script>\n\n                <div class='gf_browser_gecko gform_wrapper gravity-theme gform-theme--no-framework' data-form-theme='gravity-theme' data-form-index='0' id='gform_wrapper_3' >\n                        <div class='gform_heading'>\n                            <h2 class=\"gform_title\">Doa\u00e7\u00e3o<\/h2>\n                        <\/div><form method='post' enctype='multipart\/form-data'  id='gform_3'  action='\/pt-br\/wp-json\/wp\/v2\/pages\/14953' data-formid='3' novalidate>\n                        <div class='gform-body gform_body'><div id='gform_fields_3' class='gform_fields top_label form_sublabel_below description_below validation_below'><fieldset id=\"field_3_1\" class=\"gfield gfield--type-name gfield_contains_required field_sublabel_below gfield--no-description field_description_below field_validation_below gfield_visibility_visible\"  ><legend class='gfield_label gform-field-label gfield_label_before_complex' >Nome<span class=\"gfield_required\"><span class=\"gfield_required gfield_required_text\">(obrigat\u00f3rio)<\/span><\/span><\/legend><div class='ginput_complex ginput_container ginput_container--name no_prefix has_first_name no_middle_name has_last_name no_suffix gf_name_has_2 ginput_container_name gform-grid-row' id='input_3_1'>\n                            \n                            <span id='input_3_1_3_container' class='name_first gform-grid-col gform-grid-col--size-auto' >\n                                                    <input type='text' name='input_1.3' id='input_3_1_3' value=''   aria-required='true'     \/>\n                                                    <label for='input_3_1_3' class='gform-field-label gform-field-label--type-sub '>Nome<\/label>\n                                                <\/span>\n                            \n                            <span id='input_3_1_6_container' class='name_last gform-grid-col gform-grid-col--size-auto' >\n                                                    <input type='text' name='input_1.6' id='input_3_1_6' value=''   aria-required='true'     \/>\n                                                    <label for='input_3_1_6' class='gform-field-label gform-field-label--type-sub '>Sobrenome<\/label>\n                                                <\/span>\n                            \n                        <\/div><\/fieldset><div id=\"field_3_3\" class=\"gfield gfield--type-email gfield_contains_required field_sublabel_below gfield--no-description field_description_below field_validation_below gfield_visibility_visible\"  ><label class='gfield_label gform-field-label' for='input_3_3'>Email<span class=\"gfield_required\"><span class=\"gfield_required gfield_required_text\">(obrigat\u00f3rio)<\/span><\/span><\/label><div class='ginput_container ginput_container_email'>\n                            <input name='input_3' id='input_3_3' type='email' value='' class='large'    aria-required=\"true\" aria-invalid=\"false\"  \/>\n                        <\/div><\/div><div id=\"field_3_7\" class=\"gfield gfield--type-product gfield--input-type-price gfield--width-full gfield_price gfield_price_3_7 gfield_product_3_7 gfield_contains_required field_sublabel_below gfield--no-description field_description_below field_validation_below gfield_visibility_visible\"  ><label class='gfield_label gform-field-label' for='input_3_7'>Valor da Doa\u00e7\u00e3o<span class=\"gfield_required\"><span class=\"gfield_required gfield_required_text\">(obrigat\u00f3rio)<\/span><\/span><\/label><div class='ginput_container ginput_container_product_price'>\n\t\t\t\t\t<input name='input_7' id='input_3_7' type='text' value='' class='large ginput_amount'   aria-required=\"true\" aria-invalid=\"false\"  \/>\n\t\t\t\t<\/div><\/div><div id=\"field_3_5\" class=\"gfield gfield--type-stripe_creditcard gfield--width-full gfield_contains_required field_sublabel_below gfield--no-description field_description_below field_validation_below gfield_visibility_visible gfield--type-stripe_creditcard-payment-element\"  ><label class='gfield_label gfield_label_before_complex gform-field-label' for='input_3_5_1'>Cart\u00e3o de cr\u00e9dito<span class=\"gfield_required\"><span class=\"gfield_required gfield_required_text\">(obrigat\u00f3rio)<\/span><\/span><\/label><div class='ginput_complex ginput_container ginput_container_creditcard ginput_stripe_creditcard gform-grid-row' id='input_3_5'><div class='ginput_full gform-grid-col' id='input_3_5_1_container' data-payment-element='true'><div id='input_3_5_1' class='StripeElement--payment-element'><\/div><\/div><!-- .ginput_full --><\/div><!-- .ginput_container -->\r\n\t\t\t<style type=\"text\/css\">\r\n\t\t\t\t:root {\r\n  \t\t\t\t\t--link-login-string: \"Link de login\"\r\n\t\t\t\t}\r\n\t\t\t<\/style><\/div><div id=\"field_3_6\" class=\"gfield gfield--type-total gfield--width-full gfield_price gfield_price_3_ gfield_total gfield_total_3_ field_sublabel_below gfield--no-description field_description_below field_validation_below gfield_visibility_visible\"  aria-atomic=\"true\" aria-live=\"polite\" ><label class='gfield_label gform-field-label' for='input_3_6'>Total<\/label><div class='ginput_container ginput_container_total'>\n\t\t\t\t\t\t\t<input type='text' readonly name='input_6' id='input_3_6' value='$0.00' class='gform-text-input-reset ginput_total ginput_total_3' \/>\n\t\t\t\t\t\t<\/div><\/div><div id=\"field_3_4\" class=\"gfield gfield--type-captcha field_sublabel_below gfield--no-description field_description_below hidden_label field_validation_below gfield_visibility_visible\"  ><label class='gfield_label gform-field-label' for='input_3_4'>CAPTCHA<\/label><div id='input_3_4' class='ginput_container ginput_recaptcha' data-sitekey='6LcBywwoAAAAAN2tXcmoJ2hdwinGtjVs5iBQdaOL'  data-theme='light' data-tabindex='-1' data-size='invisible' data-badge='bottomright'><\/div><\/div><\/div><\/div>\n        <div class='gform-footer gform_footer top_label'> <input type='submit' id='gform_submit_button_3' class='gform_button button' onclick='gform.submission.handleButtonClick(this);' data-submission-type='submit' value='Enviar'  \/> \n            <input type='hidden' class='gform_hidden' name='gform_submission_method' data-js='gform_submission_method_3' value='postback' \/>\n            <input type='hidden' class='gform_hidden' name='gform_theme' data-js='gform_theme_3' id='gform_theme_3' value='gravity-theme' \/>\n            <input type='hidden' class='gform_hidden' name='gform_style_settings' data-js='gform_style_settings_3' id='gform_style_settings_3' value='[]' \/>\n            <input type='hidden' class='gform_hidden' name='is_submit_3' value='1' \/>\n            <input type='hidden' class='gform_hidden' name='gform_submit' value='3' \/>\n            \n            <input type='hidden' class='gform_hidden' name='gform_currency' data-currency='USD' value='sj8GR6+a3ylm5OsH3L1lP\/4C6ED6iUvVOOKPZtpWNaFylOnfGa3WHG9lL4KrLYLiLPxsJw2giWY\/ybblC\/ljiIPBwBTjSeoSv0p43kcXAPt6El4=' \/>\n            <input type='hidden' class='gform_hidden' name='gform_unique_id' value='' \/>\n            <input type='hidden' class='gform_hidden' name='state_3' value='WyJbXSIsIjIzNzA1MjVlNDQwYzM0OTdmM2Q0ZTk5MWE1ZWZhNGY2Il0=' \/>\n            <input type='hidden' autocomplete='off' class='gform_hidden' name='gform_target_page_number_3' id='gform_target_page_number_3' value='0' \/>\n            <input type='hidden' autocomplete='off' class='gform_hidden' name='gform_source_page_number_3' id='gform_source_page_number_3' value='1' \/>\n            <input type='hidden' name='gform_field_values' value='' \/>\n            \n        <\/div>\n                        <\/form>\n                        <\/div><script type=\"text\/javascript\">\n\/* <![CDATA[ *\/\n gform.initializeOnLoaded( function() {gformInitSpinner( 3, 'https:\/\/raceandequality.org\/wp-content\/plugins\/gravityforms\/images\/spinner.svg', true );jQuery('#gform_ajax_frame_3').on('load',function(){var contents = jQuery(this).contents().find('*').html();var is_postback = contents.indexOf('GF_AJAX_POSTBACK') >= 0;if(!is_postback){return;}var form_content = jQuery(this).contents().find('#gform_wrapper_3');var is_confirmation = jQuery(this).contents().find('#gform_confirmation_wrapper_3').length > 0;var is_redirect = contents.indexOf('gformRedirect(){') >= 0;var is_form = form_content.length > 0 && ! is_redirect && ! is_confirmation;var mt = parseInt(jQuery('html').css('margin-top'), 10) + parseInt(jQuery('body').css('margin-top'), 10) + 100;if(is_form){jQuery('#gform_wrapper_3').html(form_content.html());if(form_content.hasClass('gform_validation_error')){jQuery('#gform_wrapper_3').addClass('gform_validation_error');} else {jQuery('#gform_wrapper_3').removeClass('gform_validation_error');}setTimeout( function() { \/* delay the scroll by 50 milliseconds to fix a bug in chrome *\/  }, 50 );if(window['gformInitDatepicker']) {gformInitDatepicker();}if(window['gformInitPriceFields']) {gformInitPriceFields();}var current_page = jQuery('#gform_source_page_number_3').val();gformInitSpinner( 3, 'https:\/\/raceandequality.org\/wp-content\/plugins\/gravityforms\/images\/spinner.svg', true );jQuery(document).trigger('gform_page_loaded', [3, current_page]);window['gf_submitting_3'] = false;}else if(!is_redirect){var confirmation_content = jQuery(this).contents().find('.GF_AJAX_POSTBACK').html();if(!confirmation_content){confirmation_content = contents;}jQuery('#gform_wrapper_3').replaceWith(confirmation_content);jQuery(document).trigger('gform_confirmation_loaded', [3]);window['gf_submitting_3'] = false;wp.a11y.speak(jQuery('#gform_confirmation_message_3').text());}else{jQuery('#gform_3').append(contents);if(window['gformRedirect']) {gformRedirect();}}jQuery(document).trigger(\"gform_pre_post_render\", [{ formId: \"3\", currentPage: \"current_page\", abort: function() { this.preventDefault(); } }]);        if (event && event.defaultPrevented) {                return;        }        const gformWrapperDiv = document.getElementById( \"gform_wrapper_3\" );        if ( gformWrapperDiv ) {            const visibilitySpan = document.createElement( \"span\" );            visibilitySpan.id = \"gform_visibility_test_3\";            gformWrapperDiv.insertAdjacentElement( \"afterend\", visibilitySpan );        }        const visibilityTestDiv = document.getElementById( \"gform_visibility_test_3\" );        let postRenderFired = false;        function triggerPostRender() {            if ( postRenderFired ) {                return;            }            postRenderFired = true;            gform.core.triggerPostRenderEvents( 3, current_page );            if ( visibilityTestDiv ) {                visibilityTestDiv.parentNode.removeChild( visibilityTestDiv );            }        }        function debounce( func, wait, immediate ) {            var timeout;            return function() {                var context = this, args = arguments;                var later = function() {                    timeout = null;                    if ( !immediate ) func.apply( context, args );                };                var callNow = immediate && !timeout;                clearTimeout( timeout );                timeout = setTimeout( later, wait );                if ( callNow ) func.apply( context, args );            };        }        const debouncedTriggerPostRender = debounce( function() {            triggerPostRender();        }, 200 );        if ( visibilityTestDiv && visibilityTestDiv.offsetParent === null ) {            const observer = new MutationObserver( ( mutations ) => {                mutations.forEach( ( mutation ) => {                    if ( mutation.type === 'attributes' && visibilityTestDiv.offsetParent !== null ) {                        debouncedTriggerPostRender();                        observer.disconnect();                    }                });            });            observer.observe( document.body, {                attributes: true,                childList: false,                subtree: true,                attributeFilter: [ 'style', 'class' ],            });        } else {            triggerPostRender();        }    } );} ); \n\/* ]]> *\/\n<\/script>\n[\/vc_column][\/vc_row][vc_row full_width=&#8221;stretch_row&#8221; enable_elevation_custom_background_color=&#8221;yes&#8221; el_class=&#8221;text-only-block padding-vertical&#8221;][vc_column offset=&#8221;vc_col-lg-10 vc_col-md-11&#8243;][vc_column_text]O Instituto sobre Ra\u00e7a, Igualdade e Direitos Humanos trabalha com hom\u00f3logos das comunidades afrodescendentes e ind\u00edgenas e do movimento LGBT+ no Brasil, Col\u00f4mbia, Cuba e Peru, bem como com redes regionais afrodescendentes e LGBT+ nas Am\u00e9ricas e uma ampla gama de organiza\u00e7\u00f5es e ativistas individuais em todo o continente para combater a discrimina\u00e7\u00e3o racial e \u00e9tnica e a discrimina\u00e7\u00e3o devido \u00e0 orienta\u00e7\u00e3o sexual e identidade de g\u00eanero. Para tanto, o Instituto fornece a eles as ferramentas necess\u00e1rias para participar do processo decis\u00f3rio pol\u00edtico e defender seus direitos em institui\u00e7\u00f5es regionais e internacionais de direitos humanos no \u00e2mbito da Organiza\u00e7\u00e3o dos Estados Americanos (OEA) e da Organiza\u00e7\u00e3o das Na\u00e7\u00f5es Unidas (ONU).<\/p>\n<p>O Instituto est\u00e1 registrado no Distrito de Columbia como uma organiza\u00e7\u00e3o n\u00e3o-governamental 501(c)(3).<\/p>\n<p>Voc\u00ea pode fazer suas doa\u00e7\u00f5es via cheque enviado para o seguinte endere\u00e7o:<\/p>\n<p>Instituto Internacional de Ra\u00e7a, Igualdade e Direitos Humanos<\/p>\n<p>1620 Eye (I) St, NW, Suite 925<\/p>\n<p>Washington, D.C., 20006<\/p>\n<p>Sua doa\u00e7\u00e3o ao Instituto \u00e9 dedut\u00edvel dentro dos par\u00e2metros estabelecidos pela Receita Federal.[\/vc_column_text][\/vc_column][\/vc_row]<\/p>\n<\/div>","protected":false},"excerpt":{"rendered":"<p>[vc_row css=&#8221;.vc_custom_1653106303410{padding-top: 50px !important;padding-bottom: 50px !important;}&#8221;][vc_column][\/vc_column][\/vc_row][vc_row full_width=&#8221;stretch_row&#8221; enable_elevation_custom_background_color=&#8221;yes&#8221; el_class=&#8221;text-only-block padding-vertical&#8221;][vc_column offset=&#8221;vc_col-lg-10 vc_col-md-11&#8243;][vc_column_text]O Instituto sobre Ra\u00e7a, Igualdade e Direitos Humanos trabalha com hom\u00f3logos das comunidades afrodescendentes e ind\u00edgenas e do movimento [&hellip;]<\/p>\n","protected":false},"author":2,"featured_media":0,"parent":0,"menu_order":0,"comment_status":"closed","ping_status":"closed","template":"page-templates\/no_padding.php","meta":{"_acf_changed":false,"_uf_show_specific_survey":0,"_uf_disable_surveys":false,"footnotes":""},"class_list":["post-14953","page","type-page","status-publish","hentry"],"acf":[],"aioseo_notices":[],"_links":{"self":[{"href":"https:\/\/raceandequality.org\/pt-br\/wp-json\/wp\/v2\/pages\/14953","targetHints":{"allow":["GET"]}}],"collection":[{"href":"https:\/\/raceandequality.org\/pt-br\/wp-json\/wp\/v2\/pages"}],"about":[{"href":"https:\/\/raceandequality.org\/pt-br\/wp-json\/wp\/v2\/types\/page"}],"author":[{"embeddable":true,"href":"https:\/\/raceandequality.org\/pt-br\/wp-json\/wp\/v2\/users\/2"}],"replies":[{"embeddable":true,"href":"https:\/\/raceandequality.org\/pt-br\/wp-json\/wp\/v2\/comments?post=14953"}],"version-history":[{"count":0,"href":"https:\/\/raceandequality.org\/pt-br\/wp-json\/wp\/v2\/pages\/14953\/revisions"}],"wp:attachment":[{"href":"https:\/\/raceandequality.org\/pt-br\/wp-json\/wp\/v2\/media?parent=14953"}],"curies":[{"name":"wp","href":"https:\/\/api.w.org\/{rel}","templated":true}]}}