{"id":14958,"date":"2022-05-10T19:54:32","date_gmt":"2022-05-10T19:54:32","guid":{"rendered":"https:\/\/racenadequapro.wpengine.com\/documentacao-de-direitos-humanos\/"},"modified":"2023-08-08T15:14:14","modified_gmt":"2023-08-08T15:14:14","slug":"documentacao-de-direitos-humanos","status":"publish","type":"page","link":"https:\/\/raceandequality.org\/pt-br\/documentacao-de-direitos-humanos\/","title":{"rendered":"Documenta\u00e7\u00e3o de Direitos Humanos"},"content":{"rendered":"<div class=\"wpb-content-wrapper\"><p>[vc_row full_width=&#8221;stretch_row&#8221; enable_elevation_custom_background_color=&#8221;yes&#8221; el_class=&#8221;text-only-block padding-vertical&#8221;][vc_column width=&#8221;1\/2&#8243;][vc_column_text]A Ra\u00e7a e Igualdade est\u00e1 comprometida em ajudar as organiza\u00e7\u00f5es da sociedade civil (OSCs) da Am\u00e9rica Latina em seus esfor\u00e7os para documentar, denunciar e gerar visibilidade nacional e internacional \u00e0s viola\u00e7\u00f5es de direitos humanos, a fim de promover mudan\u00e7as sustent\u00e1veis. \u00c9 por isso que damos grande \u00eanfase ao fornecimento de assist\u00eancia t\u00e9cnica \u00e0s OSCs e nos seus esfor\u00e7os de apoio \u00e0 produ\u00e7\u00e3o de documenta\u00e7\u00e3o-chave de direitos humanos, como documentos de pol\u00edticas, de relat\u00f3rios alternativos (sombra), assim como insumos para submeter \u00e0s revis\u00f5es peri\u00f3dicas por pa\u00eds dos \u00f3rg\u00e3os de direitos humanos, entre outras an\u00e1lises relevantes em n\u00edvel regional e internacional.<\/p>\n<p>Tamb\u00e9m produzimos rotineiramente an\u00e1lises importantes sobre a situa\u00e7\u00e3o dos direitos humanos em toda a regi\u00e3o, atrav\u00e9s de uma abordagem interseccional das realidades \u00fanicas de cada popula\u00e7\u00e3o. Visite nossa <a href=\"https:\/\/raceandequality.org\/pt-br\/publicacoes\/\">p\u00e1gina de Publica\u00e7\u00f5es<\/a> para acessar nossas documenta\u00e7\u00f5es mais recente.[\/vc_column_text][\/vc_column][vc_column width=&#8221;1\/2&#8243;][vc_single_image image=&#8221;16946&#8243; img_size=&#8221;full&#8221;][\/vc_column][\/vc_row]<\/p>\n<\/div>","protected":false},"excerpt":{"rendered":"<p>Tornar-se um centro de informa\u00e7\u00e3o e engajar-se em debates importantes sobre quest\u00f5es de direitos humanos que afetam comunidades marginalizadas na Am\u00e9rica Latina.<\/p>\n","protected":false},"author":2,"featured_media":5668,"parent":0,"menu_order":0,"comment_status":"closed","ping_status":"closed","template":"page-templates\/no_padding.php","meta":{"_acf_changed":false,"_uf_show_specific_survey":0,"_uf_disable_surveys":false,"footnotes":""},"class_list":["post-14958","page","type-page","status-publish","has-post-thumbnail","hentry"],"acf":[],"aioseo_notices":[],"_links":{"self":[{"href":"https:\/\/raceandequality.org\/pt-br\/wp-json\/wp\/v2\/pages\/14958","targetHints":{"allow":["GET"]}}],"collection":[{"href":"https:\/\/raceandequality.org\/pt-br\/wp-json\/wp\/v2\/pages"}],"about":[{"href":"https:\/\/raceandequality.org\/pt-br\/wp-json\/wp\/v2\/types\/page"}],"author":[{"embeddable":true,"href":"https:\/\/raceandequality.org\/pt-br\/wp-json\/wp\/v2\/users\/2"}],"replies":[{"embeddable":true,"href":"https:\/\/raceandequality.org\/pt-br\/wp-json\/wp\/v2\/comments?post=14958"}],"version-history":[{"count":0,"href":"https:\/\/raceandequality.org\/pt-br\/wp-json\/wp\/v2\/pages\/14958\/revisions"}],"wp:featuredmedia":[{"embeddable":true,"href":"https:\/\/raceandequality.org\/pt-br\/wp-json\/wp\/v2\/media\/5668"}],"wp:attachment":[{"href":"https:\/\/raceandequality.org\/pt-br\/wp-json\/wp\/v2\/media?parent=14958"}],"curies":[{"name":"wp","href":"https:\/\/api.w.org\/{rel}","templated":true}]}}