{"id":14969,"date":"2022-05-10T19:51:56","date_gmt":"2022-05-10T19:51:56","guid":{"rendered":"https:\/\/racenadequapro.wpengine.com\/missao-visao\/"},"modified":"2023-08-08T16:39:53","modified_gmt":"2023-08-08T16:39:53","slug":"missao-e-visao","status":"publish","type":"page","link":"https:\/\/raceandequality.org\/pt-br\/missao-e-visao\/","title":{"rendered":"Miss\u00e3o e Vis\u00e3o"},"content":{"rendered":"<div class=\"wpb-content-wrapper\"><p>[vc_row full_width=&#8221;stretch_row&#8221; equal_height=&#8221;yes&#8221; content_placement=&#8221;middle&#8221; enable_elevation_custom_background_color=&#8221;yes&#8221; elevation_background_color_type=&#8221;bg-color05-color&#8221; el_class=&#8221;text-only-block padding-vertical&#8221;][vc_column width=&#8221;1\/2&#8243;][vc_column_text]<\/p>\n<h3>MISS\u00c3O<\/h3>\n<p>O Instituto sobre Ra\u00e7a, Igualdade e Direitos Humanos contribui para a promo\u00e7\u00e3o e defesa dos direitos humanos por meio de treinamento, assist\u00eancia t\u00e9cnica, advocacy e lit\u00edgio estrat\u00e9gico nos n\u00edveis regional e internacional.[\/vc_column_text][\/vc_column][vc_column width=&#8221;1\/2&#8243;][vc_single_image image=&#8221;6814&#8243; img_size=&#8221;full&#8221;][\/vc_column][\/vc_row][vc_row full_width=&#8221;stretch_row&#8221; equal_height=&#8221;yes&#8221; content_placement=&#8221;middle&#8221; enable_elevation_custom_background_color=&#8221;yes&#8221; el_class=&#8221;text-only-block padding-vertical&#8221;][vc_column width=&#8221;1\/2&#8243;][vc_single_image image=&#8221;6794&#8243; img_size=&#8221;full&#8221;][\/vc_column][vc_column width=&#8221;1\/2&#8243;][vc_column_text]<\/p>\n<h3>VIS\u00c3O<\/h3>\n<p>Nossa vis\u00e3o \u00e9 uma sociedade de igualdade constru\u00edda sobre a Declara\u00e7\u00e3o Universal dos Direitos Humanos, na qual os direitos humanos sejam respeitados sem qualquer tipo de discrimina\u00e7\u00e3o.[\/vc_column_text][\/vc_column][\/vc_row]<\/p>\n<\/div>","protected":false},"excerpt":{"rendered":"<p>[vc_row full_width=&#8221;stretch_row&#8221; equal_height=&#8221;yes&#8221; content_placement=&#8221;middle&#8221; enable_elevation_custom_background_color=&#8221;yes&#8221; elevation_background_color_type=&#8221;bg-color05-color&#8221; el_class=&#8221;text-only-block padding-vertical&#8221;][vc_column width=&#8221;1\/2&#8243;][vc_column_text] MISS\u00c3O O Instituto sobre Ra\u00e7a, Igualdade e Direitos Humanos contribui para a promo\u00e7\u00e3o e defesa dos direitos humanos por meio de [&hellip;]<\/p>\n","protected":false},"author":2,"featured_media":0,"parent":0,"menu_order":0,"comment_status":"closed","ping_status":"closed","template":"","meta":{"_acf_changed":false,"_uf_show_specific_survey":0,"_uf_disable_surveys":false,"footnotes":""},"class_list":["post-14969","page","type-page","status-publish","hentry"],"acf":[],"aioseo_notices":[],"_links":{"self":[{"href":"https:\/\/raceandequality.org\/pt-br\/wp-json\/wp\/v2\/pages\/14969","targetHints":{"allow":["GET"]}}],"collection":[{"href":"https:\/\/raceandequality.org\/pt-br\/wp-json\/wp\/v2\/pages"}],"about":[{"href":"https:\/\/raceandequality.org\/pt-br\/wp-json\/wp\/v2\/types\/page"}],"author":[{"embeddable":true,"href":"https:\/\/raceandequality.org\/pt-br\/wp-json\/wp\/v2\/users\/2"}],"replies":[{"embeddable":true,"href":"https:\/\/raceandequality.org\/pt-br\/wp-json\/wp\/v2\/comments?post=14969"}],"version-history":[{"count":0,"href":"https:\/\/raceandequality.org\/pt-br\/wp-json\/wp\/v2\/pages\/14969\/revisions"}],"wp:attachment":[{"href":"https:\/\/raceandequality.org\/pt-br\/wp-json\/wp\/v2\/media?parent=14969"}],"curies":[{"name":"wp","href":"https:\/\/api.w.org\/{rel}","templated":true}]}}