{"id":14970,"date":"2022-05-10T19:56:47","date_gmt":"2022-05-10T19:56:47","guid":{"rendered":"https:\/\/racenadequapro.wpengine.com\/lgbti\/"},"modified":"2023-08-15T16:41:09","modified_gmt":"2023-08-15T16:41:09","slug":"lgbti","status":"publish","type":"page","link":"https:\/\/raceandequality.org\/pt-br\/lgbti\/","title":{"rendered":"LGBTI+"},"content":{"rendered":"<div class=\"wpb-content-wrapper\"><p>[vc_row full_width=&#8221;stretch_row&#8221; enable_elevation_custom_background_color=&#8221;yes&#8221; el_class=&#8221;text-only-block padding-vertical&#8221;][vc_column offset=&#8221;vc_col-lg-10 vc_col-md-11&#8243;][vc_column_text]<\/p>\n<p class=\"p1\" style=\"text-align: left;\">As pessoas LGBTI+ na Am\u00e9rica Latina enfrentam v\u00e1rios obst\u00e1culos para acessar seus direitos humanos, muitas vezes ligados \u00e0 viol\u00eancia e discrimina\u00e7\u00e3o com base em sua orienta\u00e7\u00e3o sexual, identidade de g\u00eanero ou express\u00e3o. Essas barreiras criam desigualdade entre a popula\u00e7\u00e3o e perpetuam o estigma e o preconceito contra as pessoas LGBTI+. Todos os dias, l\u00e9sbicas, gays, bissexuais, \u00a0transg\u00eaneres (transexuais e travestis) e intersexuais enfrentam obst\u00e1culos limitantes para o exerc\u00edcio de seus direitos fundamentais e sofrem ataques que colocam suas vidas e sua integridade em risco. Apesar dos importantes avan\u00e7os de alguns pa\u00edses no reconhecimento dos direitos das pessoas LGBTI+ &#8211; como o reconhecimento da identidade de g\u00eanero em documentos oficiais ou a igualdade no casamento &#8211; a regi\u00e3o continua atrasada na prote\u00e7\u00e3o dessa popula\u00e7\u00e3o. Dessa forma, pessoas com orienta\u00e7\u00e3o sexual, identidade de g\u00eanero ou express\u00f5es de g\u00eanero diversas enfrentam contextos de risco perigoso em pa\u00edses como o Brasil, que tem o maior n\u00famero de homic\u00eddios contra pessoas trans do mundo.<\/p>\n<p class=\"p1\" style=\"text-align: left;\">Para o trabalho com pessoas LGBTI+, \u00e9 crucial implementar uma abordagem interseccional que reconhe\u00e7a as diversas diferen\u00e7as e experi\u00eancias de vida dentro da popula\u00e7\u00e3o. Fatores como g\u00eanero, ra\u00e7a e\/ou etnia, classe social, disparidades, etc. s\u00e3o essenciais para a compreens\u00e3o das complexidades da sexualidade e da identidade de g\u00eanero.<\/p>\n<p>[\/vc_column_text][\/vc_column][\/vc_row][vc_row full_width=&#8221;stretch_row&#8221; enable_elevation_custom_background_color=&#8221;yes&#8221; elevation_background_color_type=&#8221;bg-color06-color&#8221; el_class=&#8221;text-only-block padding-vertical&#8221;][vc_column width=&#8221;1\/2&#8243;][vc_column_text]<\/p>\n<h3 class=\"p1\"><b>Nosso trabalho com pessoas LGBTI+<\/b><\/h3>\n<p class=\"p1\">Ra\u00e7a e Igualdade tem focado o seu trabalho nos seguintes objectivos<\/p>\n<ul class=\"ul1\">\n<li class=\"li1\">Promover a participa\u00e7\u00e3o efetiva de organiza\u00e7\u00f5es e ativistas da sociedade civil LGBTI+ perante a Organiza\u00e7\u00e3o dos Estados das Am\u00e9ricas (OEA). Para tal articulamos inscri\u00e7\u00f5es no \u00e2mbito da OEA, fomentando a participa\u00e7\u00e3o na C\u00fapula das Am\u00e9ricas da OEA e nas Assembleias Gerais, em permanente comunica\u00e7\u00e3o com a CIDH e suas Relatorias Especiais.<\/li>\n<li class=\"li1\">Promover investiga\u00e7\u00f5es e documenta\u00e7\u00e3o que evidenciem as realidades vividas pelas pessoas LGBTI+, em especial as pessoas afro-LGBTI+, trans e n\u00e3o bin\u00e1ries.<\/li>\n<li class=\"li1\">Promover a participa\u00e7\u00e3o efetiva de organiza\u00e7\u00f5es da sociedade civil LGBTI+ perante as Na\u00e7\u00f5es Unidas. Atuamos atrav\u00e9s de oficinas de capacita\u00e7\u00e3o, promovendo a participa\u00e7\u00e3o durante os processos de revis\u00e3o de pa\u00edses da ONU e estando em comunica\u00e7\u00e3o permanente com os Procedimentos e Comit\u00eas Especiais da ONU.<\/li>\n<\/ul>\n<p>[\/vc_column_text][\/vc_column][vc_column width=&#8221;1\/2&#8243;][vc_single_image image=&#8221;16888&#8243; img_size=&#8221;full&#8221; alignment=&#8221;center&#8221;][\/vc_column][\/vc_row]<\/p>\n<\/div>","protected":false},"excerpt":{"rendered":"<p>[vc_row full_width=&#8221;stretch_row&#8221; enable_elevation_custom_background_color=&#8221;yes&#8221; el_class=&#8221;text-only-block padding-vertical&#8221;][vc_column offset=&#8221;vc_col-lg-10 vc_col-md-11&#8243;][vc_column_text] As pessoas LGBTI+ na Am\u00e9rica Latina enfrentam v\u00e1rios obst\u00e1culos para acessar seus direitos humanos, muitas vezes ligados \u00e0 viol\u00eancia e discrimina\u00e7\u00e3o com base [&hellip;]<\/p>\n","protected":false},"author":2,"featured_media":0,"parent":0,"menu_order":0,"comment_status":"closed","ping_status":"closed","template":"page-templates\/no_padding.php","meta":{"_acf_changed":false,"_uf_show_specific_survey":0,"_uf_disable_surveys":false,"footnotes":""},"class_list":["post-14970","page","type-page","status-publish","hentry"],"acf":[],"aioseo_notices":[],"_links":{"self":[{"href":"https:\/\/raceandequality.org\/pt-br\/wp-json\/wp\/v2\/pages\/14970","targetHints":{"allow":["GET"]}}],"collection":[{"href":"https:\/\/raceandequality.org\/pt-br\/wp-json\/wp\/v2\/pages"}],"about":[{"href":"https:\/\/raceandequality.org\/pt-br\/wp-json\/wp\/v2\/types\/page"}],"author":[{"embeddable":true,"href":"https:\/\/raceandequality.org\/pt-br\/wp-json\/wp\/v2\/users\/2"}],"replies":[{"embeddable":true,"href":"https:\/\/raceandequality.org\/pt-br\/wp-json\/wp\/v2\/comments?post=14970"}],"version-history":[{"count":0,"href":"https:\/\/raceandequality.org\/pt-br\/wp-json\/wp\/v2\/pages\/14970\/revisions"}],"wp:attachment":[{"href":"https:\/\/raceandequality.org\/pt-br\/wp-json\/wp\/v2\/media?parent=14970"}],"curies":[{"name":"wp","href":"https:\/\/api.w.org\/{rel}","templated":true}]}}