{"id":14971,"date":"2022-05-10T19:52:40","date_gmt":"2022-05-10T19:52:40","guid":{"rendered":"https:\/\/racenadequapro.wpengine.com\/nosso-impacto\/"},"modified":"2023-08-08T16:39:23","modified_gmt":"2023-08-08T16:39:23","slug":"nosso-impacto","status":"publish","type":"page","link":"https:\/\/raceandequality.org\/pt-br\/nosso-impacto\/","title":{"rendered":"Nosso Impacto"},"content":{"rendered":"<div class=\"wpb-content-wrapper\"><p>[vc_row full_width=&#8221;stretch_row&#8221; content_placement=&#8221;middle&#8221; enable_elevation_custom_background_color=&#8221;yes&#8221; elevation_background_color_type=&#8221;bg-color06-color&#8221; el_class=&#8221;text-only-block padding-vertical&#8221;][vc_column width=&#8221;1\/2&#8243;][vc_single_image image=&#8221;16930&#8243; img_size=&#8221;full&#8221;][\/vc_column][vc_column width=&#8221;1\/2&#8243;][vc_column_text]Acreditamos que o impacto sustent\u00e1vel de longo prazo \u00e9 alcan\u00e7ado atrav\u00e9s da colabora\u00e7\u00e3o entre a sociedade civil, os Estados e os mecanismos regionais e internacionais. Por meio de nossas parcerias, conseguimos coletivamente garantir resolu\u00e7\u00f5es importantes que chamam a aten\u00e7\u00e3o para a prote\u00e7\u00e3o de indiv\u00edduos e comunidades em situa\u00e7\u00e3o de risco.[\/vc_column_text][\/vc_column][\/vc_row][vc_row full_width=&#8221;stretch_row&#8221; equal_height=&#8221;yes&#8221; content_placement=&#8221;middle&#8221; enable_elevation_custom_background_color=&#8221;yes&#8221; el_class=&#8221;text-only-block padding-vertical&#8221;][vc_column width=&#8221;1\/2&#8243;][vc_column_text]Ao longo dos anos, tamb\u00e9m conduzimos a conversa nas Am\u00e9ricas, o di\u00e1logo sobre a import\u00e2ncia da Conven\u00e7\u00e3o Interamericana contra o Racismo, a Discrimina\u00e7\u00e3o Racial e Formas Correlatas de Intoler\u00e2ncia (CIRDI), aprovada pela Assembleia Geral da Organiza\u00e7\u00e3o dos Estados Americanos (OEA), em Ant\u00edgua, Guatemala, em 2013. No \u00e2mbito da nossa programa\u00e7\u00e3o regional e no \u00e2mbito da <a href=\"https:\/\/www.un.org\/en\/observances\/decade-people-african-descent\" target=\"_blank\" rel=\"noopener noreferrer\" data-gc-link=\"https:\/\/www.un.org\/en\/observances\/decade-people-african-descent\">D\u00e9cada Internacional dos Afrodescendentes (2015-2024)<\/a>, estamos atualmente desenvolvendo a capacita\u00e7\u00e3o das organiza\u00e7\u00f5es afro-latinas e ind\u00edgenas para trabalhar com seus governos e suas delega\u00e7\u00f5es governamentais na OEA para defender a assinatura e ratifica\u00e7\u00e3o da Conven\u00e7\u00e3o pelos Estados. At\u00e9 o momento, seis Estados membros da OEA assinaram e ratificaram a Conven\u00e7\u00e3o \u2013 Ant\u00edgua e Barbuda, Brasil, Costa Rica, Equador, M\u00e9xico e Uruguai.[\/vc_column_text][\/vc_column][vc_column width=&#8221;1\/2&#8243;][vc_single_image image=&#8221;16934&#8243; img_size=&#8221;full&#8221;][\/vc_column][\/vc_row]<\/p>\n<\/div>","protected":false},"excerpt":{"rendered":"<p>[vc_row full_width=&#8221;stretch_row&#8221; content_placement=&#8221;middle&#8221; enable_elevation_custom_background_color=&#8221;yes&#8221; elevation_background_color_type=&#8221;bg-color06-color&#8221; el_class=&#8221;text-only-block padding-vertical&#8221;][vc_column width=&#8221;1\/2&#8243;][vc_single_image image=&#8221;16930&#8243; img_size=&#8221;full&#8221;][\/vc_column][vc_column width=&#8221;1\/2&#8243;][vc_column_text]Acreditamos que o impacto sustent\u00e1vel de longo prazo \u00e9 alcan\u00e7ado atrav\u00e9s da colabora\u00e7\u00e3o entre a sociedade civil, os Estados e [&hellip;]<\/p>\n","protected":false},"author":2,"featured_media":0,"parent":0,"menu_order":0,"comment_status":"closed","ping_status":"closed","template":"","meta":{"_acf_changed":false,"_uf_show_specific_survey":0,"_uf_disable_surveys":false,"footnotes":""},"class_list":["post-14971","page","type-page","status-publish","hentry"],"acf":[],"aioseo_notices":[],"_links":{"self":[{"href":"https:\/\/raceandequality.org\/pt-br\/wp-json\/wp\/v2\/pages\/14971","targetHints":{"allow":["GET"]}}],"collection":[{"href":"https:\/\/raceandequality.org\/pt-br\/wp-json\/wp\/v2\/pages"}],"about":[{"href":"https:\/\/raceandequality.org\/pt-br\/wp-json\/wp\/v2\/types\/page"}],"author":[{"embeddable":true,"href":"https:\/\/raceandequality.org\/pt-br\/wp-json\/wp\/v2\/users\/2"}],"replies":[{"embeddable":true,"href":"https:\/\/raceandequality.org\/pt-br\/wp-json\/wp\/v2\/comments?post=14971"}],"version-history":[{"count":0,"href":"https:\/\/raceandequality.org\/pt-br\/wp-json\/wp\/v2\/pages\/14971\/revisions"}],"wp:attachment":[{"href":"https:\/\/raceandequality.org\/pt-br\/wp-json\/wp\/v2\/media?parent=14971"}],"curies":[{"name":"wp","href":"https:\/\/api.w.org\/{rel}","templated":true}]}}