{"id":14981,"date":"2022-05-10T19:52:26","date_gmt":"2022-05-10T19:52:26","guid":{"rendered":"https:\/\/racenadequapro.wpengine.com\/nossos-parceiros\/"},"modified":"2023-08-04T14:36:24","modified_gmt":"2023-08-04T14:36:24","slug":"nossos-parceiros","status":"publish","type":"page","link":"https:\/\/raceandequality.org\/pt-br\/nossos-parceiros\/","title":{"rendered":"Nossos Parceiros"},"content":{"rendered":"<div class=\"wpb-content-wrapper\"><p>[vc_row][vc_column][vc_tta_accordion active_section=&#8221;1&#8243; collapsible_all=&#8221;true&#8221; title=&#8221;Col\u00f4mbia&#8221;][vc_tta_section title=&#8221;AFRODES&#8221; tab_id=&#8221;1652294534659-7afd7ccb-61cb&#8221;][vc_single_image image=&#8221;5618&#8243; img_size=&#8221;full&#8221; onclick=&#8221;custom_link&#8221; link=&#8221;http:\/\/www.afrodescolombia.org\/&#8221;][vc_icon icon_fontawesome=&#8221;fab fa-twitter&#8221; color=&#8221;custom&#8221; size=&#8221;sm&#8221; custom_color=&#8221;#a52b46&#8243; link=&#8221;url:https%3A%2F%2Ftwitter.com%2FAfrodesColombia%3Fs%3D20|title:%40AfrodesColombia|target:_blank&#8221;][vc_column_text]A Associa\u00e7\u00e3o Nacional de Afro-Colombianos Deslocados, <strong>AFRODES<\/strong> &#8220;A miss\u00e3o \u00e9 estabelecer-se como uma organiza\u00e7\u00e3o que fornece orienta\u00e7\u00e3o, apoio, aconselhamento, assist\u00eancia, treinamentos e di\u00e1logos relacionados \u00e0 defesa dos direitos e da identidade cultural da popula\u00e7\u00e3o afro-colombiana em estado de deslocamento for\u00e7ado, com o objetivo de buscar vidas dignas para seus membros. A AFRODES busca conscientizar o povo colombiano sobre o deslocamento das comunidades negras e recomendar pol\u00edticas ao Estado colombiano para gerir e resolver essa quest\u00e3o.[\/vc_column_text][\/vc_tta_section][vc_tta_section title=&#8221;C.N.O.A.&#8221; tab_id=&#8221;1652294534673-4b241c12-6dfb&#8221;][vc_single_image image=&#8221;5620&#8243; img_size=&#8221;full&#8221; onclick=&#8221;custom_link&#8221; link=&#8221;https:\/\/convergenciacnoa.org\/&#8221;][vc_icon icon_fontawesome=&#8221;fab fa-twitter&#8221; color=&#8221;custom&#8221; size=&#8221;sm&#8221; custom_color=&#8221;#a52b46&#8243; link=&#8221;url:https%3A%2F%2Ftwitter.com%2Fcnoa_afro|target:_blank&#8221;][vc_column_text]A Confer\u00eancia Nacional das Organiza\u00e7\u00f5es Afro-Colombianas (<strong>C.N.O.A<\/strong>) \u00e9 uma organiza\u00e7\u00e3o guarda-chuva nacional composta por mais de 270 organiza\u00e7\u00f5es afrodescendentes. A CNOA trabalha em favor dos direitos humanos do povo afro-colombiano e seus interesses coletivos. Ele ajuda a promover as iniciativas das organiza\u00e7\u00f5es afro-colombianas por meio da capacita\u00e7\u00e3o em incid\u00eancia pol\u00edtica e legislativa, fortalecimento organizacional e comunica\u00e7\u00e3o estrat\u00e9gica em todo o territ\u00f3rio.[\/vc_column_text][\/vc_tta_section][vc_tta_section title=&#8221;Caribe Afirmativo&#8221; tab_id=&#8221;1652294720809-d06e341e-d272&#8243;][vc_single_image image=&#8221;5622&#8243; img_size=&#8221;full&#8221; onclick=&#8221;custom_link&#8221; link=&#8221;https:\/\/caribeafirmativo.lgbt\/&#8221;][vc_icon icon_fontawesome=&#8221;fab fa-twitter&#8221; color=&#8221;custom&#8221; size=&#8221;sm&#8221; link=&#8221;url:https%3A%2F%2Ftwitter.com%2FCaribeafirmativ|target:_blank&#8221; custom_color=&#8221;#a52b46&#8243;][vc_column_text]<strong>O Caribe Afirmativo<\/strong> defende o estabelecimento e o posicionamento de agendas de g\u00eanero e diversidade sexual na regi\u00e3o caribenha da Col\u00f4mbia com o objetivo de obter o reconhecimento dos direitos e o acesso \u00e0 justi\u00e7a para as pessoas LGBTI em um cen\u00e1rio p\u00f3s-conflito. As \u00e1reas focais do Caribe Afirmativo s\u00e3o fortalecer a integra\u00e7\u00e3o social da popula\u00e7\u00e3o LGBTI e formar lideran\u00e7as LGBTI nas agendas pol\u00edticas do ambiente p\u00f3s-conflito; investigar danos causados pelos atores armados; e a realiza\u00e7\u00e3o de planos de a\u00e7\u00f5es afirmativas para garantir o acesso ao sistema de repara\u00e7\u00f5es integrais estabelecido em lei.[\/vc_column_text][\/vc_tta_section][vc_tta_section title=&#8221;GAAT&#8221; tab_id=&#8221;1652295564064-c5696ef2-1fbd&#8221;][vc_single_image image=&#8221;5624&#8243; img_size=&#8221;medium&#8221; onclick=&#8221;custom_link&#8221; link=&#8221;https:\/\/fundaciongaat.org\/&#8221;][vc_icon icon_fontawesome=&#8221;fab fa-twitter&#8221; color=&#8221;custom&#8221; size=&#8221;sm&#8221; link=&#8221;url:https%3A%2F%2Ftwitter.com%2FFundacionGAAT|target:_blank&#8221; custom_color=&#8221;#a52b46&#8243;][vc_column_text]A Funda\u00e7\u00e3o Grupo de Apoio e A\u00e7\u00e3o Trans (<strong>GAAT<\/strong>) \u00e9 uma organiza\u00e7\u00e3o social de base comunit\u00e1ria que trabalha para defender e afirmar os direitos humanos e o pleno exerc\u00edcio da cidadania da popula\u00e7\u00e3o trans e suas redes de apoio em toda a Col\u00f4mbia, em particular realizando advocacy pol\u00edtico e transforma\u00e7\u00f5es sociais e culturais na Col\u00f4mbia em sua capital, Bogot\u00e1. Seu trabalho contribui para o desenvolvimento de sociedades que reconhe\u00e7am a diversidade de g\u00eanero e garantam a plena extens\u00e3o dos direitos das pessoas trans.[\/vc_column_text][\/vc_tta_section][vc_tta_section title=&#8221;Funda\u00e7\u00e3o Afro-Colombiana Arco Iris&#8221; tab_id=&#8221;1652295745114-ca2538d9-3773&#8243;][vc_single_image image=&#8221;5626&#8243; img_size=&#8221;medium&#8221; onclick=&#8221;custom_link&#8221; link=&#8221;http:\/\/fundarcoiris.com.co\/&#8221;][vc_icon icon_fontawesome=&#8221;fab fa-facebook&#8221; color=&#8221;custom&#8221; size=&#8221;sm&#8221; link=&#8221;url:https%3A%2F%2Fwww.facebook.com%2FFundaci%25C3%25B3n-Afrocolombiana-Arco-Iris-1935189256514163%2F|target:_blank&#8221; custom_color=&#8221;#a52b46&#8243;][vc_column_text]A <strong>Funda\u00e7\u00e3o Afro-Colombiana Arco Iris trabalha<\/strong> para desenvolver, promover e proteger os direitos da popula\u00e7\u00e3o LGBT no munic\u00edpio de Tumaco e nos munic\u00edpios costeiros do Departamento de Nari\u00f1o, Col\u00f4mbia. ao planejar, organizar e implementar projetos de promo\u00e7\u00e3o dos direitos LGBT apoiados pela Prefeitura e pelo Governo Departamental e voltados para a sociedade civil (especificamente, em bairros perif\u00e9ricos e espa\u00e7os de encontro para pessoas LGBT) e institui\u00e7\u00f5es de todos os setores, a Funda\u00e7\u00e3o busca promover a aceita\u00e7\u00e3o da diversidade, igualdade e respeito \u00e0 orienta\u00e7\u00e3o sexual e identidade de g\u00eanero de l\u00e9sbicas, gays, transg\u00eaneros, bissexuais e intersexuais.[\/vc_column_text][\/vc_tta_section][vc_tta_section title=&#8221;Somos Identidad&#8221; tab_id=&#8221;1652295916479-11e1a045-b8ec&#8221;][vc_single_image image=&#8221;5628&#8243; img_size=&#8221;full&#8221; onclick=&#8221;custom_link&#8221; link=&#8221;https:\/\/www.somosidentidad.org\/&#8221;][vc_icon icon_fontawesome=&#8221;fab fa-twitter&#8221; color=&#8221;custom&#8221; size=&#8221;sm&#8221; link=&#8221;url:https%3A%2F%2Ftwitter.com%2FSOMOS_IDENTIDAD|target:_blank&#8221; custom_color=&#8221;#a52b46&#8243;][vc_column_text]A Funda\u00e7\u00e3o Afrodescendente para a Diversidade Social e Sexual (<strong>Somos Identidad<\/strong>) \u00e9 uma organiza\u00e7\u00e3o de base comunit\u00e1ria com sede na cidade de Santiago de Cali, Col\u00f4mbia. Por meio de suas tr\u00eas \u00e1reas de atua\u00e7\u00e3o \u2013 \u00e9tnico\/racial, g\u00eanero\/gera\u00e7\u00e3o e diversidade sexual \u2013 o Somos Identidade oferece apoio, orienta\u00e7\u00e3o e acompanhamento a pessoas afrodescendentes que desejam se profissionalizar por meio de a\u00e7\u00f5es afirmativas. At\u00e9 o momento, a Somos Identidad tem 165 alunos ativos em diversas universidades.[\/vc_column_text][\/vc_tta_section][\/vc_tta_accordion][\/vc_column][\/vc_row][vc_row][vc_column][vc_tta_accordion active_section=&#8221;1&#8243; collapsible_all=&#8221;true&#8221; title=&#8221;Brasil&#8221;][vc_tta_section title=&#8221;Criola&#8221; tab_id=&#8221;1652296067458-1e0142d1-687f&#8221;][vc_single_image image=&#8221;5630&#8243; img_size=&#8221;medium&#8221; onclick=&#8221;custom_link&#8221; link=&#8221;https:\/\/criola.org.br\/&#8221;][vc_icon icon_fontawesome=&#8221;fab fa-twitter&#8221; color=&#8221;custom&#8221; size=&#8221;sm&#8221; link=&#8221;url:https%3A%2F%2Ftwitter.com%2FONGCriola|target:_blank&#8221; custom_color=&#8221;#a52b46&#8243;][vc_column_text]<strong>A Criola<\/strong> \u00e9 uma organiza\u00e7\u00e3o da sociedade civil com mais de 25 anos de experi\u00eancia defendendo e promovendo os direitos das mulheres negras. Fundada em 1992, a organiza\u00e7\u00e3o trabalha para construir uma sociedade em que justi\u00e7a, igualdade e solidariedade sejam valores fundamentais. Criola enfrenta o racismo, o machismo, a lesbofobia e a transfobia e, com isso, incentiva o desenvolvimento de a\u00e7\u00f5es voltadas \u00e0 melhoria das condi\u00e7\u00f5es de vida da popula\u00e7\u00e3o negra, em especial das mulheres negras. H\u00e1 quase tr\u00eas d\u00e9cadas, Criola reafirma que a a\u00e7\u00e3o transformadora da mulher negra \u00e9 essencial para o bem-estar de toda a sociedade brasileira.[\/vc_column_text][\/vc_tta_section][vc_tta_section title=&#8221;Rede Afro-LGBT&#8221; tab_id=&#8221;1652296067472-0fa89dcd-2680&#8243;][vc_single_image image=&#8221;5632&#8243; img_size=&#8221;medium&#8221;][vc_icon icon_fontawesome=&#8221;fab fa-twitter&#8221; color=&#8221;custom&#8221; size=&#8221;sm&#8221; link=&#8221;url:https%3A%2F%2Ftwitter.com%2FRedeAfroLGBT|target:_blank&#8221; custom_color=&#8221;#a52b46&#8243;][vc_column_text]A <strong>Rede AFRO<\/strong> LGBT \u00e9 um movimento social regional cujo objetivo \u00e9 promover a cidadania e fortalecer a autoestima entre a comunidade LGBT negra (l\u00e9sbicas, gays, bissexuais, transexuais e intersexuais) lutando contra o racismo e todas as formas de homofobia, al\u00e9m de outros meios de opress\u00e3o e exclus\u00e3o.[\/vc_column_text][\/vc_tta_section][vc_tta_section title=&#8221;Geled\u00e9s&#8221; tab_id=&#8221;1652297024309-6b9d35d6-41d1&#8243;][vc_single_image image=&#8221;5636&#8243; img_size=&#8221;medium&#8221; onclick=&#8221;custom_link&#8221; link=&#8221;https:\/\/www.geledes.org.br\/&#8221;][vc_icon icon_fontawesome=&#8221;fab fa-twitter&#8221; color=&#8221;custom&#8221; size=&#8221;sm&#8221; link=&#8221;url:https%3A%2F%2Ftwitter.com%2Fgeledes%2F|target:_blank&#8221; custom_color=&#8221;#a52b46&#8243;][vc_column_text]<strong>Geled\u00e9s &#8211; Instituto da Mulher Negra<\/strong> foi criado em 30 de abril de 1988. \u00c9 uma organiza\u00e7\u00e3o pol\u00edtica de mulheres negras cuja miss\u00e3o institucional \u00e9 lutar contra o racismo e o machismo. Geled\u00e9s busca consolidar as discuss\u00f5es sobre as quest\u00f5es das mulheres negras como aspectos fundamentais da quest\u00e3o de g\u00eanero mais ampla na sociedade brasileira e promover o debate sobre a necessidade de ado\u00e7\u00e3o de pol\u00edticas p\u00fablicas inclusivas para a efetiva\u00e7\u00e3o do princ\u00edpio da igualdade de oportunidades para todos.[\/vc_column_text][\/vc_tta_section][vc_tta_section title=&#8221;Articula\u00e7\u00e3o de Mulheres Negras Brasileiras&#8221; tab_id=&#8221;1652297131823-f2ae78cc-18f9&#8243;][vc_single_image image=&#8221;5638&#8243; img_size=&#8221;medium&#8221; onclick=&#8221;custom_link&#8221; link=&#8221;https:\/\/amnb.org.br\/&#8221;][vc_icon icon_fontawesome=&#8221;fab fa-facebook&#8221; color=&#8221;custom&#8221; size=&#8221;sm&#8221; link=&#8221;url:https%3A%2F%2Fwww.facebook.com%2Famnboficial%2F|target:_blank&#8221; custom_color=&#8221;#a52b46&#8243;][vc_column_text]<strong>A Articula\u00e7\u00e3o das Organiza\u00e7\u00f5es de Mulheres Negras (AMNB)<\/strong> \u00e9 uma rede de organiza\u00e7\u00f5es de mulheres negras, composta atualmente por 29 organiza\u00e7\u00f5es representativas de todas as regi\u00f5es do Brasil. A miss\u00e3o institucional da AMNB \u00e9 promover a a\u00e7\u00e3o pol\u00edtica coordenada de grupos e organiza\u00e7\u00f5es n\u00e3o-governamentais de mulheres negras brasileiras frente ao racismo, sexismo, opress\u00e3o de classe, lesbofobia e todas as formas de discrimina\u00e7\u00e3o, a fim de contribuir para a transforma\u00e7\u00e3o das rela\u00e7\u00f5es de poder existentes no Brasil.[\/vc_column_text][\/vc_tta_section][\/vc_tta_accordion][\/vc_column][\/vc_row][vc_row][vc_column][vc_tta_accordion active_section=&#8221;1&#8243; collapsible_all=&#8221;true&#8221; title=&#8221;Rep\u00fablica Dominicana&#8221;][vc_tta_section title=&#8221;TRANSSA&#8221; tab_id=&#8221;1652297260759-12ae559a-f9ac&#8221;][vc_single_image image=&#8221;5640&#8243; img_size=&#8221;medium&#8221; onclick=&#8221;custom_link&#8221; link=&#8221;https:\/\/transsa.org\/&#8221;][vc_icon icon_fontawesome=&#8221;fab fa-twitter&#8221; color=&#8221;custom&#8221; size=&#8221;sm&#8221; link=&#8221;url:https%3A%2F%2Ftwitter.com%2FTRANSSA_TransRD|target:_blank&#8221; custom_color=&#8221;#a52b46&#8243;][vc_column_text]<strong>A TRANSSA (Trans Always Friends)<\/strong> \u00e9 uma organiza\u00e7\u00e3o de base comunit\u00e1ria que promove a defesa dos direitos humanos da popula\u00e7\u00e3o transg\u00eanero, come\u00e7ando pela redu\u00e7\u00e3o da discrimina\u00e7\u00e3o contra essa comunidade pela popula\u00e7\u00e3o em geral. A TRANSSA defende a igualdade para a comunidade transg\u00eanero dominicana, promovendo lideran\u00e7a e respeito. \u00c9 um lugar onde pessoas trans podem encontrar apoio e trazer suas queixas e juntos buscar solu\u00e7\u00f5es e tentar alcan\u00e7ar uma melhor qualidade de vida.[\/vc_column_text][\/vc_tta_section][vc_tta_section title=&#8221;MOSCTHA&#8221; tab_id=&#8221;1652297260779-8d90bcfc-4a40&#8243;][vc_single_image image=&#8221;5642&#8243; img_size=&#8221;medium&#8221; onclick=&#8221;custom_link&#8221; link=&#8221;http:\/\/www.mosctha.org\/&#8221;][vc_icon icon_fontawesome=&#8221;fab fa-facebook&#8221; color=&#8221;custom&#8221; size=&#8221;sm&#8221; link=&#8221;url:https%3A%2F%2Fwww.facebook.com%2Fmosctha|target:_blank&#8221; custom_color=&#8221;#a52b46&#8243;][vc_column_text]O Movimento Sociocultural dos Trabalhadores Haitianos (<strong>MOSCTHA)<\/strong> foi fundado em 1985. \u00c9 uma organiza\u00e7\u00e3o sem fins lucrativos cujo principal objetivo \u00e9 implementar programas e projetos abrangentes de desenvolvimento comunit\u00e1rio que contribuam para a melhoria da qualidade de vida e primam pelo respeito aos direitos humanos dos imigrantes haitianos, suas fam\u00edlias e outras popula\u00e7\u00f5es empobrecidas. Atrav\u00e9s da gest\u00e3o e implementa\u00e7\u00e3o de programas na Rep\u00fablica Dominicana e no Haiti, a MOSCTHA oferece \u00e0s comunidades ferramentas, ativos e recursos necess\u00e1rios para um futuro pr\u00f3spero e sustent\u00e1vel.[\/vc_column_text][\/vc_tta_section][\/vc_tta_accordion][\/vc_column][\/vc_row][vc_row][vc_column][vc_tta_accordion active_section=&#8221;1&#8243; collapsible_all=&#8221;true&#8221; title=&#8221;Peru&#8221;][vc_tta_section title=&#8221;CEDEMUNEP&#8221; tab_id=&#8221;1652297670537-fb481572-c14d&#8221;][vc_single_image image=&#8221;5646&#8243; img_size=&#8221;medium&#8221; onclick=&#8221;custom_link&#8221; link=&#8221;https:\/\/cedemunep.blogspot.com\/&#8221;][vc_icon icon_fontawesome=&#8221;fab fa-facebook&#8221; color=&#8221;custom&#8221; size=&#8221;sm&#8221; link=&#8221;url:https%3A%2F%2Fwww.facebook.com%2Fcentro.cedemunep|target:_blank&#8221; custom_color=&#8221;#a52b46&#8243;][vc_column_text]O Centro para o Desenvolvimento da Mulher Negra Peruana (<strong>CEDEMUNEP<\/strong>) \u00e9 uma organiza\u00e7\u00e3o n\u00e3o governamental sem fins lucrativos que busca melhorar as condi\u00e7\u00f5es de vida das mulheres afro-peruanas; luta contra a discrimina\u00e7\u00e3o, a exclus\u00e3o e a marginaliza\u00e7\u00e3o; e promover o respeito e o cumprimento de seus direitos humanos, bem como de suas irm\u00e3s de outros grupos \u00e9tnicos.[\/vc_column_text][\/vc_tta_section][vc_tta_section title=&#8221;Ashanti Peru&#8221; tab_id=&#8221;1652297670555-9bc0896c-301c&#8221;][vc_single_image image=&#8221;5648&#8243; img_size=&#8221;medium&#8221; onclick=&#8221;custom_link&#8221; link=&#8221;https:\/\/ashantiperu.org\/&#8221;][vc_icon icon_fontawesome=&#8221;fab fa-twitter&#8221; color=&#8221;black&#8221; size=&#8221;sm&#8221; link=&#8221;url:https%3A%2F%2Ftwitter.com%2Fashantiperu|target:_blank&#8221;][vc_column_text]<strong>Ashanti Peru<\/strong> \u00e9 uma organiza\u00e7\u00e3o de jovens afrodescendentes que contribui desde 2004 para a cria\u00e7\u00e3o de uma sociedade democr\u00e1tica e justa atrav\u00e9s do reconhecimento dos direitos humanos, da participa\u00e7\u00e3o c\u00edvica e da forma\u00e7\u00e3o de jovens afro-peruanos como l\u00edderes sociais e pol\u00edticos com uma identidade. Ashanti Per\u00fa trabalha para garantir a participa\u00e7\u00e3o ativa da juventude afro-peruana nas esferas de tomada de decis\u00e3o pol\u00edtica, promovendo a visibilidade e a inclus\u00e3o social dos afro-peruanos e outros grupos vulner\u00e1veis. Como tal, especializou-se na forma\u00e7\u00e3o de l\u00edderes sociais e pol\u00edticos, fortalecendo sua capacidade e conhecimento. Trabalha com uma rede nacional de jovens, mulheres e homens afro-peruanos em iniciativas de incid\u00eancia pol\u00edtica, pesquisa e forma\u00e7\u00e3o de identidade afro-peruana, lideran\u00e7a, direitos humanos e igualdade de g\u00eanero, al\u00e9m de promover o di\u00e1logo e a governan\u00e7a democr\u00e1tica.[\/vc_column_text][\/vc_tta_section][\/vc_tta_accordion][\/vc_column][\/vc_row][vc_row][vc_column][vc_tta_accordion active_section=&#8221;1&#8243; collapsible_all=&#8221;true&#8221; title=&#8221;Regional&#8221;][vc_tta_section title=&#8221;Rede de Mulheres Afro-Latinas, Afro-Caribenhas e da Di\u00e1spora&#8221; tab_id=&#8221;1652297928239-9f508dda-685f&#8221;][vc_single_image image=&#8221;5650&#8243; img_size=&#8221;medium&#8221; onclick=&#8221;custom_link&#8221; link=&#8221;http:\/\/www.mujeresafro.org\/&#8221;][vc_icon icon_fontawesome=&#8221;fab fa-twitter&#8221; color=&#8221;custom&#8221; size=&#8221;sm&#8221; link=&#8221;url:https%3A%2F%2Ftwitter.com%2FCumbreAfro|target:_blank&#8221; custom_color=&#8221;#a52b46&#8243;][vc_column_text]A <strong>Rede de Mulheres Afro-Latinas, Afro-Caribenhas e da Di\u00e1spora<\/strong> \u00e9 um espa\u00e7o de coordena\u00e7\u00e3o e empoderamento de mulheres afrodescendentes para a constru\u00e7\u00e3o e reconhecimento de sociedades democr\u00e1ticas, equitativas, justas, multiculturais e livres de racismo, discrimina\u00e7\u00e3o racial, sexismo e exclus\u00e3o, bem como a promo\u00e7\u00e3o de princ\u00edpios transculturais.[\/vc_column_text][\/vc_tta_section][vc_tta_section title=&#8221;Rede Afro-LGBTI da Am\u00e9rica Latina e Caribe&#8221; tab_id=&#8221;1652297928258-b729aa2a-d901&#8243;][vc_single_image image=&#8221;5652&#8243; img_size=&#8221;medium&#8221;][vc_column_text]A <strong>Rede Afro-LGBTI da Am\u00e9rica Latina e Caribe<\/strong> aumenta a visibilidade das viola\u00e7\u00f5es dos direitos humanos das comunidades afro-LGBTI; sensibiliza para permitir a compreens\u00e3o da rela\u00e7\u00e3o entre estas viola\u00e7\u00f5es e a intersec\u00e7\u00e3o entre a diversidade sexual\/racial; defende, a n\u00edvel nacional e internacional, a ado\u00e7\u00e3o de pol\u00edticas p\u00fablicas; lutar pelo direito \u00e0 justi\u00e7a; e contribui para a elimina\u00e7\u00e3o da discrimina\u00e7\u00e3o racial, transfobia e homofobia dentro dos movimentos afrodescendentes e LGBTI. Al\u00e9m disso, a Rede trabalha para fortalecer a articula\u00e7\u00e3o e as articula\u00e7\u00f5es entre os processos organizacionais que defendem o pleno gozo dos direitos humanos dos grupos afro-LGBTI, com a perspectiva de desenvolver a\u00e7\u00f5es de incid\u00eancia pol\u00edtica nacional e internacional para que os Estados regionais adotem pol\u00edticas p\u00fablicas que garantam seus direitos.[\/vc_column_text][\/vc_tta_section][\/vc_tta_accordion][\/vc_column][\/vc_row][vc_row][vc_column][vc_tta_accordion active_section=&#8221;1&#8243; collapsible_all=&#8221;true&#8221; title=&#8221;Am\u00e9rica Central&#8221;][vc_tta_section title=&#8221;ONECA&#8221; tab_id=&#8221;1652298151898-65b8884c-5537&#8243;][vc_single_image image=&#8221;5644&#8243; img_size=&#8221;medium&#8221;][vc_column_text]<strong>A ONECA<\/strong> foi formada em Dangriga, Belize, em 25 de agosto de 1995, como uma organiza\u00e7\u00e3o transfronteiri\u00e7a capaz de aumentar a visibilidade e fortalecer a vida social, pol\u00edtica, econ\u00f4mica, cultural, ambiental e organizacional das comunidades afrodescendentes centro-americanas e dos afrodescendentes centro-americanos que vivem nos Estados Unidos. A ONECA trabalha para promover o desenvolvimento integral dos povos e comunidades afrodescendentes centro-americanos a partir de uma perspectiva de direitos humanos, buscando em todas as suas a\u00e7\u00f5es a unidade na diversidade, igualdade e equidade de g\u00eanero, etnia e ra\u00e7a entre os seres humanos e combater o racismo e a discrimina\u00e7\u00e3o de frente.[\/vc_column_text][\/vc_tta_section][\/vc_tta_accordion][\/vc_column][\/vc_row]<\/p>\n<\/div>","protected":false},"excerpt":{"rendered":"<p>[vc_row][vc_column][vc_tta_accordion active_section=&#8221;1&#8243; collapsible_all=&#8221;true&#8221; title=&#8221;Col\u00f4mbia&#8221;][vc_tta_section title=&#8221;AFRODES&#8221; tab_id=&#8221;1652294534659-7afd7ccb-61cb&#8221;][vc_single_image image=&#8221;5618&#8243; img_size=&#8221;full&#8221; onclick=&#8221;custom_link&#8221; link=&#8221;http:\/\/www.afrodescolombia.org\/&#8221;][vc_icon icon_fontawesome=&#8221;fab fa-twitter&#8221; color=&#8221;custom&#8221; size=&#8221;sm&#8221; custom_color=&#8221;#a52b46&#8243; link=&#8221;url:https%3A%2F%2Ftwitter.com%2FAfrodesColombia%3Fs%3D20|title:%40AfrodesColombia|target:_blank&#8221;][vc_column_text]A Associa\u00e7\u00e3o Nacional de Afro-Colombianos Deslocados, AFRODES &#8220;A miss\u00e3o \u00e9 estabelecer-se como uma organiza\u00e7\u00e3o que [&hellip;]<\/p>\n","protected":false},"author":2,"featured_media":0,"parent":0,"menu_order":0,"comment_status":"closed","ping_status":"closed","template":"","meta":{"_acf_changed":false,"_uf_show_specific_survey":0,"_uf_disable_surveys":false,"footnotes":""},"class_list":["post-14981","page","type-page","status-publish","hentry"],"acf":[],"aioseo_notices":[],"_links":{"self":[{"href":"https:\/\/raceandequality.org\/pt-br\/wp-json\/wp\/v2\/pages\/14981","targetHints":{"allow":["GET"]}}],"collection":[{"href":"https:\/\/raceandequality.org\/pt-br\/wp-json\/wp\/v2\/pages"}],"about":[{"href":"https:\/\/raceandequality.org\/pt-br\/wp-json\/wp\/v2\/types\/page"}],"author":[{"embeddable":true,"href":"https:\/\/raceandequality.org\/pt-br\/wp-json\/wp\/v2\/users\/2"}],"replies":[{"embeddable":true,"href":"https:\/\/raceandequality.org\/pt-br\/wp-json\/wp\/v2\/comments?post=14981"}],"version-history":[{"count":0,"href":"https:\/\/raceandequality.org\/pt-br\/wp-json\/wp\/v2\/pages\/14981\/revisions"}],"wp:attachment":[{"href":"https:\/\/raceandequality.org\/pt-br\/wp-json\/wp\/v2\/media?parent=14981"}],"curies":[{"name":"wp","href":"https:\/\/api.w.org\/{rel}","templated":true}]}}