{"id":14983,"date":"2022-05-10T19:53:31","date_gmt":"2022-05-10T19:53:31","guid":{"rendered":"https:\/\/racenadequapro.wpengine.com\/o-que-fazemos\/"},"modified":"2023-05-30T02:29:29","modified_gmt":"2023-05-30T02:29:29","slug":"o-que-fazemos","status":"publish","type":"page","link":"https:\/\/raceandequality.org\/pt-br\/o-que-fazemos\/","title":{"rendered":"O que fazemos"},"content":{"rendered":"<div class=\"wpb-content-wrapper\"><p>[vc_row full_width=&#8221;stretch_row&#8221; enable_elevation_custom_background_color=&#8221;yes&#8221; el_class=&#8221;text-only-block padding-vertical&#8221;][vc_column offset=&#8221;vc_col-lg-10 vc_col-md-11&#8243;][vc_column_text]<\/p>\n<h2>O que fazemos<\/h2>\n<p>O Instituto Internacional sobre Ra\u00e7a, Igualdade e Direitos Humanos documenta e exp\u00f5e viola\u00e7\u00f5es de direitos humanos e trabalhistas relacionadas \u00e0 discrimina\u00e7\u00e3o racial ou discrimina\u00e7\u00e3o com base na orienta\u00e7\u00e3o sexual e identidade de g\u00eanero; defende a reforma jur\u00eddica e pol\u00edtica a n\u00edvel nacional; utiliza lit\u00edgios estrat\u00e9gicos nos n\u00edveis regional e internacional; e engaja a comunidade internacional em quest\u00f5es cr\u00edticas de direitos humanos, inclusive nas Na\u00e7\u00f5es Unidas e em \u00f3rg\u00e3os regionais.[\/vc_column_text][\/vc_column][\/vc_row]<\/p>\n<\/div>","protected":false},"excerpt":{"rendered":"<p>[vc_row full_width=&#8221;stretch_row&#8221; enable_elevation_custom_background_color=&#8221;yes&#8221; el_class=&#8221;text-only-block padding-vertical&#8221;][vc_column offset=&#8221;vc_col-lg-10 vc_col-md-11&#8243;][vc_column_text] O que fazemos O Instituto Internacional sobre Ra\u00e7a, Igualdade e Direitos Humanos documenta e exp\u00f5e viola\u00e7\u00f5es de direitos humanos e trabalhistas relacionadas \u00e0 [&hellip;]<\/p>\n","protected":false},"author":2,"featured_media":0,"parent":0,"menu_order":0,"comment_status":"closed","ping_status":"closed","template":"page-templates\/no_padding.php","meta":{"_acf_changed":false,"_uf_show_specific_survey":0,"_uf_disable_surveys":false,"footnotes":""},"class_list":["post-14983","page","type-page","status-publish","hentry"],"acf":[],"aioseo_notices":[],"_links":{"self":[{"href":"https:\/\/raceandequality.org\/pt-br\/wp-json\/wp\/v2\/pages\/14983","targetHints":{"allow":["GET"]}}],"collection":[{"href":"https:\/\/raceandequality.org\/pt-br\/wp-json\/wp\/v2\/pages"}],"about":[{"href":"https:\/\/raceandequality.org\/pt-br\/wp-json\/wp\/v2\/types\/page"}],"author":[{"embeddable":true,"href":"https:\/\/raceandequality.org\/pt-br\/wp-json\/wp\/v2\/users\/2"}],"replies":[{"embeddable":true,"href":"https:\/\/raceandequality.org\/pt-br\/wp-json\/wp\/v2\/comments?post=14983"}],"version-history":[{"count":0,"href":"https:\/\/raceandequality.org\/pt-br\/wp-json\/wp\/v2\/pages\/14983\/revisions"}],"wp:attachment":[{"href":"https:\/\/raceandequality.org\/pt-br\/wp-json\/wp\/v2\/media?parent=14983"}],"curies":[{"name":"wp","href":"https:\/\/api.w.org\/{rel}","templated":true}]}}