{"id":14993,"date":"2022-05-10T19:56:58","date_gmt":"2022-05-10T19:56:58","guid":{"rendered":"https:\/\/racenadequapro.wpengine.com\/mulher\/"},"modified":"2023-08-08T15:56:07","modified_gmt":"2023-08-08T15:56:07","slug":"mulheres","status":"publish","type":"page","link":"https:\/\/raceandequality.org\/pt-br\/mulheres\/","title":{"rendered":"Mulheres"},"content":{"rendered":"<div class=\"wpb-content-wrapper\"><p>[vc_row full_width=&#8221;stretch_row&#8221; enable_elevation_custom_background_color=&#8221;yes&#8221; el_class=&#8221;text-only-block padding-vertical&#8221;][vc_column offset=&#8221;vc_col-lg-10 vc_col-md-11&#8243;][vc_column_text]A discrimina\u00e7\u00e3o hist\u00f3rica e estrutural de g\u00eanero contra as mulheres &#8211; enraizada nas sociedades dos pa\u00edses que comp\u00f5em nossa regi\u00e3o- significa que mulheres, meninas e adolescentes ainda enfrentam um contexto de viol\u00eancia e discrimina\u00e7\u00e3o contra elas. Embora n\u00e3o se possa negar que os Estados da regi\u00e3o t\u00eam feito esfor\u00e7os concretos para proteger os direitos das mulheres, estes ainda n\u00e3o s\u00e3o suficientes. De fato, a Comiss\u00e3o Interamericana de Direitos Humanos reconheceu a exist\u00eancia de um contexto de \u201cviol\u00eancia, discrimina\u00e7\u00e3o estrutural e end\u00eamica\u201d que impede mulheres e meninas de acessarem plenamente seus direitos humanos. Especificamente, as mulheres sofrem diariamente atos de viol\u00eancia, tanto direta, como assassinatos, desaparecimentos, ass\u00e9dio e viol\u00eancia sexual, -o que \u00e9 agravado pelos obst\u00e1culos que enfrentam no acesso \u00e0 justi\u00e7a-, quanto indireta. Da mesma forma, as mulheres encontram obst\u00e1culos para acessar educa\u00e7\u00e3o, emprego, servi\u00e7os de sa\u00fade reprodutiva e sexual, entre outros.<\/p>\n<p>A viol\u00eancia indireta \u00e9 agravada pela viol\u00eancia interseccional sofrida por determinados grupos, como \u00e9 o caso das mulheres afrodescendentes que sofrem n\u00e3o s\u00f3 pela viol\u00eancia de g\u00eanero existente no continente, mas tamb\u00e9m por sua identidade e ra\u00e7a.[\/vc_column_text][\/vc_column][\/vc_row][vc_row full_width=&#8221;stretch_row&#8221; equal_height=&#8221;yes&#8221; content_placement=&#8221;middle&#8221; enable_elevation_custom_background_color=&#8221;yes&#8221; elevation_background_color_type=&#8221;bg-color06-color&#8221; el_class=&#8221;text-only-block padding-vertical&#8221;][vc_column width=&#8221;1\/2&#8243;][vc_column_text]<\/p>\n<h3>Nosso trabalho para mulheres<\/h3>\n<p>Ra\u00e7a e Igualdade tem focado o seu trabalho em:<\/p>\n<ul>\n<li>\n<div>Promover a participa\u00e7\u00e3o efetiva de organiza\u00e7\u00f5es e ativistas da sociedade civil de mulheres na Organiza\u00e7\u00e3o dos Estados das Am\u00e9ricas (OEA). Para isso, oferecemos assist\u00eancia e ferramentas para que as mulheres possam acessar os mecanismos concedidos pela OEA, al\u00e9m de promover sua participa\u00e7\u00e3o em \u00e1reas onde possam levantar sua voz e contar sua realidade, seja na C\u00fapula das Am\u00e9ricas e na OEA Assembleias Gerais. Em particular, promovemos o trabalho perante a CIDH e suas Relatorias Especiais.<\/div>\n<\/li>\n<li>Promover a participa\u00e7\u00e3o efetiva de organiza\u00e7\u00f5es da sociedade civil compostas por mulheres e\/ou que trabalham pela prote\u00e7\u00e3o e respeito aos direitos das mulheres perante as Na\u00e7\u00f5es Unidas. Para isso, realizamos treinamentos sobre o Sistema Universal de Direitos Humanos e promovemos sua participa\u00e7\u00e3o em Procedimentos e Comit\u00eas Especiais da ONU. Da mesma forma, os acompanhamos nos processos de revis\u00e3o por pa\u00eds para que possam dar visibilidade \u00e0 sua realidade interagindo com as Na\u00e7\u00f5es Unidas.<\/li>\n<li>Informar a situa\u00e7\u00e3o das mulheres da regi\u00e3o atrav\u00e9s de seus depoimentos.<\/li>\n<li>Promover pesquisas e documenta\u00e7\u00f5es que destaquem as realidades vividas pelas mulheres da regi\u00e3o.<\/li>\n<\/ul>\n<p>[\/vc_column_text][\/vc_column][vc_column width=&#8221;1\/2&#8243;][vc_single_image image=&#8221;15492&#8243; img_size=&#8221;large&#8221;][\/vc_column][\/vc_row]<\/p>\n<\/div>","protected":false},"excerpt":{"rendered":"<p>[vc_row full_width=&#8221;stretch_row&#8221; enable_elevation_custom_background_color=&#8221;yes&#8221; el_class=&#8221;text-only-block padding-vertical&#8221;][vc_column offset=&#8221;vc_col-lg-10 vc_col-md-11&#8243;][vc_column_text]A discrimina\u00e7\u00e3o hist\u00f3rica e estrutural de g\u00eanero contra as mulheres &#8211; enraizada nas sociedades dos pa\u00edses que comp\u00f5em nossa regi\u00e3o- significa que mulheres, meninas [&hellip;]<\/p>\n","protected":false},"author":2,"featured_media":0,"parent":0,"menu_order":0,"comment_status":"closed","ping_status":"closed","template":"page-templates\/no_padding.php","meta":{"_acf_changed":false,"_uf_show_specific_survey":0,"_uf_disable_surveys":false,"footnotes":""},"class_list":["post-14993","page","type-page","status-publish","hentry"],"acf":[],"aioseo_notices":[],"_links":{"self":[{"href":"https:\/\/raceandequality.org\/pt-br\/wp-json\/wp\/v2\/pages\/14993","targetHints":{"allow":["GET"]}}],"collection":[{"href":"https:\/\/raceandequality.org\/pt-br\/wp-json\/wp\/v2\/pages"}],"about":[{"href":"https:\/\/raceandequality.org\/pt-br\/wp-json\/wp\/v2\/types\/page"}],"author":[{"embeddable":true,"href":"https:\/\/raceandequality.org\/pt-br\/wp-json\/wp\/v2\/users\/2"}],"replies":[{"embeddable":true,"href":"https:\/\/raceandequality.org\/pt-br\/wp-json\/wp\/v2\/comments?post=14993"}],"version-history":[{"count":0,"href":"https:\/\/raceandequality.org\/pt-br\/wp-json\/wp\/v2\/pages\/14993\/revisions"}],"wp:attachment":[{"href":"https:\/\/raceandequality.org\/pt-br\/wp-json\/wp\/v2\/media?parent=14993"}],"curies":[{"name":"wp","href":"https:\/\/api.w.org\/{rel}","templated":true}]}}