{"id":14994,"date":"2022-05-10T19:51:27","date_gmt":"2022-05-10T19:51:27","guid":{"rendered":"https:\/\/racenadequapro.wpengine.com\/quem-somos\/"},"modified":"2023-07-28T15:29:59","modified_gmt":"2023-07-28T15:29:59","slug":"quem-somos","status":"publish","type":"page","link":"https:\/\/raceandequality.org\/pt-br\/quem-somos\/","title":{"rendered":"Quem Somos"},"content":{"rendered":"<div class=\"wpb-content-wrapper\"><p>[vc_row equal_height=&#8221;yes&#8221; content_placement=&#8221;middle&#8221; el_class=&#8221;text-photo-block&#8221;][vc_column width=&#8221;1\/2&#8243; el_class=&#8221;side-image&#8221; offset=&#8221;vc_col-lg-offset-0 vc_col-lg-6 vc_col-md-6&#8243;][vc_column_text]<\/p>\n<h3>Somos uma equipe diversificada de advogados, pesquisadores, jornalistas e especialistas em direitos humanos. Somos todos defensores dos direitos humanos.<\/h3>\n<p>O Instituto Internacional de Ra\u00e7a, Igualdade e Direitos Humanos \u00e9 uma organiza\u00e7\u00e3o n\u00e3o-governamental internacional que trabalha com organiza\u00e7\u00f5es parceiras e ativistas na Am\u00e9rica Latina para promover e proteger os direitos humanos de popula\u00e7\u00f5es em condi\u00e7\u00f5es marginalizadas, seja por sua origem nacional ou \u00e9tnica, sua orienta\u00e7\u00e3o sexual ou identidade de g\u00eanero. Fortalecemos as organiza\u00e7\u00f5es de base para que se tornem atores pol\u00edticos e promovam mudan\u00e7as estruturais nos pa\u00edses onde atuamos. Nossa metodologia \u00e9 baseada em treinamento t\u00e9cnico, documenta\u00e7\u00e3o de viola\u00e7\u00f5es de direitos humanos e trabalho de advocacy em n\u00edvel nacional e internacional para alcan\u00e7ar mudan\u00e7as estruturais sustent\u00e1veis.[\/vc_column_text][vc_btn title=&#8221;Miss\u00e3o &amp; Vis\u00e3o&#8221; style=&#8221;- btn-2 txt-color03 arrow-color05&#8243; shape=&#8221;square&#8221; color=&#8221;white&#8221; link=&#8221;url:http%3A%2F%2Fracenadequapro.wpengine.com%2Fmission-vision%2F|title:Miss%C3%A3o%20%26amp%3B%20Vis%C3%A3o|&#8221;][vc_btn title=&#8221;Nossa Abordagem&#8221; style=&#8221;- btn-2 txt-color03 arrow-color05&#8243; shape=&#8221;square&#8221; color=&#8221;white&#8221; link=&#8221;url:http%3A%2F%2Fracenadequapro.wpengine.com%2Four-approach%2F|title:Nossa%20Abordagem|&#8221;][vc_btn title=&#8221;Nossos Parceiros&#8221; style=&#8221;- btn-2 txt-color03 arrow-color05&#8243; shape=&#8221;square&#8221; color=&#8221;white&#8221; link=&#8221;url:http%3A%2F%2Fracenadequapro.wpengine.com%2Four-partners%2F|title:Nossos%20Parceiros|&#8221;][vc_btn title=&#8221;Nossa Equipe&#8221; style=&#8221;- btn-2 txt-color03 arrow-color05&#8243; shape=&#8221;square&#8221; color=&#8221;white&#8221; link=&#8221;url:http%3A%2F%2Fracenadequapro.wpengine.com%2Four-team%2F|title:Nossa%20Equipe|&#8221;][vc_btn title=&#8221;Nosso Impacto&#8221; style=&#8221;- btn-2 txt-color03 arrow-color05&#8243; shape=&#8221;square&#8221; color=&#8221;white&#8221; link=&#8221;url:http%3A%2F%2Fracenadequapro.wpengine.com%2Four-impact%2F|title:Nosso%20Impacto|&#8221;][\/vc_column][vc_column width=&#8221;1\/2&#8243; offset=&#8221;vc_col-lg-offset-1 vc_col-lg-5 vc_col-md-6&#8243; el_class=&#8221;side-text&#8221;][vc_single_image image=&#8221;16925&#8243; img_size=&#8221;large&#8221;][\/vc_column][\/vc_row]<\/p>\n<\/div>","protected":false},"excerpt":{"rendered":"<p>[vc_row equal_height=&#8221;yes&#8221; content_placement=&#8221;middle&#8221; el_class=&#8221;text-photo-block&#8221;][vc_column width=&#8221;1\/2&#8243; el_class=&#8221;side-image&#8221; offset=&#8221;vc_col-lg-offset-0 vc_col-lg-6 vc_col-md-6&#8243;][vc_column_text] Somos uma equipe diversificada de advogados, pesquisadores, jornalistas e especialistas em direitos humanos. Somos todos defensores dos direitos humanos. O Instituto [&hellip;]<\/p>\n","protected":false},"author":2,"featured_media":0,"parent":0,"menu_order":0,"comment_status":"closed","ping_status":"closed","template":"","meta":{"_acf_changed":false,"_uf_show_specific_survey":0,"_uf_disable_surveys":false,"footnotes":""},"class_list":["post-14994","page","type-page","status-publish","hentry"],"acf":[],"aioseo_notices":[],"_links":{"self":[{"href":"https:\/\/raceandequality.org\/pt-br\/wp-json\/wp\/v2\/pages\/14994","targetHints":{"allow":["GET"]}}],"collection":[{"href":"https:\/\/raceandequality.org\/pt-br\/wp-json\/wp\/v2\/pages"}],"about":[{"href":"https:\/\/raceandequality.org\/pt-br\/wp-json\/wp\/v2\/types\/page"}],"author":[{"embeddable":true,"href":"https:\/\/raceandequality.org\/pt-br\/wp-json\/wp\/v2\/users\/2"}],"replies":[{"embeddable":true,"href":"https:\/\/raceandequality.org\/pt-br\/wp-json\/wp\/v2\/comments?post=14994"}],"version-history":[{"count":0,"href":"https:\/\/raceandequality.org\/pt-br\/wp-json\/wp\/v2\/pages\/14994\/revisions"}],"wp:attachment":[{"href":"https:\/\/raceandequality.org\/pt-br\/wp-json\/wp\/v2\/media?parent=14994"}],"curies":[{"name":"wp","href":"https:\/\/api.w.org\/{rel}","templated":true}]}}