{"id":17128,"date":"2023-07-26T18:13:04","date_gmt":"2023-07-26T18:13:04","guid":{"rendered":"https:\/\/racenadequapro.wpengine.com\/povos-indigenas\/"},"modified":"2023-08-08T15:50:27","modified_gmt":"2023-08-08T15:50:27","slug":"povos-indigenas","status":"publish","type":"page","link":"https:\/\/raceandequality.org\/pt-br\/povos-indigenas\/","title":{"rendered":"Povos Ind\u00edgenas"},"content":{"rendered":"<div class=\"wpb-content-wrapper\"><p>[vc_row full_width=&#8221;stretch_row&#8221; enable_elevation_custom_background_color=&#8221;yes&#8221; el_class=&#8221;text-only-block padding-vertical&#8221;][vc_column offset=&#8221;vc_col-lg-10 vc_col-md-11&#8243;][vc_column_text]Segundo dados da Organiza\u00e7\u00e3o Internacional do Trabalho (OIT), na Am\u00e9rica Latina existem cerca de 55 milh\u00f5es de ind\u00edgenas, o equivalente a 8.5% da popula\u00e7\u00e3o em n\u00edvel regional; sendo M\u00e9xico, Guatemala, Peru e Bol\u00edvia os pa\u00edses onde se encontra 80% dessa popula\u00e7\u00e3o.<\/p>\n<p>Os povos ind\u00edgenas t\u00eam sido historicamente marginalizados e discriminados na regi\u00e3o, o que levou a uma grave viola\u00e7\u00e3o de seus direitos humanos. A discrimina\u00e7\u00e3o estrutural enfrentada pela popula\u00e7\u00e3o ind\u00edgena se manifesta em altos n\u00edveis de pobreza e na precariza\u00e7\u00e3o do acesso a servi\u00e7os b\u00e1sicos; incluindo educa\u00e7\u00e3o, \u00e1gua e moradia, o que se soma ao desrespeito e invas\u00e3o de seus territ\u00f3rios em condi\u00e7\u00f5es de extrema viol\u00eancia e, em muitos casos, em impunidade.[\/vc_column_text][\/vc_column][\/vc_row][vc_row full_width=&#8221;stretch_row&#8221; equal_height=&#8221;yes&#8221; content_placement=&#8221;middle&#8221; enable_elevation_custom_background_color=&#8221;yes&#8221; elevation_background_color_type=&#8221;bg-color06-color&#8221; el_class=&#8221;text-only-block padding-vertical&#8221;][vc_column width=&#8221;1\/2&#8243;][vc_column_text]<\/p>\n<h3>Nosso trabalho com os povos ind\u00edgenas<\/h3>\n<p>Ra\u00e7a e Igualdade concentra seu trabalho em:<\/p>\n<ul>\n<li>Promover a incorpora\u00e7\u00e3o da vari\u00e1vel \u00e9tnico-racial nos censos populacionais nacionais dos pa\u00edses da Am\u00e9rica Latina. Isso representa um elemento essencial para conhecer a qualidade de vida dos povos ind\u00edgenas.<\/li>\n<li>Promover a participa\u00e7\u00e3o efetiva dos povos ind\u00edgenas nas atividades da Organiza\u00e7\u00e3o dos Estados Americanos (OEA) e de seus diversos \u00f3rg\u00e3os, incluindo a Assembleia Geral da OEA, a C\u00fapula das Am\u00e9ricas e a Comiss\u00e3o Interamericana de Direitos Humanos, especialmente a Relatoria dos Direitos dos Povos Ind\u00edgenas.<\/li>\n<li>Buscar a efetiva ratifica\u00e7\u00e3o e implementa\u00e7\u00e3o da Conven\u00e7\u00e3o Interamericana contra o Racismo, a Discrimina\u00e7\u00e3o Racial e Formas Conexas de Intoler\u00e2ncia (CIRDI)<\/li>\n<li>Nas Na\u00e7\u00f5es Unidas, procuramos influenciar os Procedimentos Especiais, incluindo o F\u00f3rum Permanente das Na\u00e7\u00f5es Unidas sobre Quest\u00f5es Ind\u00edgenas e o Mecanismo de Especialistas sobre os Direitos dos Povos Ind\u00edgenas, bem como \u00f3rg\u00e3os de tratados como o Comit\u00ea contra a Discrimina\u00e7\u00e3o Racial (CERD).<\/li>\n<\/ul>\n<p>[\/vc_column_text][\/vc_column][vc_column width=&#8221;1\/2&#8243;][vc_single_image image=&#8221;16901&#8243; img_size=&#8221;full&#8221;][\/vc_column][\/vc_row]<\/p>\n<\/div>","protected":false},"excerpt":{"rendered":"<p>[vc_row full_width=&#8221;stretch_row&#8221; enable_elevation_custom_background_color=&#8221;yes&#8221; el_class=&#8221;text-only-block padding-vertical&#8221;][vc_column offset=&#8221;vc_col-lg-10 vc_col-md-11&#8243;][vc_column_text]Segundo dados da Organiza\u00e7\u00e3o Internacional do Trabalho (OIT), na Am\u00e9rica Latina existem cerca de 55 milh\u00f5es de ind\u00edgenas, o equivalente a 8.5% da popula\u00e7\u00e3o [&hellip;]<\/p>\n","protected":false},"author":15,"featured_media":0,"parent":0,"menu_order":0,"comment_status":"closed","ping_status":"closed","template":"page-templates\/no_padding.php","meta":{"_acf_changed":false,"_uf_show_specific_survey":0,"_uf_disable_surveys":false,"footnotes":""},"class_list":["post-17128","page","type-page","status-publish","hentry"],"acf":[],"aioseo_notices":[],"_links":{"self":[{"href":"https:\/\/raceandequality.org\/pt-br\/wp-json\/wp\/v2\/pages\/17128","targetHints":{"allow":["GET"]}}],"collection":[{"href":"https:\/\/raceandequality.org\/pt-br\/wp-json\/wp\/v2\/pages"}],"about":[{"href":"https:\/\/raceandequality.org\/pt-br\/wp-json\/wp\/v2\/types\/page"}],"author":[{"embeddable":true,"href":"https:\/\/raceandequality.org\/pt-br\/wp-json\/wp\/v2\/users\/15"}],"replies":[{"embeddable":true,"href":"https:\/\/raceandequality.org\/pt-br\/wp-json\/wp\/v2\/comments?post=17128"}],"version-history":[{"count":0,"href":"https:\/\/raceandequality.org\/pt-br\/wp-json\/wp\/v2\/pages\/17128\/revisions"}],"wp:attachment":[{"href":"https:\/\/raceandequality.org\/pt-br\/wp-json\/wp\/v2\/media?parent=17128"}],"curies":[{"name":"wp","href":"https:\/\/api.w.org\/{rel}","templated":true}]}}